{"id":219,"date":"2023-04-04T23:10:59","date_gmt":"2023-04-04T23:10:59","guid":{"rendered":"https:\/\/saharatoursluxurycamp.com\/es\/?page_id=219"},"modified":"2023-05-03T01:42:00","modified_gmt":"2023-05-03T01:42:00","slug":"contacto","status":"publish","type":"page","link":"https:\/\/saharatoursluxurycamp.com\/es\/contacto\/","title":{"rendered":"Contacto"},"content":{"rendered":"\t\t<div data-elementor-type=\"wp-page\" data-elementor-id=\"219\" class=\"elementor elementor-219\">\n\t\t\t\t\t\t<section class=\"elementor-section elementor-top-section elementor-element elementor-element-33f5c893 elementor-section-boxed elementor-section-height-default elementor-section-height-default\" data-id=\"33f5c893\" data-element_type=\"section\" data-settings=\"{&quot;background_background&quot;:&quot;classic&quot;}\">\n\t\t\t\t\t\t\t<div class=\"elementor-background-overlay\"><\/div>\n\t\t\t\t\t\t\t<div class=\"elementor-container elementor-column-gap-default\">\n\t\t\t\t\t<div class=\"elementor-column elementor-col-100 elementor-top-column elementor-element elementor-element-23378301\" data-id=\"23378301\" data-element_type=\"column\">\n\t\t\t<div class=\"elementor-widget-wrap elementor-element-populated\">\n\t\t\t\t\t\t<div class=\"elementor-element elementor-element-7c560a2d elementor-widget elementor-widget-elementskit-heading\" data-id=\"7c560a2d\" data-element_type=\"widget\" data-widget_type=\"elementskit-heading.default\">\n\t\t\t\t<div class=\"elementor-widget-container\">\n\t\t\t<div class=\"ekit-wid-con\" ><div class=\"ekit-heading elementskit-section-title-wraper text_center   ekit_heading_tablet-   ekit_heading_mobile-\"><h3 class=\"ekit-heading--title elementskit-section-title \">Contacto<\/h3><\/div><\/div>\t\t<\/div>\n\t\t\t\t<\/div>\n\t\t\t\t\t<\/div>\n\t\t<\/div>\n\t\t\t\t\t<\/div>\n\t\t<\/section>\n\t\t\t\t<section class=\"elementor-section elementor-top-section elementor-element elementor-element-660ed7a3 elementor-section-boxed elementor-section-height-default elementor-section-height-default\" data-id=\"660ed7a3\" data-element_type=\"section\">\n\t\t\t\t\t\t<div class=\"elementor-container elementor-column-gap-default\">\n\t\t\t\t\t<div class=\"elementor-column elementor-col-100 elementor-top-column elementor-element elementor-element-6be197e8\" data-id=\"6be197e8\" data-element_type=\"column\">\n\t\t\t<div class=\"elementor-widget-wrap elementor-element-populated\">\n\t\t\t\t\t\t<section class=\"elementor-section elementor-inner-section elementor-element elementor-element-43886ccf elementor-section-boxed elementor-section-height-default elementor-section-height-default\" data-id=\"43886ccf\" data-element_type=\"section\" data-settings=\"{&quot;background_background&quot;:&quot;classic&quot;}\">\n\t\t\t\t\t\t<div class=\"elementor-container elementor-column-gap-default\">\n\t\t\t\t\t<div class=\"elementor-column elementor-col-33 elementor-inner-column elementor-element elementor-element-54dd41a0 elementor-invisible\" data-id=\"54dd41a0\" data-element_type=\"column\" data-settings=\"{&quot;animation&quot;:&quot;fadeInUp&quot;}\">\n\t\t\t<div class=\"elementor-widget-wrap elementor-element-populated\">\n\t\t\t\t\t\t<div class=\"elementor-element elementor-element-4ff24c04 ekit-equal-height-disable elementor-widget elementor-widget-elementskit-icon-box\" data-id=\"4ff24c04\" data-element_type=\"widget\" data-widget_type=\"elementskit-icon-box.default\">\n\t\t\t\t<div class=\"elementor-widget-container\">\n\t\t\t<div class=\"ekit-wid-con\" >        <!-- link opening -->\n                <a href=\"#\" class=\"ekit_global_links\">\n                <!-- end link opening -->\n\n        <div class=\"elementskit-infobox text-center text- icon-top-align elementor-animation-   \">\n                    <div class=\"elementskit-box-header elementor-animation-\">\n                <div class=\"elementskit-info-box-icon  \">\n                    <i aria-hidden=\"true\" class=\"elementkit-infobox-icon fas fa-phone-alt\"><\/i>\n                <\/div>\n          <\/div>\n                        <div class=\"box-body\">\n                            <h3 class=\"elementskit-info-box-title\">\n                    Phone                <\/h3>\n                        \t\t  <p> +212 662 169 905<\/p>\n                                <\/div>\n        \n        \n                <\/div>\n                <\/a>\n        <\/div>\t\t<\/div>\n\t\t\t\t<\/div>\n\t\t\t\t\t<\/div>\n\t\t<\/div>\n\t\t\t\t<div class=\"elementor-column elementor-col-33 elementor-inner-column elementor-element elementor-element-93e7f26 elementor-invisible\" data-id=\"93e7f26\" data-element_type=\"column\" data-settings=\"{&quot;animation&quot;:&quot;fadeInUp&quot;}\">\n\t\t\t<div class=\"elementor-widget-wrap elementor-element-populated\">\n\t\t\t\t\t\t<div class=\"elementor-element elementor-element-289628cc ekit-equal-height-disable elementor-widget elementor-widget-elementskit-icon-box\" data-id=\"289628cc\" data-element_type=\"widget\" data-widget_type=\"elementskit-icon-box.default\">\n\t\t\t\t<div class=\"elementor-widget-container\">\n\t\t\t<div class=\"ekit-wid-con\" >        <!-- link opening -->\n                <a href=\"#\" class=\"ekit_global_links\">\n                <!-- end link opening -->\n\n        <div class=\"elementskit-infobox text-center text- icon-top-align elementor-animation-   \">\n                    <div class=\"elementskit-box-header elementor-animation-\">\n                <div class=\"elementskit-info-box-icon  \">\n                    <i aria-hidden=\"true\" class=\"elementkit-infobox-icon fas fa-envelope\"><\/i>\n                <\/div>\n          <\/div>\n                        <div class=\"box-body\">\n                            <h3 class=\"elementskit-info-box-title\">\n                    E-mail                <\/h3>\n                        \t\t  <p> 2magicmoroccotours@gmail.com<\/p>\n                                <\/div>\n        \n        \n                <\/div>\n                <\/a>\n        <\/div>\t\t<\/div>\n\t\t\t\t<\/div>\n\t\t\t\t\t<\/div>\n\t\t<\/div>\n\t\t\t\t<div class=\"elementor-column elementor-col-33 elementor-inner-column elementor-element elementor-element-6b88e735 elementor-invisible\" data-id=\"6b88e735\" data-element_type=\"column\" data-settings=\"{&quot;animation&quot;:&quot;fadeInUp&quot;}\">\n\t\t\t<div class=\"elementor-widget-wrap elementor-element-populated\">\n\t\t\t\t\t\t<div class=\"elementor-element elementor-element-491d536b ekit-equal-height-disable elementor-widget elementor-widget-elementskit-icon-box\" data-id=\"491d536b\" data-element_type=\"widget\" data-widget_type=\"elementskit-icon-box.default\">\n\t\t\t\t<div class=\"elementor-widget-container\">\n\t\t\t<div class=\"ekit-wid-con\" >        <!-- link opening -->\n                <a href=\"#\" class=\"ekit_global_links\">\n                <!-- end link opening -->\n\n        <div class=\"elementskit-infobox text-center text- icon-top-align elementor-animation-   \">\n                    <div class=\"elementskit-box-header elementor-animation-\">\n                <div class=\"elementskit-info-box-icon  \">\n                    <i aria-hidden=\"true\" class=\"elementkit-infobox-icon fas fa-home\"><\/i>\n                <\/div>\n          <\/div>\n                        <div class=\"box-body\">\n                            <h3 class=\"elementskit-info-box-title\">\n                    Address                <\/h3>\n                        \t\t  <p>Marrakech 40000, Morocco<\/p>\n                                <\/div>\n        \n        \n                <\/div>\n                <\/a>\n        <\/div>\t\t<\/div>\n\t\t\t\t<\/div>\n\t\t\t\t\t<\/div>\n\t\t<\/div>\n\t\t\t\t\t<\/div>\n\t\t<\/section>\n\t\t\t\t\t<\/div>\n\t\t<\/div>\n\t\t\t\t\t<\/div>\n\t\t<\/section>\n\t\t\t\t<section class=\"elementor-section elementor-top-section elementor-element elementor-element-1e97f885 elementor-section-boxed elementor-section-height-default elementor-section-height-default\" data-id=\"1e97f885\" data-element_type=\"section\">\n\t\t\t\t\t\t<div class=\"elementor-container elementor-column-gap-default\">\n\t\t\t\t\t<div class=\"elementor-column elementor-col-100 elementor-top-column elementor-element elementor-element-45ae882f\" data-id=\"45ae882f\" data-element_type=\"column\">\n\t\t\t<div class=\"elementor-widget-wrap elementor-element-populated\">\n\t\t\t\t\t\t<section class=\"elementor-section elementor-inner-section elementor-element elementor-element-47eb7e12 elementor-section-boxed elementor-section-height-default elementor-section-height-default\" data-id=\"47eb7e12\" data-element_type=\"section\">\n\t\t\t\t\t\t<div class=\"elementor-container elementor-column-gap-default\">\n\t\t\t\t\t<div class=\"elementor-column elementor-col-50 elementor-inner-column elementor-element elementor-element-57a1041c\" data-id=\"57a1041c\" data-element_type=\"column\">\n\t\t\t<div class=\"elementor-widget-wrap elementor-element-populated\">\n\t\t\t\t\t\t<div class=\"elementor-element elementor-element-b0677cd elementor-widget elementor-widget-heading\" data-id=\"b0677cd\" data-element_type=\"widget\" data-widget_type=\"heading.default\">\n\t\t\t\t<div class=\"elementor-widget-container\">\n\t\t\t<h2 class=\"elementor-heading-title elementor-size-default\">Env\u00ede su mensaje<\/h2>\t\t<\/div>\n\t\t\t\t<\/div>\n\t\t\t\t<div class=\"elementor-element elementor-element-dccec5a elementor-widget elementor-widget-text-editor\" data-id=\"dccec5a\" data-element_type=\"widget\" data-widget_type=\"text-editor.default\">\n\t\t\t\t<div class=\"elementor-widget-container\">\n\t\t\t\t\t\t\t\n<div class=\"wpcf7 no-js\" id=\"wpcf7-f464-o1\" lang=\"en-US\" dir=\"ltr\" data-wpcf7-id=\"464\">\n<div class=\"screen-reader-response\"><p role=\"status\" aria-live=\"polite\" aria-atomic=\"true\"><\/p> <ul><\/ul><\/div>\n<form action=\"\/es\/wp-json\/wp\/v2\/pages\/219#wpcf7-f464-o1\" method=\"post\" class=\"wpcf7-form init\" aria-label=\"Contact form\" novalidate=\"novalidate\" data-status=\"init\">\n<div style=\"display: none;\">\n<input type=\"hidden\" name=\"_wpcf7\" value=\"464\" \/>\n<input type=\"hidden\" name=\"_wpcf7_version\" value=\"6.0\" \/>\n<input type=\"hidden\" name=\"_wpcf7_locale\" value=\"en_US\" \/>\n<input type=\"hidden\" name=\"_wpcf7_unit_tag\" value=\"wpcf7-f464-o1\" \/>\n<input type=\"hidden\" name=\"_wpcf7_container_post\" value=\"0\" \/>\n<input type=\"hidden\" name=\"_wpcf7_posted_data_hash\" value=\"\" \/>\n<\/div>\n<p><label> Your name<br \/>\n<span class=\"wpcf7-form-control-wrap\" data-name=\"your-name\"><input size=\"40\" maxlength=\"400\" class=\"wpcf7-form-control wpcf7-text wpcf7-validates-as-required\" autocomplete=\"name\" aria-required=\"true\" aria-invalid=\"false\" value=\"\" type=\"text\" name=\"your-name\" \/><\/span> <\/label>\n<\/p>\n<p><label> Your email<br \/>\n<span class=\"wpcf7-form-control-wrap\" data-name=\"your-email\"><input size=\"40\" maxlength=\"400\" class=\"wpcf7-form-control wpcf7-email wpcf7-validates-as-required wpcf7-text wpcf7-validates-as-email\" autocomplete=\"email\" aria-required=\"true\" aria-invalid=\"false\" value=\"\" type=\"email\" name=\"your-email\" \/><\/span> <\/label>\n<\/p>\n<p><label> Subject<br \/>\n<span class=\"wpcf7-form-control-wrap\" data-name=\"your-subject\"><input size=\"40\" maxlength=\"400\" class=\"wpcf7-form-control wpcf7-text wpcf7-validates-as-required\" aria-required=\"true\" aria-invalid=\"false\" value=\"\" type=\"text\" name=\"your-subject\" \/><\/span> <\/label>\n<\/p>\n<p><label> Your message (optional)<br \/>\n<span class=\"wpcf7-form-control-wrap\" data-name=\"your-message\"><textarea cols=\"40\" rows=\"10\" maxlength=\"2000\" class=\"wpcf7-form-control wpcf7-textarea\" aria-invalid=\"false\" name=\"your-message\"><\/textarea><\/span> <\/label>\n<\/p>\n<p><input class=\"wpcf7-form-control wpcf7-submit has-spinner\" type=\"submit\" value=\"Submit\" \/>\n<\/p><div class=\"wpcf7-response-output\" aria-hidden=\"true\"><\/div>\n<\/form>\n<\/div>\n\t\t\t\t\t\t<\/div>\n\t\t\t\t<\/div>\n\t\t\t\t\t<\/div>\n\t\t<\/div>\n\t\t\t\t<div class=\"elementor-column elementor-col-50 elementor-inner-column elementor-element elementor-element-2d8b2203\" data-id=\"2d8b2203\" data-element_type=\"column\">\n\t\t\t<div class=\"elementor-widget-wrap elementor-element-populated\">\n\t\t\t\t\t\t<div class=\"elementor-element elementor-element-8319c96 elementor-widget elementor-widget-google_maps\" data-id=\"8319c96\" data-element_type=\"widget\" data-widget_type=\"google_maps.default\">\n\t\t\t\t<div class=\"elementor-widget-container\">\n\t\t\t\t\t<div class=\"elementor-custom-embed\">\n\t\t\t<iframe loading=\"lazy\"\n\t\t\t\t\tsrc=\"https:\/\/maps.google.com\/maps?q=marrakech&#038;t=m&#038;z=10&#038;output=embed&#038;iwloc=near\"\n\t\t\t\t\ttitle=\"marrakech\"\n\t\t\t\t\taria-label=\"marrakech\"\n\t\t\t><\/iframe>\n\t\t<\/div>\n\t\t\t\t<\/div>\n\t\t\t\t<\/div>\n\t\t\t\t\t<\/div>\n\t\t<\/div>\n\t\t\t\t\t<\/div>\n\t\t<\/section>\n\t\t\t\t\t<\/div>\n\t\t<\/div>\n\t\t\t\t\t<\/div>\n\t\t<\/section>\n\t\t\t\t<\/div>\n\t\t","protected":false},"excerpt":{"rendered":"<p>Contacto Phone +212 662 169 905 E-mail 2magicmoroccotours@gmail.com Address Marrakech 40000, Morocco &nbsp; Env\u00ede su mensaje<\/p>\n","protected":false},"author":1,"featured_media":0,"parent":0,"menu_order":0,"comment_status":"closed","ping_status":"closed","template":"elementor_header_footer","meta":{"footnotes":""},"class_list":["post-219","page","type-page","status-publish","hentry"],"yoast_head":"<!-- This site is optimized with the Yoast SEO Premium plugin v19.0 (Yoast SEO v22.7) - https:\/\/yoast.com\/wordpress\/plugins\/seo\/ -->\n<title>Contacto<\/title>\n<meta name=\"description\" content=\"P\u00f3ngase en contacto con nosotros para obtener m\u00e1s informaci\u00f3n o para reservar su viaje en nuestro sitio web, Sahara Tours Luxury Camp. Nuestro...\" \/>\n<meta name=\"robots\" content=\"index, follow, max-snippet:-1, max-image-preview:large, max-video-preview:-1\" \/>\n<link rel=\"canonical\" href=\"https:\/\/saharatoursluxurycamp.com\/es\/contacto\/\" \/>\n<meta property=\"og:locale\" content=\"es_ES\" \/>\n<meta property=\"og:type\" content=\"article\" \/>\n<meta property=\"og:title\" content=\"Contacto\" \/>\n<meta property=\"og:description\" content=\"P\u00f3ngase en contacto con nosotros para obtener m\u00e1s informaci\u00f3n o para reservar su viaje en nuestro sitio web, Sahara Tours Luxury Camp. Nuestro...\" \/>\n<meta property=\"og:url\" content=\"https:\/\/saharatoursluxurycamp.com\/es\/contacto\/\" \/>\n<meta property=\"og:site_name\" content=\"Sahara Tours Luxury Camp\" \/>\n<meta property=\"article:modified_time\" content=\"2023-05-03T01:42:00+00:00\" \/>\n<meta name=\"twitter:card\" content=\"summary_large_image\" \/>\n<meta name=\"twitter:label1\" content=\"Tiempo de lectura\" \/>\n\t<meta name=\"twitter:data1\" content=\"1 minuto\" \/>\n<script type=\"application\/ld+json\" class=\"yoast-schema-graph\">{\"@context\":\"https:\/\/schema.org\",\"@graph\":[{\"@type\":\"WebPage\",\"@id\":\"https:\/\/saharatoursluxurycamp.com\/es\/contacto\/\",\"url\":\"https:\/\/saharatoursluxurycamp.com\/es\/contacto\/\",\"name\":\"Contacto\",\"isPartOf\":{\"@id\":\"https:\/\/saharatoursluxurycamp.com\/es\/#website\"},\"datePublished\":\"2023-04-04T23:10:59+00:00\",\"dateModified\":\"2023-05-03T01:42:00+00:00\",\"description\":\"P\u00f3ngase en contacto con nosotros para obtener m\u00e1s informaci\u00f3n o para reservar su viaje en nuestro sitio web, Sahara Tours Luxury Camp. Nuestro...\",\"breadcrumb\":{\"@id\":\"https:\/\/saharatoursluxurycamp.com\/es\/contacto\/#breadcrumb\"},\"inLanguage\":\"es\",\"potentialAction\":[{\"@type\":\"ReadAction\",\"target\":[\"https:\/\/saharatoursluxurycamp.com\/es\/contacto\/\"]}]},{\"@type\":\"BreadcrumbList\",\"@id\":\"https:\/\/saharatoursluxurycamp.com\/es\/contacto\/#breadcrumb\",\"itemListElement\":[{\"@type\":\"ListItem\",\"position\":1,\"name\":\"Home\",\"item\":\"https:\/\/saharatoursluxurycamp.com\/es\/\"},{\"@type\":\"ListItem\",\"position\":2,\"name\":\"Contacto\"}]},{\"@type\":\"WebSite\",\"@id\":\"https:\/\/saharatoursluxurycamp.com\/es\/#website\",\"url\":\"https:\/\/saharatoursluxurycamp.com\/es\/\",\"name\":\"Sahara Tours Luxury Camp\",\"description\":\"Morocco Desert Tours - Tours &amp; Excursions in Morocco\",\"publisher\":{\"@id\":\"https:\/\/saharatoursluxurycamp.com\/es\/#organization\"},\"potentialAction\":[{\"@type\":\"SearchAction\",\"target\":{\"@type\":\"EntryPoint\",\"urlTemplate\":\"https:\/\/saharatoursluxurycamp.com\/es\/?s={search_term_string}\"},\"query-input\":\"required name=search_term_string\"}],\"inLanguage\":\"es\"},{\"@type\":\"Organization\",\"@id\":\"https:\/\/saharatoursluxurycamp.com\/es\/#organization\",\"name\":\"Sahara Tours Luxury Camp\",\"url\":\"https:\/\/saharatoursluxurycamp.com\/es\/\",\"logo\":{\"@type\":\"ImageObject\",\"inLanguage\":\"es\",\"@id\":\"https:\/\/saharatoursluxurycamp.com\/es\/#\/schema\/logo\/image\/\",\"url\":\"https:\/\/saharatoursluxurycamp.com\/es\/wp-content\/uploads\/2023\/03\/logo.png\",\"contentUrl\":\"https:\/\/saharatoursluxurycamp.com\/es\/wp-content\/uploads\/2023\/03\/logo.png\",\"width\":768,\"height\":284,\"caption\":\"Sahara Tours Luxury Camp\"},\"image\":{\"@id\":\"https:\/\/saharatoursluxurycamp.com\/es\/#\/schema\/logo\/image\/\"}}]}<\/script>\n<!-- \/ Yoast SEO Premium plugin. -->","yoast_head_json":{"title":"Contacto","description":"P\u00f3ngase en contacto con nosotros para obtener m\u00e1s informaci\u00f3n o para reservar su viaje en nuestro sitio web, Sahara Tours Luxury Camp. Nuestro...","robots":{"index":"index","follow":"follow","max-snippet":"max-snippet:-1","max-image-preview":"max-image-preview:large","max-video-preview":"max-video-preview:-1"},"canonical":"https:\/\/saharatoursluxurycamp.com\/es\/contacto\/","og_locale":"es_ES","og_type":"article","og_title":"Contacto","og_description":"P\u00f3ngase en contacto con nosotros para obtener m\u00e1s informaci\u00f3n o para reservar su viaje en nuestro sitio web, Sahara Tours Luxury Camp. Nuestro...","og_url":"https:\/\/saharatoursluxurycamp.com\/es\/contacto\/","og_site_name":"Sahara Tours Luxury Camp","article_modified_time":"2023-05-03T01:42:00+00:00","twitter_card":"summary_large_image","twitter_misc":{"Tiempo de lectura":"1 minuto"},"schema":{"@context":"https:\/\/schema.org","@graph":[{"@type":"WebPage","@id":"https:\/\/saharatoursluxurycamp.com\/es\/contacto\/","url":"https:\/\/saharatoursluxurycamp.com\/es\/contacto\/","name":"Contacto","isPartOf":{"@id":"https:\/\/saharatoursluxurycamp.com\/es\/#website"},"datePublished":"2023-04-04T23:10:59+00:00","dateModified":"2023-05-03T01:42:00+00:00","description":"P\u00f3ngase en contacto con nosotros para obtener m\u00e1s informaci\u00f3n o para reservar su viaje en nuestro sitio web, Sahara Tours Luxury Camp. Nuestro...","breadcrumb":{"@id":"https:\/\/saharatoursluxurycamp.com\/es\/contacto\/#breadcrumb"},"inLanguage":"es","potentialAction":[{"@type":"ReadAction","target":["https:\/\/saharatoursluxurycamp.com\/es\/contacto\/"]}]},{"@type":"BreadcrumbList","@id":"https:\/\/saharatoursluxurycamp.com\/es\/contacto\/#breadcrumb","itemListElement":[{"@type":"ListItem","position":1,"name":"Home","item":"https:\/\/saharatoursluxurycamp.com\/es\/"},{"@type":"ListItem","position":2,"name":"Contacto"}]},{"@type":"WebSite","@id":"https:\/\/saharatoursluxurycamp.com\/es\/#website","url":"https:\/\/saharatoursluxurycamp.com\/es\/","name":"Sahara Tours Luxury Camp","description":"Morocco Desert Tours - Tours &amp; Excursions in Morocco","publisher":{"@id":"https:\/\/saharatoursluxurycamp.com\/es\/#organization"},"potentialAction":[{"@type":"SearchAction","target":{"@type":"EntryPoint","urlTemplate":"https:\/\/saharatoursluxurycamp.com\/es\/?s={search_term_string}"},"query-input":"required name=search_term_string"}],"inLanguage":"es"},{"@type":"Organization","@id":"https:\/\/saharatoursluxurycamp.com\/es\/#organization","name":"Sahara Tours Luxury Camp","url":"https:\/\/saharatoursluxurycamp.com\/es\/","logo":{"@type":"ImageObject","inLanguage":"es","@id":"https:\/\/saharatoursluxurycamp.com\/es\/#\/schema\/logo\/image\/","url":"https:\/\/saharatoursluxurycamp.com\/es\/wp-content\/uploads\/2023\/03\/logo.png","contentUrl":"https:\/\/saharatoursluxurycamp.com\/es\/wp-content\/uploads\/2023\/03\/logo.png","width":768,"height":284,"caption":"Sahara Tours Luxury Camp"},"image":{"@id":"https:\/\/saharatoursluxurycamp.com\/es\/#\/schema\/logo\/image\/"}}]}},"_links":{"self":[{"href":"https:\/\/saharatoursluxurycamp.com\/es\/wp-json\/wp\/v2\/pages\/219","targetHints":{"allow":["GET"]}}],"collection":[{"href":"https:\/\/saharatoursluxurycamp.com\/es\/wp-json\/wp\/v2\/pages"}],"about":[{"href":"https:\/\/saharatoursluxurycamp.com\/es\/wp-json\/wp\/v2\/types\/page"}],"author":[{"embeddable":true,"href":"https:\/\/saharatoursluxurycamp.com\/es\/wp-json\/wp\/v2\/users\/1"}],"replies":[{"embeddable":true,"href":"https:\/\/saharatoursluxurycamp.com\/es\/wp-json\/wp\/v2\/comments?post=219"}],"version-history":[{"count":36,"href":"https:\/\/saharatoursluxurycamp.com\/es\/wp-json\/wp\/v2\/pages\/219\/revisions"}],"predecessor-version":[{"id":693,"href":"https:\/\/saharatoursluxurycamp.com\/es\/wp-json\/wp\/v2\/pages\/219\/revisions\/693"}],"wp:attachment":[{"href":"https:\/\/saharatoursluxurycamp.com\/es\/wp-json\/wp\/v2\/media?parent=219"}],"curies":[{"name":"wp","href":"https:\/\/api.w.org\/{rel}","templated":true}]}}