{"id":213,"date":"2023-04-04T23:09:10","date_gmt":"2023-04-04T23:09:10","guid":{"rendered":"https:\/\/saharatoursluxurycamp.com\/es\/?page_id=213"},"modified":"2023-05-03T01:23:01","modified_gmt":"2023-05-03T01:23:01","slug":"8-dias-desde-tanger-para-descubrir-la-belleza-de-marruecos","status":"publish","type":"page","link":"https:\/\/saharatoursluxurycamp.com\/es\/8-dias-desde-tanger-para-descubrir-la-belleza-de-marruecos\/","title":{"rendered":"8 d\u00edas desde T\u00e1nger para descubrir la belleza de Marruecos"},"content":{"rendered":"<div class=\"group w-full text-gray-800 dark:text-gray-100 border-b border-black\/10 dark:border-gray-900\/50 bg-gray-50 dark:bg-[#444654] sm:AIPRM__conversation__response\">\n<div class=\"text-base gap-4 md:gap-6 md:max-w-2xl lg:max-w-xl xl:max-w-3xl p-4 md:py-6 flex lg:px-0 m-auto\">\n<div class=\"relative flex w-[calc(100%-50px)] flex-col gap-1 md:gap-3 lg:w-[calc(100%-115px)]\">\n<div class=\"flex flex-grow flex-col gap-3\">\n<div class=\"min-h-[20px] flex flex-col items-start gap-4 whitespace-pre-wrap\">\n<div class=\"markdown prose w-full break-words dark:prose-invert light AIPRM__conversation__response\">\n<h4><strong>D\u00eda 1: Llegada a T\u00e1nger<\/strong><\/h4>\n<p>Llegada al aeropuerto o puerto de T\u00e1nger, donde nuestro gu\u00eda local te estar\u00e1 esperando. Traslado al hotel y cena de bienvenida. Alojamiento en T\u00e1nger.<\/p>\n<h4><strong>D\u00eda 2: T\u00e1nger &#8211; Tetu\u00e1n &#8211; Chefchaouen<\/strong><\/h4>\n<p>Despu\u00e9s del desayuno, visita panor\u00e1mica de T\u00e1nger, incluyendo la Medina, la Cueva de H\u00e9rcules y el Cabo Espartel. Luego, salida hacia Tetu\u00e1n, donde realizaremos una breve visita a la ciudad. Continuamos hacia Chefchaouen, la pintoresca ciudad azul de Marruecos. Cena y alojamiento en Chefchaouen.<\/p>\n<h4><strong>D\u00eda 3: Chefchaouen &#8211; Volubilis &#8211; Meknes &#8211; Fez<\/strong><\/h4>\n<p>Salida hacia las ruinas romanas de Volubilis, declaradas Patrimonio de la Humanidad por la UNESCO. Luego, visita a Meknes, una de las cuatro ciudades imperiales de Marruecos. Visita a la plaza El Hedim, las murallas y el Mausoleo de Moulay Ismail. Finalmente, llegamos a Fez. Cena y alojamiento en Fez.<\/p>\n<h4><strong>D\u00eda 4: Fez<\/strong><\/h4>\n<p>D\u00eda completo para explorar la fascinante ciudad de Fez. Visita a la Medina, la universidad de Al Quaraouiyine, la fuente Nejjarine y el mausoleo de Moulay Idriss II. Tarde libre para disfrutar del ambiente de la ciudad. Cena y alojamiento en Fez.<\/p>\n<h4><strong>D\u00eda 5: Fez &#8211; Ifrane &#8211; Beni Mellal &#8211; Marrakech<\/strong><\/h4>\n<p>Salida hacia Marrakech, pasando por la ciudad de Ifrane, conocida como la \u00abSuiza de Marruecos\u00bb. Continuamos hacia Beni Mellal, donde pararemos para almorzar. Llegada a Marrakech por la tarde. Cena y alojamiento en Marrakech.<\/p>\n<h4><strong>D\u00eda 6: <a href=\"https:\/\/saharatoursluxurycamp.com\/es\/4-dias-desde-marrakech-a-fez-via-el-desierto-de-merzouga\/\">Marrakech<\/a><\/strong><\/h4>\n<p>D\u00eda completo para explorar Marrakech. Visita a la mezquita Koutoubia, los jardines de la Menara, el Palacio de la Bah\u00eda y la plaza Jemaa el-Fna. Tarde libre para explorar el zoco y sus alrededores. Cena y alojamiento en Marrakech.<\/p>\n<h4><strong>D\u00eda 7: Marrakech &#8211; Casablanca &#8211; Rabat<\/strong><\/h4>\n<p>Despu\u00e9s del desayuno, salida hacia Casablanca. Visita a la mezquita de Hassan II, la tercera m\u00e1s grande del mundo. Continuamos hacia Rabat, la capital de Marruecos. Visita al Mausoleo de Mohammed V, la Torre Hassan y la Kasbah de los Oudayas. Cena y alojamiento en Rabat.<\/p>\n<h4><strong>D\u00eda 8: Rabat &#8211; T\u00e1nger<\/strong><\/h4>\n<p>Desayuno en el hotel y salida hacia T\u00e1nger. Llegada y traslado al aeropuerto o puerto para tomar el vuelo o barco de regreso a casa. Fin del tour de 8 d\u00edas para descubrir la belleza de Marruecos desde T\u00e1nger.<\/p>\n<p>Este itinerario de 8 d\u00edas desde T\u00e1nger te permitir\u00e1 descubrir la belleza y diversidad de Marruecos, desde las monta\u00f1as del Rif hasta las ciudades imperiales y la encantadora Marrakech. Disfruta de la hospitalidad marroqu\u00ed y sum\u00e9rgete en la magia de este fascinante destino, conociendo su rica historia, cultura y tradiciones.<\/p>\n<\/div>\n<\/div>\n<\/div>\n<\/div>\n<\/div>\n<\/div>\n<div class=\"group w-full text-gray-800 dark:text-gray-100 border-b border-black\/10 dark:border-gray-900\/50 bg-gray-50 dark:bg-[#444654] sm:AIPRM__conversation__response\">\n<div class=\"text-base gap-4 md:gap-6 md:max-w-2xl lg:max-w-xl xl:max-w-3xl p-4 md:py-6 flex lg:px-0 m-auto\">\n<div class=\"relative flex w-[calc(100%-50px)] flex-col gap-1 md:gap-3 lg:w-[calc(100%-115px)]\">\n<div class=\"flex flex-grow flex-col gap-3\">\n<div class=\"min-h-[20px] flex flex-col items-start gap-4 whitespace-pre-wrap\">\n<div class=\"markdown prose w-full break-words dark:prose-invert light AIPRM__conversation__response\">\n<p>Este recorrido es ideal para quienes deseen explorar Marruecos desde el norte, comenzando en T\u00e1nger y finalizando en la misma ciudad. A lo largo del viaje, tendr\u00e1s la oportunidad de conocer de cerca la vida cotidiana de los marroqu\u00edes, degustar la deliciosa gastronom\u00eda local y aprender sobre las costumbres y tradiciones que hacen de Marruecos un pa\u00eds \u00fanico e inolvidable.<\/p>\n<p>En cada ciudad, aseg\u00farate de explorar los mercados locales o zocos, donde podr\u00e1s encontrar productos t\u00edpicos como alfombras, cer\u00e1mica, joyas y especias. Tambi\u00e9n tendr\u00e1s tiempo libre para pasear por las callejuelas de las medinas y sumergirte en el ambiente \u00fanico de estas ciudades llenas de historia y encanto.<\/p>\n<p>No dudes en probar la aut\u00e9ntica comida marroqu\u00ed, como el cusc\u00fas, el taj\u00edn, la pastilla o el t\u00e9 de menta, que te permitir\u00e1n experimentar el sabor y aroma de Marruecos en cada bocado.<\/p>\n<p>Adem\u00e1s de las visitas guiadas y las actividades incluidas en el itinerario, tambi\u00e9n puedes aprovechar tu tiempo libre para participar en actividades opcionales, como paseos en globo aerost\u00e1tico, excursiones a aldeas bereberes, clases de cocina marroqu\u00ed o tratamientos de spa en un hammam tradicional.<\/p>\n<\/div>\n<\/div>\n<\/div>\n<\/div>\n<\/div>\n<\/div>\n","protected":false},"excerpt":{"rendered":"<p>D\u00eda 1: Llegada a T\u00e1nger Llegada al aeropuerto o puerto de T\u00e1nger, donde nuestro gu\u00eda local te estar\u00e1 esperando. Traslado al hotel y cena de bienvenida. Alojamiento en T\u00e1nger. D\u00eda 2: T\u00e1nger &#8211; Tetu\u00e1n &#8211; Chefchaouen Despu\u00e9s del desayuno, visita panor\u00e1mica de T\u00e1nger, incluyendo la Medina, la Cueva de H\u00e9rcules y el Cabo Espartel. Luego, [&hellip;]<\/p>\n","protected":false},"author":1,"featured_media":690,"parent":0,"menu_order":0,"comment_status":"closed","ping_status":"closed","template":"","meta":{"footnotes":""},"class_list":["post-213","page","type-page","status-publish","has-post-thumbnail","hentry"],"yoast_head":"<!-- This site is optimized with the Yoast SEO Premium plugin v19.0 (Yoast SEO v22.7) - https:\/\/yoast.com\/wordpress\/plugins\/seo\/ -->\n<title>8 d\u00edas desde T\u00e1nger para descubrir la belleza de Marruecos<\/title>\n<meta name=\"description\" content=\"Sum\u00e9rgete en la belleza de Marruecos con nuestro tour de 8 d\u00edas desde T\u00e1nger, explorando sus ciudades, cultura y paisajes impresionantes.\" \/>\n<meta name=\"robots\" content=\"index, follow, max-snippet:-1, max-image-preview:large, max-video-preview:-1\" \/>\n<link rel=\"canonical\" href=\"https:\/\/saharatoursluxurycamp.com\/es\/8-dias-desde-tanger-para-descubrir-la-belleza-de-marruecos\/\" \/>\n<meta property=\"og:locale\" content=\"es_ES\" \/>\n<meta property=\"og:type\" content=\"article\" \/>\n<meta property=\"og:title\" content=\"8 d\u00edas desde T\u00e1nger para descubrir la belleza de Marruecos\" \/>\n<meta property=\"og:description\" content=\"Sum\u00e9rgete en la belleza de Marruecos con nuestro tour de 8 d\u00edas desde T\u00e1nger, explorando sus ciudades, cultura y paisajes impresionantes.\" \/>\n<meta property=\"og:url\" content=\"https:\/\/saharatoursluxurycamp.com\/es\/8-dias-desde-tanger-para-descubrir-la-belleza-de-marruecos\/\" \/>\n<meta property=\"og:site_name\" content=\"Sahara Tours Luxury Camp\" \/>\n<meta property=\"article:modified_time\" content=\"2023-05-03T01:23:01+00:00\" \/>\n<meta property=\"og:image\" content=\"https:\/\/saharatoursluxurycamp.com\/es\/wp-content\/uploads\/2023\/05\/raul-cacho-oses-atwIEcpyeSM-unsplash.jpg\" \/>\n\t<meta property=\"og:image:width\" content=\"1920\" \/>\n\t<meta property=\"og:image:height\" content=\"1280\" \/>\n\t<meta property=\"og:image:type\" content=\"image\/jpeg\" \/>\n<meta name=\"twitter:card\" content=\"summary_large_image\" \/>\n<meta name=\"twitter:label1\" content=\"Tiempo de lectura\" \/>\n\t<meta name=\"twitter:data1\" content=\"3 minutos\" \/>\n<script type=\"application\/ld+json\" class=\"yoast-schema-graph\">{\"@context\":\"https:\/\/schema.org\",\"@graph\":[{\"@type\":\"WebPage\",\"@id\":\"https:\/\/saharatoursluxurycamp.com\/es\/8-dias-desde-tanger-para-descubrir-la-belleza-de-marruecos\/\",\"url\":\"https:\/\/saharatoursluxurycamp.com\/es\/8-dias-desde-tanger-para-descubrir-la-belleza-de-marruecos\/\",\"name\":\"8 d\u00edas desde T\u00e1nger para descubrir la belleza de Marruecos\",\"isPartOf\":{\"@id\":\"https:\/\/saharatoursluxurycamp.com\/es\/#website\"},\"primaryImageOfPage\":{\"@id\":\"https:\/\/saharatoursluxurycamp.com\/es\/8-dias-desde-tanger-para-descubrir-la-belleza-de-marruecos\/#primaryimage\"},\"image\":{\"@id\":\"https:\/\/saharatoursluxurycamp.com\/es\/8-dias-desde-tanger-para-descubrir-la-belleza-de-marruecos\/#primaryimage\"},\"thumbnailUrl\":\"https:\/\/saharatoursluxurycamp.com\/es\/wp-content\/uploads\/2023\/05\/raul-cacho-oses-atwIEcpyeSM-unsplash.jpg\",\"datePublished\":\"2023-04-04T23:09:10+00:00\",\"dateModified\":\"2023-05-03T01:23:01+00:00\",\"description\":\"Sum\u00e9rgete en la belleza de Marruecos con nuestro tour de 8 d\u00edas desde T\u00e1nger, explorando sus ciudades, cultura y paisajes impresionantes.\",\"breadcrumb\":{\"@id\":\"https:\/\/saharatoursluxurycamp.com\/es\/8-dias-desde-tanger-para-descubrir-la-belleza-de-marruecos\/#breadcrumb\"},\"inLanguage\":\"es\",\"potentialAction\":[{\"@type\":\"ReadAction\",\"target\":[\"https:\/\/saharatoursluxurycamp.com\/es\/8-dias-desde-tanger-para-descubrir-la-belleza-de-marruecos\/\"]}]},{\"@type\":\"ImageObject\",\"inLanguage\":\"es\",\"@id\":\"https:\/\/saharatoursluxurycamp.com\/es\/8-dias-desde-tanger-para-descubrir-la-belleza-de-marruecos\/#primaryimage\",\"url\":\"https:\/\/saharatoursluxurycamp.com\/es\/wp-content\/uploads\/2023\/05\/raul-cacho-oses-atwIEcpyeSM-unsplash.jpg\",\"contentUrl\":\"https:\/\/saharatoursluxurycamp.com\/es\/wp-content\/uploads\/2023\/05\/raul-cacho-oses-atwIEcpyeSM-unsplash.jpg\",\"width\":1920,\"height\":1280,\"caption\":\"8 d\u00edas desde T\u00e1nger para descubrir\"},{\"@type\":\"BreadcrumbList\",\"@id\":\"https:\/\/saharatoursluxurycamp.com\/es\/8-dias-desde-tanger-para-descubrir-la-belleza-de-marruecos\/#breadcrumb\",\"itemListElement\":[{\"@type\":\"ListItem\",\"position\":1,\"name\":\"Home\",\"item\":\"https:\/\/saharatoursluxurycamp.com\/es\/\"},{\"@type\":\"ListItem\",\"position\":2,\"name\":\"8 d\u00edas desde T\u00e1nger para descubrir la belleza de Marruecos\"}]},{\"@type\":\"WebSite\",\"@id\":\"https:\/\/saharatoursluxurycamp.com\/es\/#website\",\"url\":\"https:\/\/saharatoursluxurycamp.com\/es\/\",\"name\":\"Sahara Tours Luxury Camp\",\"description\":\"Morocco Desert Tours - Tours &amp; Excursions in Morocco\",\"publisher\":{\"@id\":\"https:\/\/saharatoursluxurycamp.com\/es\/#organization\"},\"potentialAction\":[{\"@type\":\"SearchAction\",\"target\":{\"@type\":\"EntryPoint\",\"urlTemplate\":\"https:\/\/saharatoursluxurycamp.com\/es\/?s={search_term_string}\"},\"query-input\":\"required name=search_term_string\"}],\"inLanguage\":\"es\"},{\"@type\":\"Organization\",\"@id\":\"https:\/\/saharatoursluxurycamp.com\/es\/#organization\",\"name\":\"Sahara Tours Luxury Camp\",\"url\":\"https:\/\/saharatoursluxurycamp.com\/es\/\",\"logo\":{\"@type\":\"ImageObject\",\"inLanguage\":\"es\",\"@id\":\"https:\/\/saharatoursluxurycamp.com\/es\/#\/schema\/logo\/image\/\",\"url\":\"https:\/\/saharatoursluxurycamp.com\/es\/wp-content\/uploads\/2023\/03\/logo.png\",\"contentUrl\":\"https:\/\/saharatoursluxurycamp.com\/es\/wp-content\/uploads\/2023\/03\/logo.png\",\"width\":768,\"height\":284,\"caption\":\"Sahara Tours Luxury Camp\"},\"image\":{\"@id\":\"https:\/\/saharatoursluxurycamp.com\/es\/#\/schema\/logo\/image\/\"}}]}<\/script>\n<!-- \/ Yoast SEO Premium plugin. -->","yoast_head_json":{"title":"8 d\u00edas desde T\u00e1nger para descubrir la belleza de Marruecos","description":"Sum\u00e9rgete en la belleza de Marruecos con nuestro tour de 8 d\u00edas desde T\u00e1nger, explorando sus ciudades, cultura y paisajes impresionantes.","robots":{"index":"index","follow":"follow","max-snippet":"max-snippet:-1","max-image-preview":"max-image-preview:large","max-video-preview":"max-video-preview:-1"},"canonical":"https:\/\/saharatoursluxurycamp.com\/es\/8-dias-desde-tanger-para-descubrir-la-belleza-de-marruecos\/","og_locale":"es_ES","og_type":"article","og_title":"8 d\u00edas desde T\u00e1nger para descubrir la belleza de Marruecos","og_description":"Sum\u00e9rgete en la belleza de Marruecos con nuestro tour de 8 d\u00edas desde T\u00e1nger, explorando sus ciudades, cultura y paisajes impresionantes.","og_url":"https:\/\/saharatoursluxurycamp.com\/es\/8-dias-desde-tanger-para-descubrir-la-belleza-de-marruecos\/","og_site_name":"Sahara Tours Luxury Camp","article_modified_time":"2023-05-03T01:23:01+00:00","og_image":[{"width":1920,"height":1280,"url":"https:\/\/saharatoursluxurycamp.com\/es\/wp-content\/uploads\/2023\/05\/raul-cacho-oses-atwIEcpyeSM-unsplash.jpg","type":"image\/jpeg"}],"twitter_card":"summary_large_image","twitter_misc":{"Tiempo de lectura":"3 minutos"},"schema":{"@context":"https:\/\/schema.org","@graph":[{"@type":"WebPage","@id":"https:\/\/saharatoursluxurycamp.com\/es\/8-dias-desde-tanger-para-descubrir-la-belleza-de-marruecos\/","url":"https:\/\/saharatoursluxurycamp.com\/es\/8-dias-desde-tanger-para-descubrir-la-belleza-de-marruecos\/","name":"8 d\u00edas desde T\u00e1nger para descubrir la belleza de Marruecos","isPartOf":{"@id":"https:\/\/saharatoursluxurycamp.com\/es\/#website"},"primaryImageOfPage":{"@id":"https:\/\/saharatoursluxurycamp.com\/es\/8-dias-desde-tanger-para-descubrir-la-belleza-de-marruecos\/#primaryimage"},"image":{"@id":"https:\/\/saharatoursluxurycamp.com\/es\/8-dias-desde-tanger-para-descubrir-la-belleza-de-marruecos\/#primaryimage"},"thumbnailUrl":"https:\/\/saharatoursluxurycamp.com\/es\/wp-content\/uploads\/2023\/05\/raul-cacho-oses-atwIEcpyeSM-unsplash.jpg","datePublished":"2023-04-04T23:09:10+00:00","dateModified":"2023-05-03T01:23:01+00:00","description":"Sum\u00e9rgete en la belleza de Marruecos con nuestro tour de 8 d\u00edas desde T\u00e1nger, explorando sus ciudades, cultura y paisajes impresionantes.","breadcrumb":{"@id":"https:\/\/saharatoursluxurycamp.com\/es\/8-dias-desde-tanger-para-descubrir-la-belleza-de-marruecos\/#breadcrumb"},"inLanguage":"es","potentialAction":[{"@type":"ReadAction","target":["https:\/\/saharatoursluxurycamp.com\/es\/8-dias-desde-tanger-para-descubrir-la-belleza-de-marruecos\/"]}]},{"@type":"ImageObject","inLanguage":"es","@id":"https:\/\/saharatoursluxurycamp.com\/es\/8-dias-desde-tanger-para-descubrir-la-belleza-de-marruecos\/#primaryimage","url":"https:\/\/saharatoursluxurycamp.com\/es\/wp-content\/uploads\/2023\/05\/raul-cacho-oses-atwIEcpyeSM-unsplash.jpg","contentUrl":"https:\/\/saharatoursluxurycamp.com\/es\/wp-content\/uploads\/2023\/05\/raul-cacho-oses-atwIEcpyeSM-unsplash.jpg","width":1920,"height":1280,"caption":"8 d\u00edas desde T\u00e1nger para descubrir"},{"@type":"BreadcrumbList","@id":"https:\/\/saharatoursluxurycamp.com\/es\/8-dias-desde-tanger-para-descubrir-la-belleza-de-marruecos\/#breadcrumb","itemListElement":[{"@type":"ListItem","position":1,"name":"Home","item":"https:\/\/saharatoursluxurycamp.com\/es\/"},{"@type":"ListItem","position":2,"name":"8 d\u00edas desde T\u00e1nger para descubrir la belleza de Marruecos"}]},{"@type":"WebSite","@id":"https:\/\/saharatoursluxurycamp.com\/es\/#website","url":"https:\/\/saharatoursluxurycamp.com\/es\/","name":"Sahara Tours Luxury Camp","description":"Morocco Desert Tours - Tours &amp; Excursions in Morocco","publisher":{"@id":"https:\/\/saharatoursluxurycamp.com\/es\/#organization"},"potentialAction":[{"@type":"SearchAction","target":{"@type":"EntryPoint","urlTemplate":"https:\/\/saharatoursluxurycamp.com\/es\/?s={search_term_string}"},"query-input":"required name=search_term_string"}],"inLanguage":"es"},{"@type":"Organization","@id":"https:\/\/saharatoursluxurycamp.com\/es\/#organization","name":"Sahara Tours Luxury Camp","url":"https:\/\/saharatoursluxurycamp.com\/es\/","logo":{"@type":"ImageObject","inLanguage":"es","@id":"https:\/\/saharatoursluxurycamp.com\/es\/#\/schema\/logo\/image\/","url":"https:\/\/saharatoursluxurycamp.com\/es\/wp-content\/uploads\/2023\/03\/logo.png","contentUrl":"https:\/\/saharatoursluxurycamp.com\/es\/wp-content\/uploads\/2023\/03\/logo.png","width":768,"height":284,"caption":"Sahara Tours Luxury Camp"},"image":{"@id":"https:\/\/saharatoursluxurycamp.com\/es\/#\/schema\/logo\/image\/"}}]}},"_links":{"self":[{"href":"https:\/\/saharatoursluxurycamp.com\/es\/wp-json\/wp\/v2\/pages\/213","targetHints":{"allow":["GET"]}}],"collection":[{"href":"https:\/\/saharatoursluxurycamp.com\/es\/wp-json\/wp\/v2\/pages"}],"about":[{"href":"https:\/\/saharatoursluxurycamp.com\/es\/wp-json\/wp\/v2\/types\/page"}],"author":[{"embeddable":true,"href":"https:\/\/saharatoursluxurycamp.com\/es\/wp-json\/wp\/v2\/users\/1"}],"replies":[{"embeddable":true,"href":"https:\/\/saharatoursluxurycamp.com\/es\/wp-json\/wp\/v2\/comments?post=213"}],"version-history":[{"count":7,"href":"https:\/\/saharatoursluxurycamp.com\/es\/wp-json\/wp\/v2\/pages\/213\/revisions"}],"predecessor-version":[{"id":691,"href":"https:\/\/saharatoursluxurycamp.com\/es\/wp-json\/wp\/v2\/pages\/213\/revisions\/691"}],"wp:featuredmedia":[{"embeddable":true,"href":"https:\/\/saharatoursluxurycamp.com\/es\/wp-json\/wp\/v2\/media\/690"}],"wp:attachment":[{"href":"https:\/\/saharatoursluxurycamp.com\/es\/wp-json\/wp\/v2\/media?parent=213"}],"curies":[{"name":"wp","href":"https:\/\/api.w.org\/{rel}","templated":true}]}}