{"id":211,"date":"2023-04-04T23:08:25","date_gmt":"2023-04-04T23:08:25","guid":{"rendered":"https:\/\/saharatoursluxurycamp.com\/es\/?page_id=211"},"modified":"2023-05-03T01:35:39","modified_gmt":"2023-05-03T01:35:39","slug":"9-dias-desde-tanger-descubre-la-magia-de-marruecos","status":"publish","type":"page","link":"https:\/\/saharatoursluxurycamp.com\/es\/9-dias-desde-tanger-descubre-la-magia-de-marruecos\/","title":{"rendered":"9 d\u00edas desde T\u00e1nger Descubre la magia de Marruecos"},"content":{"rendered":"<h4>D\u00eda 1: T\u00e1nger<\/h4>\n<p>Llegada a T\u00e1nger y tiempo libre para explorar la ciudad. T\u00e1nger es una ciudad vibrante y cosmopolita, con una mezcla \u00fanica de influencias europeas y africanas. No te pierdas la Kasbah, el barrio antiguo de T\u00e1nger, y su impresionante vista panor\u00e1mica de la ciudad y el mar.<\/p>\n<h4>D\u00eda 2: T\u00e1nger &#8211; Chefchaouen<\/h4>\n<p>Partida hacia Chefchaouen, una encantadora ciudad monta\u00f1osa conocida por sus casas de colores azules y sus calles empedradas. Chefchaouen es el lugar perfecto para relajarse y disfrutar de la tranquilidad de las monta\u00f1as.<\/p>\n<h4>D\u00eda 3: Chefchaouen<\/h4>\n<p>donde podr\u00e1s pasearte por sus pintorescas calles, visitar sus tiendas locales y admirar sus impresionantes paisajes monta\u00f1osos.<\/p>\n<h4>D\u00eda 4: Chefchaouen &#8211; Fes<\/h4>\n<p>Partida hacia Fes, la ciudad m\u00e1s antigua y culturalmente rica de Marruecos. Fes es famosa por su medina, la ciudad antigua, que es un laberinto de calles estrechas y casas de adobe, y por su famosa Universidad Al Quaraouiyine, la m\u00e1s antigua de \u00c1frica.<\/p>\n<h4>D\u00eda 5: <a href=\"https:\/\/saharatoursluxurycamp.com\/es\/4-dias-desde-marrakech-a-fez-via-el-desierto-de-merzouga-2\/\">Fes<\/a><\/h4>\n<p>En Fez descubriremos un d\u00eda incre\u00edble, donde podr\u00e1s visitar la medina, la Universidad Al Quaraouiyine y otros lugares de inter\u00e9s, como la mezquita Bou Inania y la f\u00e1brica de tejidos de seda.<\/p>\n<h4>D\u00eda 6: Fes &#8211; Merzouga<\/h4>\n<p>Partida hacia Merzouga, un pueblo situado en el desierto del S\u00e1hara. Llegada a Merzouga y paseo en camello por el desierto para llegar a tu campamento en medio del desierto.<\/p>\n<h4>D\u00eda 7: Merzouga<\/h4>\n<p>En el desierto tendremos un d\u00eda lleno de aventuras, donde podr\u00e1s disfrutar de la belleza del paisaje des\u00e9rtico, hacer una excursi\u00f3n en camello y ver el atardecer en el desierto.<\/p>\n<h4>D\u00eda 8: Merzouga &#8211; Marrakech<\/h4>\n<p>Partida hacia Marrakech, la ciudad roja, famosa por su impresionante medina, sus jardines y sus palacios. Marrakech es una ciudad llena de vida, con una vibrante escena cultural y una rica historia.<\/p>\n<h4>D\u00eda 9: Marrakech<\/h4>\n<p>D\u00eda de exploraci\u00f3n en Marrakech, donde podr\u00e1s visitar la famosa plaza Jemaa el-Fna, el palacio de la Bah\u00eda y el jard\u00edn Majorelle. Tambi\u00e9n puedes visitar el minarete de la Koutoubia y el museo de Marrakech. Fin de la ruta en Marrakech.<\/p>\n<p>Esta ruta te permitir\u00e1 descubrir la verdadera esencia de Marruecos, desde sus playas hasta sus ciudades hist\u00f3ricas y sus paisajes des\u00e9rticos. Prep\u00e1rate para experimentar la magia de Marruecos y para vivir una aventura inolvidable.<\/p>\n","protected":false},"excerpt":{"rendered":"<p>D\u00eda 1: T\u00e1nger Llegada a T\u00e1nger y tiempo libre para explorar la ciudad. T\u00e1nger es una ciudad vibrante y cosmopolita, con una mezcla \u00fanica de influencias europeas y africanas. No te pierdas la Kasbah, el barrio antiguo de T\u00e1nger, y su impresionante vista panor\u00e1mica de la ciudad y el mar. D\u00eda 2: T\u00e1nger &#8211; Chefchaouen [&hellip;]<\/p>\n","protected":false},"author":1,"featured_media":674,"parent":0,"menu_order":0,"comment_status":"closed","ping_status":"closed","template":"","meta":{"footnotes":""},"class_list":["post-211","page","type-page","status-publish","has-post-thumbnail","hentry"],"yoast_head":"<!-- This site is optimized with the Yoast SEO Premium plugin v19.0 (Yoast SEO v22.7) - https:\/\/yoast.com\/wordpress\/plugins\/seo\/ -->\n<title>9 d\u00edas desde T\u00e1nger Descubre la magia de Marruecos<\/title>\n<meta name=\"description\" content=\"Explora la magia de Marruecos con nuestro tour de 9 d\u00edas desde T\u00e1nger, visitando ciudades, experimentando la cultura y admirando paisajes...\" \/>\n<meta name=\"robots\" content=\"index, follow, max-snippet:-1, max-image-preview:large, max-video-preview:-1\" \/>\n<link rel=\"canonical\" href=\"https:\/\/saharatoursluxurycamp.com\/es\/9-dias-desde-tanger-descubre-la-magia-de-marruecos\/\" \/>\n<meta property=\"og:locale\" content=\"es_ES\" \/>\n<meta property=\"og:type\" content=\"article\" \/>\n<meta property=\"og:title\" content=\"9 d\u00edas desde T\u00e1nger Descubre la magia de Marruecos\" \/>\n<meta property=\"og:description\" content=\"Explora la magia de Marruecos con nuestro tour de 9 d\u00edas desde T\u00e1nger, visitando ciudades, experimentando la cultura y admirando paisajes...\" \/>\n<meta property=\"og:url\" content=\"https:\/\/saharatoursluxurycamp.com\/es\/9-dias-desde-tanger-descubre-la-magia-de-marruecos\/\" \/>\n<meta property=\"og:site_name\" content=\"Sahara Tours Luxury Camp\" \/>\n<meta property=\"article:modified_time\" content=\"2023-05-03T01:35:39+00:00\" \/>\n<meta property=\"og:image\" content=\"https:\/\/saharatoursluxurycamp.com\/es\/wp-content\/uploads\/2023\/05\/raul-cacho-oses-2A8ONQWR69g-unsplash.jpg\" \/>\n\t<meta property=\"og:image:width\" content=\"1920\" \/>\n\t<meta property=\"og:image:height\" content=\"1280\" \/>\n\t<meta property=\"og:image:type\" content=\"image\/jpeg\" \/>\n<meta name=\"twitter:card\" content=\"summary_large_image\" \/>\n<meta name=\"twitter:label1\" content=\"Tiempo de lectura\" \/>\n\t<meta name=\"twitter:data1\" content=\"2 minutos\" \/>\n<script type=\"application\/ld+json\" class=\"yoast-schema-graph\">{\"@context\":\"https:\/\/schema.org\",\"@graph\":[{\"@type\":\"WebPage\",\"@id\":\"https:\/\/saharatoursluxurycamp.com\/es\/9-dias-desde-tanger-descubre-la-magia-de-marruecos\/\",\"url\":\"https:\/\/saharatoursluxurycamp.com\/es\/9-dias-desde-tanger-descubre-la-magia-de-marruecos\/\",\"name\":\"9 d\u00edas desde T\u00e1nger Descubre la magia de Marruecos\",\"isPartOf\":{\"@id\":\"https:\/\/saharatoursluxurycamp.com\/es\/#website\"},\"primaryImageOfPage\":{\"@id\":\"https:\/\/saharatoursluxurycamp.com\/es\/9-dias-desde-tanger-descubre-la-magia-de-marruecos\/#primaryimage\"},\"image\":{\"@id\":\"https:\/\/saharatoursluxurycamp.com\/es\/9-dias-desde-tanger-descubre-la-magia-de-marruecos\/#primaryimage\"},\"thumbnailUrl\":\"https:\/\/saharatoursluxurycamp.com\/es\/wp-content\/uploads\/2023\/05\/raul-cacho-oses-2A8ONQWR69g-unsplash.jpg\",\"datePublished\":\"2023-04-04T23:08:25+00:00\",\"dateModified\":\"2023-05-03T01:35:39+00:00\",\"description\":\"Explora la magia de Marruecos con nuestro tour de 9 d\u00edas desde T\u00e1nger, visitando ciudades, experimentando la cultura y admirando paisajes...\",\"breadcrumb\":{\"@id\":\"https:\/\/saharatoursluxurycamp.com\/es\/9-dias-desde-tanger-descubre-la-magia-de-marruecos\/#breadcrumb\"},\"inLanguage\":\"es\",\"potentialAction\":[{\"@type\":\"ReadAction\",\"target\":[\"https:\/\/saharatoursluxurycamp.com\/es\/9-dias-desde-tanger-descubre-la-magia-de-marruecos\/\"]}]},{\"@type\":\"ImageObject\",\"inLanguage\":\"es\",\"@id\":\"https:\/\/saharatoursluxurycamp.com\/es\/9-dias-desde-tanger-descubre-la-magia-de-marruecos\/#primaryimage\",\"url\":\"https:\/\/saharatoursluxurycamp.com\/es\/wp-content\/uploads\/2023\/05\/raul-cacho-oses-2A8ONQWR69g-unsplash.jpg\",\"contentUrl\":\"https:\/\/saharatoursluxurycamp.com\/es\/wp-content\/uploads\/2023\/05\/raul-cacho-oses-2A8ONQWR69g-unsplash.jpg\",\"width\":1920,\"height\":1280,\"caption\":\"10 d\u00edas de exploraci\u00f3n, 9 d\u00edas desde T\u00e1nger\"},{\"@type\":\"BreadcrumbList\",\"@id\":\"https:\/\/saharatoursluxurycamp.com\/es\/9-dias-desde-tanger-descubre-la-magia-de-marruecos\/#breadcrumb\",\"itemListElement\":[{\"@type\":\"ListItem\",\"position\":1,\"name\":\"Home\",\"item\":\"https:\/\/saharatoursluxurycamp.com\/es\/\"},{\"@type\":\"ListItem\",\"position\":2,\"name\":\"9 d\u00edas desde T\u00e1nger Descubre la magia de Marruecos\"}]},{\"@type\":\"WebSite\",\"@id\":\"https:\/\/saharatoursluxurycamp.com\/es\/#website\",\"url\":\"https:\/\/saharatoursluxurycamp.com\/es\/\",\"name\":\"Sahara Tours Luxury Camp\",\"description\":\"Morocco Desert Tours - Tours &amp; Excursions in Morocco\",\"publisher\":{\"@id\":\"https:\/\/saharatoursluxurycamp.com\/es\/#organization\"},\"potentialAction\":[{\"@type\":\"SearchAction\",\"target\":{\"@type\":\"EntryPoint\",\"urlTemplate\":\"https:\/\/saharatoursluxurycamp.com\/es\/?s={search_term_string}\"},\"query-input\":\"required name=search_term_string\"}],\"inLanguage\":\"es\"},{\"@type\":\"Organization\",\"@id\":\"https:\/\/saharatoursluxurycamp.com\/es\/#organization\",\"name\":\"Sahara Tours Luxury Camp\",\"url\":\"https:\/\/saharatoursluxurycamp.com\/es\/\",\"logo\":{\"@type\":\"ImageObject\",\"inLanguage\":\"es\",\"@id\":\"https:\/\/saharatoursluxurycamp.com\/es\/#\/schema\/logo\/image\/\",\"url\":\"https:\/\/saharatoursluxurycamp.com\/es\/wp-content\/uploads\/2023\/03\/logo.png\",\"contentUrl\":\"https:\/\/saharatoursluxurycamp.com\/es\/wp-content\/uploads\/2023\/03\/logo.png\",\"width\":768,\"height\":284,\"caption\":\"Sahara Tours Luxury Camp\"},\"image\":{\"@id\":\"https:\/\/saharatoursluxurycamp.com\/es\/#\/schema\/logo\/image\/\"}}]}<\/script>\n<!-- \/ Yoast SEO Premium plugin. -->","yoast_head_json":{"title":"9 d\u00edas desde T\u00e1nger Descubre la magia de Marruecos","description":"Explora la magia de Marruecos con nuestro tour de 9 d\u00edas desde T\u00e1nger, visitando ciudades, experimentando la cultura y admirando paisajes...","robots":{"index":"index","follow":"follow","max-snippet":"max-snippet:-1","max-image-preview":"max-image-preview:large","max-video-preview":"max-video-preview:-1"},"canonical":"https:\/\/saharatoursluxurycamp.com\/es\/9-dias-desde-tanger-descubre-la-magia-de-marruecos\/","og_locale":"es_ES","og_type":"article","og_title":"9 d\u00edas desde T\u00e1nger Descubre la magia de Marruecos","og_description":"Explora la magia de Marruecos con nuestro tour de 9 d\u00edas desde T\u00e1nger, visitando ciudades, experimentando la cultura y admirando paisajes...","og_url":"https:\/\/saharatoursluxurycamp.com\/es\/9-dias-desde-tanger-descubre-la-magia-de-marruecos\/","og_site_name":"Sahara Tours Luxury Camp","article_modified_time":"2023-05-03T01:35:39+00:00","og_image":[{"width":1920,"height":1280,"url":"https:\/\/saharatoursluxurycamp.com\/es\/wp-content\/uploads\/2023\/05\/raul-cacho-oses-2A8ONQWR69g-unsplash.jpg","type":"image\/jpeg"}],"twitter_card":"summary_large_image","twitter_misc":{"Tiempo de lectura":"2 minutos"},"schema":{"@context":"https:\/\/schema.org","@graph":[{"@type":"WebPage","@id":"https:\/\/saharatoursluxurycamp.com\/es\/9-dias-desde-tanger-descubre-la-magia-de-marruecos\/","url":"https:\/\/saharatoursluxurycamp.com\/es\/9-dias-desde-tanger-descubre-la-magia-de-marruecos\/","name":"9 d\u00edas desde T\u00e1nger Descubre la magia de Marruecos","isPartOf":{"@id":"https:\/\/saharatoursluxurycamp.com\/es\/#website"},"primaryImageOfPage":{"@id":"https:\/\/saharatoursluxurycamp.com\/es\/9-dias-desde-tanger-descubre-la-magia-de-marruecos\/#primaryimage"},"image":{"@id":"https:\/\/saharatoursluxurycamp.com\/es\/9-dias-desde-tanger-descubre-la-magia-de-marruecos\/#primaryimage"},"thumbnailUrl":"https:\/\/saharatoursluxurycamp.com\/es\/wp-content\/uploads\/2023\/05\/raul-cacho-oses-2A8ONQWR69g-unsplash.jpg","datePublished":"2023-04-04T23:08:25+00:00","dateModified":"2023-05-03T01:35:39+00:00","description":"Explora la magia de Marruecos con nuestro tour de 9 d\u00edas desde T\u00e1nger, visitando ciudades, experimentando la cultura y admirando paisajes...","breadcrumb":{"@id":"https:\/\/saharatoursluxurycamp.com\/es\/9-dias-desde-tanger-descubre-la-magia-de-marruecos\/#breadcrumb"},"inLanguage":"es","potentialAction":[{"@type":"ReadAction","target":["https:\/\/saharatoursluxurycamp.com\/es\/9-dias-desde-tanger-descubre-la-magia-de-marruecos\/"]}]},{"@type":"ImageObject","inLanguage":"es","@id":"https:\/\/saharatoursluxurycamp.com\/es\/9-dias-desde-tanger-descubre-la-magia-de-marruecos\/#primaryimage","url":"https:\/\/saharatoursluxurycamp.com\/es\/wp-content\/uploads\/2023\/05\/raul-cacho-oses-2A8ONQWR69g-unsplash.jpg","contentUrl":"https:\/\/saharatoursluxurycamp.com\/es\/wp-content\/uploads\/2023\/05\/raul-cacho-oses-2A8ONQWR69g-unsplash.jpg","width":1920,"height":1280,"caption":"10 d\u00edas de exploraci\u00f3n, 9 d\u00edas desde T\u00e1nger"},{"@type":"BreadcrumbList","@id":"https:\/\/saharatoursluxurycamp.com\/es\/9-dias-desde-tanger-descubre-la-magia-de-marruecos\/#breadcrumb","itemListElement":[{"@type":"ListItem","position":1,"name":"Home","item":"https:\/\/saharatoursluxurycamp.com\/es\/"},{"@type":"ListItem","position":2,"name":"9 d\u00edas desde T\u00e1nger Descubre la magia de Marruecos"}]},{"@type":"WebSite","@id":"https:\/\/saharatoursluxurycamp.com\/es\/#website","url":"https:\/\/saharatoursluxurycamp.com\/es\/","name":"Sahara Tours Luxury Camp","description":"Morocco Desert Tours - Tours &amp; Excursions in Morocco","publisher":{"@id":"https:\/\/saharatoursluxurycamp.com\/es\/#organization"},"potentialAction":[{"@type":"SearchAction","target":{"@type":"EntryPoint","urlTemplate":"https:\/\/saharatoursluxurycamp.com\/es\/?s={search_term_string}"},"query-input":"required name=search_term_string"}],"inLanguage":"es"},{"@type":"Organization","@id":"https:\/\/saharatoursluxurycamp.com\/es\/#organization","name":"Sahara Tours Luxury Camp","url":"https:\/\/saharatoursluxurycamp.com\/es\/","logo":{"@type":"ImageObject","inLanguage":"es","@id":"https:\/\/saharatoursluxurycamp.com\/es\/#\/schema\/logo\/image\/","url":"https:\/\/saharatoursluxurycamp.com\/es\/wp-content\/uploads\/2023\/03\/logo.png","contentUrl":"https:\/\/saharatoursluxurycamp.com\/es\/wp-content\/uploads\/2023\/03\/logo.png","width":768,"height":284,"caption":"Sahara Tours Luxury Camp"},"image":{"@id":"https:\/\/saharatoursluxurycamp.com\/es\/#\/schema\/logo\/image\/"}}]}},"_links":{"self":[{"href":"https:\/\/saharatoursluxurycamp.com\/es\/wp-json\/wp\/v2\/pages\/211","targetHints":{"allow":["GET"]}}],"collection":[{"href":"https:\/\/saharatoursluxurycamp.com\/es\/wp-json\/wp\/v2\/pages"}],"about":[{"href":"https:\/\/saharatoursluxurycamp.com\/es\/wp-json\/wp\/v2\/types\/page"}],"author":[{"embeddable":true,"href":"https:\/\/saharatoursluxurycamp.com\/es\/wp-json\/wp\/v2\/users\/1"}],"replies":[{"embeddable":true,"href":"https:\/\/saharatoursluxurycamp.com\/es\/wp-json\/wp\/v2\/comments?post=211"}],"version-history":[{"count":6,"href":"https:\/\/saharatoursluxurycamp.com\/es\/wp-json\/wp\/v2\/pages\/211\/revisions"}],"predecessor-version":[{"id":692,"href":"https:\/\/saharatoursluxurycamp.com\/es\/wp-json\/wp\/v2\/pages\/211\/revisions\/692"}],"wp:featuredmedia":[{"embeddable":true,"href":"https:\/\/saharatoursluxurycamp.com\/es\/wp-json\/wp\/v2\/media\/674"}],"wp:attachment":[{"href":"https:\/\/saharatoursluxurycamp.com\/es\/wp-json\/wp\/v2\/media?parent=211"}],"curies":[{"name":"wp","href":"https:\/\/api.w.org\/{rel}","templated":true}]}}