{"id":193,"date":"2023-04-04T22:49:22","date_gmt":"2023-04-04T22:49:22","guid":{"rendered":"https:\/\/saharatoursluxurycamp.com\/es\/?page_id=193"},"modified":"2023-05-03T02:11:53","modified_gmt":"2023-05-03T02:11:53","slug":"excursion-en-quad-por-el-desierto-de-merzouga","status":"publish","type":"page","link":"https:\/\/saharatoursluxurycamp.com\/es\/excursion-en-quad-por-el-desierto-de-merzouga\/","title":{"rendered":"Excursi\u00f3n en quad por el desierto de Merzouga"},"content":{"rendered":"<h4>Excursi\u00f3n en quad por el desierto de Merzouga: Una emocionante aventura por el desierto<\/h4>\n<p>El desierto de Merzouga, situado en el sureste de Marruecos, es un destino extraordinario conocido por sus impresionantes paisajes, incluidas las sobrecogedoras dunas de Erg Chebbi, y su rica cultura bereber. Una excursi\u00f3n en quad por el desierto de Merzouga ofrece una aventura electrizante e inolvidable, dando a los viajeros la oportunidad de explorar la incomparable belleza del desierto mientras experimentan la emoci\u00f3n de conducir un veh\u00edculo todo terreno a trav\u00e9s de sus arenas doradas.<\/p>\n<p>La aventura comienza en el encantador pueblo de Merzouga, que sirve de puerta de entrada a las magn\u00edficas dunas de Erg Chebbi. Durante la excursi\u00f3n en quad, le acompa\u00f1ar\u00e1n gu\u00edas locales experimentados que velar\u00e1n por su seguridad y comodidad, a la vez que compartir\u00e1n con usted sus conocimientos sobre las caracter\u00edsticas \u00fanicas del desierto, su historia y sus habitantes.<\/p>\n<p>Los paseos en quad por el desierto de Merzouga le permitir\u00e1n cubrir m\u00e1s terreno a un ritmo m\u00e1s r\u00e1pido que las excursiones en camello o en 4&#215;4, lo que le proporcionar\u00e1 una experiencia llena de adrenalina mientras recorre las ondulantes dunas y el terreno rocoso. Por el camino, tendr\u00e1 la oportunidad de maravillarse con los diversos paisajes del desierto, desde imponentes dunas de arena hasta pintorescos oasis y cauces secos. Tambi\u00e9n podr\u00e1 encontrarse con la fauna local y conocer la resistente flora que sobrevive en este duro entorno.<\/p>\n<h3>Adem\u00e1s de la emoci\u00f3n del quad<\/h3>\n<p>Una excursi\u00f3n por el desierto de <a href=\"https:\/\/saharatoursluxurycamp.com\/3-days-from-marrakech-to-merzouga-desert-tours\/\">Merzouga<\/a> ofrece la oportunidad de sumergirse en la vibrante cultura bereber. Dependiendo de la duraci\u00f3n y el itinerario de su excursi\u00f3n, podr\u00e1 visitar aldeas bereberes tradicionales, interactuar con las comunidades locales y conocer mejor sus costumbres y modo de vida. La c\u00e1lida hospitalidad de los bereberes y sus ricas tradiciones culturales ser\u00e1n sin duda uno de los momentos culminantes de su aventura por el desierto.<\/p>\n<p>Las excursiones en quad por el desierto de Merzouga pueden adaptarse a diferentes intereses, niveles de habilidad y limitaciones de tiempo. Desde paseos cortos y emocionantes por las dunas de Erg Chebbi hasta excursiones de varios d\u00edas que se adentran en las regiones m\u00e1s remotas del desierto, hay una aventura en quad para todos los gustos.<\/p>\n<p>En resumen, una excursi\u00f3n en quad por el desierto de Merzouga ofrece una forma \u00fanica y emocionante de explorar la extraordinaria belleza y fascinante cultura de esta cautivadora regi\u00f3n. A medida que avance a toda velocidad por las arenas doradas y descubra los misterios del desierto, crear\u00e1 recuerdos imborrables que permanecer\u00e1n con usted mucho despu\u00e9s de que su aventura haya terminado.<\/p>\n","protected":false},"excerpt":{"rendered":"<p>Excursi\u00f3n en quad por el desierto de Merzouga: Una emocionante aventura por el desierto El desierto de Merzouga, situado en el sureste de Marruecos, es un destino extraordinario conocido por sus impresionantes paisajes, incluidas las sobrecogedoras dunas de Erg Chebbi, y su rica cultura bereber. Una excursi\u00f3n en quad por el desierto de Merzouga ofrece [&hellip;]<\/p>\n","protected":false},"author":1,"featured_media":0,"parent":0,"menu_order":0,"comment_status":"closed","ping_status":"closed","template":"","meta":{"footnotes":""},"class_list":["post-193","page","type-page","status-publish","hentry"],"yoast_head":"<!-- This site is optimized with the Yoast SEO Premium plugin v19.0 (Yoast SEO v22.7) - https:\/\/yoast.com\/wordpress\/plugins\/seo\/ -->\n<title>Excursi\u00f3n en quad por el desierto de Merzouga<\/title>\n<meta name=\"description\" content=\"Atr\u00e9vete a vivir una aventura emocionante en el desierto de Merzouga con nuestra excitante excursi\u00f3n en quad, disfrutando de sus paisajes...\" \/>\n<meta name=\"robots\" content=\"index, follow, max-snippet:-1, max-image-preview:large, max-video-preview:-1\" \/>\n<link rel=\"canonical\" href=\"https:\/\/saharatoursluxurycamp.com\/es\/excursion-en-quad-por-el-desierto-de-merzouga\/\" \/>\n<meta property=\"og:locale\" content=\"es_ES\" \/>\n<meta property=\"og:type\" content=\"article\" \/>\n<meta property=\"og:title\" content=\"Excursi\u00f3n en quad por el desierto de Merzouga\" \/>\n<meta property=\"og:description\" content=\"Atr\u00e9vete a vivir una aventura emocionante en el desierto de Merzouga con nuestra excitante excursi\u00f3n en quad, disfrutando de sus paisajes...\" \/>\n<meta property=\"og:url\" content=\"https:\/\/saharatoursluxurycamp.com\/es\/excursion-en-quad-por-el-desierto-de-merzouga\/\" \/>\n<meta property=\"og:site_name\" content=\"Sahara Tours Luxury Camp\" \/>\n<meta property=\"article:modified_time\" content=\"2023-05-03T02:11:53+00:00\" \/>\n<meta name=\"twitter:card\" content=\"summary_large_image\" \/>\n<meta name=\"twitter:label1\" content=\"Tiempo de lectura\" \/>\n\t<meta name=\"twitter:data1\" content=\"2 minutos\" \/>\n<script type=\"application\/ld+json\" class=\"yoast-schema-graph\">{\"@context\":\"https:\/\/schema.org\",\"@graph\":[{\"@type\":\"WebPage\",\"@id\":\"https:\/\/saharatoursluxurycamp.com\/es\/excursion-en-quad-por-el-desierto-de-merzouga\/\",\"url\":\"https:\/\/saharatoursluxurycamp.com\/es\/excursion-en-quad-por-el-desierto-de-merzouga\/\",\"name\":\"Excursi\u00f3n en quad por el desierto de Merzouga\",\"isPartOf\":{\"@id\":\"https:\/\/saharatoursluxurycamp.com\/es\/#website\"},\"datePublished\":\"2023-04-04T22:49:22+00:00\",\"dateModified\":\"2023-05-03T02:11:53+00:00\",\"description\":\"Atr\u00e9vete a vivir una aventura emocionante en el desierto de Merzouga con nuestra excitante excursi\u00f3n en quad, disfrutando de sus paisajes...\",\"breadcrumb\":{\"@id\":\"https:\/\/saharatoursluxurycamp.com\/es\/excursion-en-quad-por-el-desierto-de-merzouga\/#breadcrumb\"},\"inLanguage\":\"es\",\"potentialAction\":[{\"@type\":\"ReadAction\",\"target\":[\"https:\/\/saharatoursluxurycamp.com\/es\/excursion-en-quad-por-el-desierto-de-merzouga\/\"]}]},{\"@type\":\"BreadcrumbList\",\"@id\":\"https:\/\/saharatoursluxurycamp.com\/es\/excursion-en-quad-por-el-desierto-de-merzouga\/#breadcrumb\",\"itemListElement\":[{\"@type\":\"ListItem\",\"position\":1,\"name\":\"Home\",\"item\":\"https:\/\/saharatoursluxurycamp.com\/es\/\"},{\"@type\":\"ListItem\",\"position\":2,\"name\":\"Excursi\u00f3n en quad por el desierto de Merzouga\"}]},{\"@type\":\"WebSite\",\"@id\":\"https:\/\/saharatoursluxurycamp.com\/es\/#website\",\"url\":\"https:\/\/saharatoursluxurycamp.com\/es\/\",\"name\":\"Sahara Tours Luxury Camp\",\"description\":\"Morocco Desert Tours - Tours &amp; Excursions in Morocco\",\"publisher\":{\"@id\":\"https:\/\/saharatoursluxurycamp.com\/es\/#organization\"},\"potentialAction\":[{\"@type\":\"SearchAction\",\"target\":{\"@type\":\"EntryPoint\",\"urlTemplate\":\"https:\/\/saharatoursluxurycamp.com\/es\/?s={search_term_string}\"},\"query-input\":\"required name=search_term_string\"}],\"inLanguage\":\"es\"},{\"@type\":\"Organization\",\"@id\":\"https:\/\/saharatoursluxurycamp.com\/es\/#organization\",\"name\":\"Sahara Tours Luxury Camp\",\"url\":\"https:\/\/saharatoursluxurycamp.com\/es\/\",\"logo\":{\"@type\":\"ImageObject\",\"inLanguage\":\"es\",\"@id\":\"https:\/\/saharatoursluxurycamp.com\/es\/#\/schema\/logo\/image\/\",\"url\":\"https:\/\/saharatoursluxurycamp.com\/es\/wp-content\/uploads\/2023\/03\/logo.png\",\"contentUrl\":\"https:\/\/saharatoursluxurycamp.com\/es\/wp-content\/uploads\/2023\/03\/logo.png\",\"width\":768,\"height\":284,\"caption\":\"Sahara Tours Luxury Camp\"},\"image\":{\"@id\":\"https:\/\/saharatoursluxurycamp.com\/es\/#\/schema\/logo\/image\/\"}}]}<\/script>\n<!-- \/ Yoast SEO Premium plugin. -->","yoast_head_json":{"title":"Excursi\u00f3n en quad por el desierto de Merzouga","description":"Atr\u00e9vete a vivir una aventura emocionante en el desierto de Merzouga con nuestra excitante excursi\u00f3n en quad, disfrutando de sus paisajes...","robots":{"index":"index","follow":"follow","max-snippet":"max-snippet:-1","max-image-preview":"max-image-preview:large","max-video-preview":"max-video-preview:-1"},"canonical":"https:\/\/saharatoursluxurycamp.com\/es\/excursion-en-quad-por-el-desierto-de-merzouga\/","og_locale":"es_ES","og_type":"article","og_title":"Excursi\u00f3n en quad por el desierto de Merzouga","og_description":"Atr\u00e9vete a vivir una aventura emocionante en el desierto de Merzouga con nuestra excitante excursi\u00f3n en quad, disfrutando de sus paisajes...","og_url":"https:\/\/saharatoursluxurycamp.com\/es\/excursion-en-quad-por-el-desierto-de-merzouga\/","og_site_name":"Sahara Tours Luxury Camp","article_modified_time":"2023-05-03T02:11:53+00:00","twitter_card":"summary_large_image","twitter_misc":{"Tiempo de lectura":"2 minutos"},"schema":{"@context":"https:\/\/schema.org","@graph":[{"@type":"WebPage","@id":"https:\/\/saharatoursluxurycamp.com\/es\/excursion-en-quad-por-el-desierto-de-merzouga\/","url":"https:\/\/saharatoursluxurycamp.com\/es\/excursion-en-quad-por-el-desierto-de-merzouga\/","name":"Excursi\u00f3n en quad por el desierto de Merzouga","isPartOf":{"@id":"https:\/\/saharatoursluxurycamp.com\/es\/#website"},"datePublished":"2023-04-04T22:49:22+00:00","dateModified":"2023-05-03T02:11:53+00:00","description":"Atr\u00e9vete a vivir una aventura emocionante en el desierto de Merzouga con nuestra excitante excursi\u00f3n en quad, disfrutando de sus paisajes...","breadcrumb":{"@id":"https:\/\/saharatoursluxurycamp.com\/es\/excursion-en-quad-por-el-desierto-de-merzouga\/#breadcrumb"},"inLanguage":"es","potentialAction":[{"@type":"ReadAction","target":["https:\/\/saharatoursluxurycamp.com\/es\/excursion-en-quad-por-el-desierto-de-merzouga\/"]}]},{"@type":"BreadcrumbList","@id":"https:\/\/saharatoursluxurycamp.com\/es\/excursion-en-quad-por-el-desierto-de-merzouga\/#breadcrumb","itemListElement":[{"@type":"ListItem","position":1,"name":"Home","item":"https:\/\/saharatoursluxurycamp.com\/es\/"},{"@type":"ListItem","position":2,"name":"Excursi\u00f3n en quad por el desierto de Merzouga"}]},{"@type":"WebSite","@id":"https:\/\/saharatoursluxurycamp.com\/es\/#website","url":"https:\/\/saharatoursluxurycamp.com\/es\/","name":"Sahara Tours Luxury Camp","description":"Morocco Desert Tours - Tours &amp; Excursions in Morocco","publisher":{"@id":"https:\/\/saharatoursluxurycamp.com\/es\/#organization"},"potentialAction":[{"@type":"SearchAction","target":{"@type":"EntryPoint","urlTemplate":"https:\/\/saharatoursluxurycamp.com\/es\/?s={search_term_string}"},"query-input":"required name=search_term_string"}],"inLanguage":"es"},{"@type":"Organization","@id":"https:\/\/saharatoursluxurycamp.com\/es\/#organization","name":"Sahara Tours Luxury Camp","url":"https:\/\/saharatoursluxurycamp.com\/es\/","logo":{"@type":"ImageObject","inLanguage":"es","@id":"https:\/\/saharatoursluxurycamp.com\/es\/#\/schema\/logo\/image\/","url":"https:\/\/saharatoursluxurycamp.com\/es\/wp-content\/uploads\/2023\/03\/logo.png","contentUrl":"https:\/\/saharatoursluxurycamp.com\/es\/wp-content\/uploads\/2023\/03\/logo.png","width":768,"height":284,"caption":"Sahara Tours Luxury Camp"},"image":{"@id":"https:\/\/saharatoursluxurycamp.com\/es\/#\/schema\/logo\/image\/"}}]}},"_links":{"self":[{"href":"https:\/\/saharatoursluxurycamp.com\/es\/wp-json\/wp\/v2\/pages\/193","targetHints":{"allow":["GET"]}}],"collection":[{"href":"https:\/\/saharatoursluxurycamp.com\/es\/wp-json\/wp\/v2\/pages"}],"about":[{"href":"https:\/\/saharatoursluxurycamp.com\/es\/wp-json\/wp\/v2\/types\/page"}],"author":[{"embeddable":true,"href":"https:\/\/saharatoursluxurycamp.com\/es\/wp-json\/wp\/v2\/users\/1"}],"replies":[{"embeddable":true,"href":"https:\/\/saharatoursluxurycamp.com\/es\/wp-json\/wp\/v2\/comments?post=193"}],"version-history":[{"count":6,"href":"https:\/\/saharatoursluxurycamp.com\/es\/wp-json\/wp\/v2\/pages\/193\/revisions"}],"predecessor-version":[{"id":703,"href":"https:\/\/saharatoursluxurycamp.com\/es\/wp-json\/wp\/v2\/pages\/193\/revisions\/703"}],"wp:attachment":[{"href":"https:\/\/saharatoursluxurycamp.com\/es\/wp-json\/wp\/v2\/media?parent=193"}],"curies":[{"name":"wp","href":"https:\/\/api.w.org\/{rel}","templated":true}]}}