{"id":191,"date":"2023-04-04T22:47:49","date_gmt":"2023-04-04T22:47:49","guid":{"rendered":"https:\/\/saharatoursluxurycamp.com\/es\/?page_id=191"},"modified":"2023-05-03T01:45:08","modified_gmt":"2023-05-03T01:45:08","slug":"excursion-4x4-al-desierto-de-merzouga","status":"publish","type":"page","link":"https:\/\/saharatoursluxurycamp.com\/es\/excursion-4x4-al-desierto-de-merzouga\/","title":{"rendered":"Excursi\u00f3n 4&#215;4 al desierto de Merzouga"},"content":{"rendered":"<h3>Excursi\u00f3n 4&#215;4 al desierto de Merzouga: Una emocionante aventura todoterreno<\/h3>\n<p>El desierto de Merzouga, situado en el sureste de Marruecos, es un destino cautivador e hipnotizador caracterizado por sus inmensas dunas doradas y su fascinante patrimonio cultural. Una excursi\u00f3n en 4&#215;4 por el desierto de Merzouga ofrece una aventura adrenal\u00ednica e inolvidable, que lleva a los viajeros en un viaje todoterreno por el coraz\u00f3n de las impresionantes dunas de Erg Chebbi y les sumerge en la vibrante cultura bereber.<\/p>\n<p>La excursi\u00f3n 4&#215;4 por el desierto de Merzouga comienza en el pintoresco pueblo de Merzouga, puerta de entrada a las impresionantes dunas de Erg Chebbi, que se encuentran entre las formaciones de arena m\u00e1s grandes y llamativas de Marruecos. Al embarcarse en esta emocionante aventura todoterreno, le guiar\u00e1n experimentados conductores locales que poseen un profundo conocimiento del terreno des\u00e9rtico, garantizando tanto su seguridad como su disfrute.<\/p>\n<h3>Una excursi\u00f3n en 4&#215;4 por el desierto de <a href=\"https:\/\/saharatoursluxurycamp.com\/camel-trekking-merzouga-desert\/\">Merzouga<\/a><\/h3>\n<p>Le permite abarcar m\u00e1s terreno y acceder a zonas remotas a las que puede resultar dif\u00edcil o largo llegar a lomos de un camello. El recorrido le llevar\u00e1 por diversos paisajes, desde las imponentes dunas hasta afloramientos rocosos, cauces secos y exuberantes oasis. Por el camino, tendr\u00e1 la oportunidad de conocer la flora y fauna \u00fanicas de la regi\u00f3n, as\u00ed como la fascinante historia de las tribus n\u00f3madas que la han habitado durante siglos.<\/p>\n<p>Uno de los aspectos m\u00e1s destacados de la excursi\u00f3n 4&#215;4 por el desierto de Merzouga es la oportunidad de conocer de primera mano la rica cultura bereber. Visitar\u00e1 aldeas bereberes tradicionales y tendr\u00e1 la oportunidad de interactuar con las comunidades locales para conocer mejor su vida cotidiana, sus costumbres y sus tradiciones. Al final del d\u00eda, tendr\u00e1 la opci\u00f3n de pasar la noche en un campamento bereber tradicional, donde podr\u00e1 disfrutar de una deliciosa comida marroqu\u00ed y de aut\u00e9ntica m\u00fasica bereber bajo el inmenso cielo del desierto.<\/p>\n<p>Las excursiones en 4&#215;4 por el desierto de Merzouga se adaptan a una amplia gama de preferencias y pueden personalizarse seg\u00fan los intereses individuales y las limitaciones de tiempo. Desde excursiones cortas de un d\u00eda hasta expediciones de varios d\u00edas que se adentran en las regiones m\u00e1s remotas del desierto, hay una aventura todoterreno para cada uno.<\/p>\n<p>En conclusi\u00f3n, una excursi\u00f3n en 4&#215;4 por el desierto de Merzouga es una forma emocionante y \u00fanica de explorar la impresionante belleza y el rico patrimonio cultural de esta encantadora regi\u00f3n. Mientras atraviesa las dunas doradas y desentierra los secretos del desierto, crear\u00e1 recuerdos inolvidables que perdurar\u00e1n mucho tiempo despu\u00e9s de que se haya asentado el polvo.<\/p>\n","protected":false},"excerpt":{"rendered":"<p>Excursi\u00f3n 4&#215;4 al desierto de Merzouga: Una emocionante aventura todoterreno El desierto de Merzouga, situado en el sureste de Marruecos, es un destino cautivador e hipnotizador caracterizado por sus inmensas dunas doradas y su fascinante patrimonio cultural. Una excursi\u00f3n en 4&#215;4 por el desierto de Merzouga ofrece una aventura adrenal\u00ednica e inolvidable, que lleva a [&hellip;]<\/p>\n","protected":false},"author":1,"featured_media":0,"parent":0,"menu_order":0,"comment_status":"closed","ping_status":"closed","template":"","meta":{"footnotes":""},"class_list":["post-191","page","type-page","status-publish","hentry"],"yoast_head":"<!-- This site is optimized with the Yoast SEO Premium plugin v19.0 (Yoast SEO v22.7) - https:\/\/yoast.com\/wordpress\/plugins\/seo\/ -->\n<title>Excursi\u00f3n 4x4 al desierto de Merzouga<\/title>\n<meta name=\"description\" content=\"Vive una emocionante aventura en el desierto de Merzouga con nuestra excursi\u00f3n en 4x4, descubriendo su belleza natural y paisajes...\" \/>\n<meta name=\"robots\" content=\"index, follow, max-snippet:-1, max-image-preview:large, max-video-preview:-1\" \/>\n<link rel=\"canonical\" href=\"https:\/\/saharatoursluxurycamp.com\/es\/excursion-4x4-al-desierto-de-merzouga\/\" \/>\n<meta property=\"og:locale\" content=\"es_ES\" \/>\n<meta property=\"og:type\" content=\"article\" \/>\n<meta property=\"og:title\" content=\"Excursi\u00f3n 4x4 al desierto de Merzouga\" \/>\n<meta property=\"og:description\" content=\"Vive una emocionante aventura en el desierto de Merzouga con nuestra excursi\u00f3n en 4x4, descubriendo su belleza natural y paisajes...\" \/>\n<meta property=\"og:url\" content=\"https:\/\/saharatoursluxurycamp.com\/es\/excursion-4x4-al-desierto-de-merzouga\/\" \/>\n<meta property=\"og:site_name\" content=\"Sahara Tours Luxury Camp\" \/>\n<meta property=\"article:modified_time\" content=\"2023-05-03T01:45:08+00:00\" \/>\n<meta name=\"twitter:card\" content=\"summary_large_image\" \/>\n<meta name=\"twitter:label1\" content=\"Tiempo de lectura\" \/>\n\t<meta name=\"twitter:data1\" content=\"2 minutos\" \/>\n<script type=\"application\/ld+json\" class=\"yoast-schema-graph\">{\"@context\":\"https:\/\/schema.org\",\"@graph\":[{\"@type\":\"WebPage\",\"@id\":\"https:\/\/saharatoursluxurycamp.com\/es\/excursion-4x4-al-desierto-de-merzouga\/\",\"url\":\"https:\/\/saharatoursluxurycamp.com\/es\/excursion-4x4-al-desierto-de-merzouga\/\",\"name\":\"Excursi\u00f3n 4x4 al desierto de Merzouga\",\"isPartOf\":{\"@id\":\"https:\/\/saharatoursluxurycamp.com\/es\/#website\"},\"datePublished\":\"2023-04-04T22:47:49+00:00\",\"dateModified\":\"2023-05-03T01:45:08+00:00\",\"description\":\"Vive una emocionante aventura en el desierto de Merzouga con nuestra excursi\u00f3n en 4x4, descubriendo su belleza natural y paisajes...\",\"breadcrumb\":{\"@id\":\"https:\/\/saharatoursluxurycamp.com\/es\/excursion-4x4-al-desierto-de-merzouga\/#breadcrumb\"},\"inLanguage\":\"es\",\"potentialAction\":[{\"@type\":\"ReadAction\",\"target\":[\"https:\/\/saharatoursluxurycamp.com\/es\/excursion-4x4-al-desierto-de-merzouga\/\"]}]},{\"@type\":\"BreadcrumbList\",\"@id\":\"https:\/\/saharatoursluxurycamp.com\/es\/excursion-4x4-al-desierto-de-merzouga\/#breadcrumb\",\"itemListElement\":[{\"@type\":\"ListItem\",\"position\":1,\"name\":\"Home\",\"item\":\"https:\/\/saharatoursluxurycamp.com\/es\/\"},{\"@type\":\"ListItem\",\"position\":2,\"name\":\"Excursi\u00f3n 4&#215;4 al desierto de Merzouga\"}]},{\"@type\":\"WebSite\",\"@id\":\"https:\/\/saharatoursluxurycamp.com\/es\/#website\",\"url\":\"https:\/\/saharatoursluxurycamp.com\/es\/\",\"name\":\"Sahara Tours Luxury Camp\",\"description\":\"Morocco Desert Tours - Tours &amp; Excursions in Morocco\",\"publisher\":{\"@id\":\"https:\/\/saharatoursluxurycamp.com\/es\/#organization\"},\"potentialAction\":[{\"@type\":\"SearchAction\",\"target\":{\"@type\":\"EntryPoint\",\"urlTemplate\":\"https:\/\/saharatoursluxurycamp.com\/es\/?s={search_term_string}\"},\"query-input\":\"required name=search_term_string\"}],\"inLanguage\":\"es\"},{\"@type\":\"Organization\",\"@id\":\"https:\/\/saharatoursluxurycamp.com\/es\/#organization\",\"name\":\"Sahara Tours Luxury Camp\",\"url\":\"https:\/\/saharatoursluxurycamp.com\/es\/\",\"logo\":{\"@type\":\"ImageObject\",\"inLanguage\":\"es\",\"@id\":\"https:\/\/saharatoursluxurycamp.com\/es\/#\/schema\/logo\/image\/\",\"url\":\"https:\/\/saharatoursluxurycamp.com\/es\/wp-content\/uploads\/2023\/03\/logo.png\",\"contentUrl\":\"https:\/\/saharatoursluxurycamp.com\/es\/wp-content\/uploads\/2023\/03\/logo.png\",\"width\":768,\"height\":284,\"caption\":\"Sahara Tours Luxury Camp\"},\"image\":{\"@id\":\"https:\/\/saharatoursluxurycamp.com\/es\/#\/schema\/logo\/image\/\"}}]}<\/script>\n<!-- \/ Yoast SEO Premium plugin. -->","yoast_head_json":{"title":"Excursi\u00f3n 4x4 al desierto de Merzouga","description":"Vive una emocionante aventura en el desierto de Merzouga con nuestra excursi\u00f3n en 4x4, descubriendo su belleza natural y paisajes...","robots":{"index":"index","follow":"follow","max-snippet":"max-snippet:-1","max-image-preview":"max-image-preview:large","max-video-preview":"max-video-preview:-1"},"canonical":"https:\/\/saharatoursluxurycamp.com\/es\/excursion-4x4-al-desierto-de-merzouga\/","og_locale":"es_ES","og_type":"article","og_title":"Excursi\u00f3n 4x4 al desierto de Merzouga","og_description":"Vive una emocionante aventura en el desierto de Merzouga con nuestra excursi\u00f3n en 4x4, descubriendo su belleza natural y paisajes...","og_url":"https:\/\/saharatoursluxurycamp.com\/es\/excursion-4x4-al-desierto-de-merzouga\/","og_site_name":"Sahara Tours Luxury Camp","article_modified_time":"2023-05-03T01:45:08+00:00","twitter_card":"summary_large_image","twitter_misc":{"Tiempo de lectura":"2 minutos"},"schema":{"@context":"https:\/\/schema.org","@graph":[{"@type":"WebPage","@id":"https:\/\/saharatoursluxurycamp.com\/es\/excursion-4x4-al-desierto-de-merzouga\/","url":"https:\/\/saharatoursluxurycamp.com\/es\/excursion-4x4-al-desierto-de-merzouga\/","name":"Excursi\u00f3n 4x4 al desierto de Merzouga","isPartOf":{"@id":"https:\/\/saharatoursluxurycamp.com\/es\/#website"},"datePublished":"2023-04-04T22:47:49+00:00","dateModified":"2023-05-03T01:45:08+00:00","description":"Vive una emocionante aventura en el desierto de Merzouga con nuestra excursi\u00f3n en 4x4, descubriendo su belleza natural y paisajes...","breadcrumb":{"@id":"https:\/\/saharatoursluxurycamp.com\/es\/excursion-4x4-al-desierto-de-merzouga\/#breadcrumb"},"inLanguage":"es","potentialAction":[{"@type":"ReadAction","target":["https:\/\/saharatoursluxurycamp.com\/es\/excursion-4x4-al-desierto-de-merzouga\/"]}]},{"@type":"BreadcrumbList","@id":"https:\/\/saharatoursluxurycamp.com\/es\/excursion-4x4-al-desierto-de-merzouga\/#breadcrumb","itemListElement":[{"@type":"ListItem","position":1,"name":"Home","item":"https:\/\/saharatoursluxurycamp.com\/es\/"},{"@type":"ListItem","position":2,"name":"Excursi\u00f3n 4&#215;4 al desierto de Merzouga"}]},{"@type":"WebSite","@id":"https:\/\/saharatoursluxurycamp.com\/es\/#website","url":"https:\/\/saharatoursluxurycamp.com\/es\/","name":"Sahara Tours Luxury Camp","description":"Morocco Desert Tours - Tours &amp; Excursions in Morocco","publisher":{"@id":"https:\/\/saharatoursluxurycamp.com\/es\/#organization"},"potentialAction":[{"@type":"SearchAction","target":{"@type":"EntryPoint","urlTemplate":"https:\/\/saharatoursluxurycamp.com\/es\/?s={search_term_string}"},"query-input":"required name=search_term_string"}],"inLanguage":"es"},{"@type":"Organization","@id":"https:\/\/saharatoursluxurycamp.com\/es\/#organization","name":"Sahara Tours Luxury Camp","url":"https:\/\/saharatoursluxurycamp.com\/es\/","logo":{"@type":"ImageObject","inLanguage":"es","@id":"https:\/\/saharatoursluxurycamp.com\/es\/#\/schema\/logo\/image\/","url":"https:\/\/saharatoursluxurycamp.com\/es\/wp-content\/uploads\/2023\/03\/logo.png","contentUrl":"https:\/\/saharatoursluxurycamp.com\/es\/wp-content\/uploads\/2023\/03\/logo.png","width":768,"height":284,"caption":"Sahara Tours Luxury Camp"},"image":{"@id":"https:\/\/saharatoursluxurycamp.com\/es\/#\/schema\/logo\/image\/"}}]}},"_links":{"self":[{"href":"https:\/\/saharatoursluxurycamp.com\/es\/wp-json\/wp\/v2\/pages\/191","targetHints":{"allow":["GET"]}}],"collection":[{"href":"https:\/\/saharatoursluxurycamp.com\/es\/wp-json\/wp\/v2\/pages"}],"about":[{"href":"https:\/\/saharatoursluxurycamp.com\/es\/wp-json\/wp\/v2\/types\/page"}],"author":[{"embeddable":true,"href":"https:\/\/saharatoursluxurycamp.com\/es\/wp-json\/wp\/v2\/users\/1"}],"replies":[{"embeddable":true,"href":"https:\/\/saharatoursluxurycamp.com\/es\/wp-json\/wp\/v2\/comments?post=191"}],"version-history":[{"count":6,"href":"https:\/\/saharatoursluxurycamp.com\/es\/wp-json\/wp\/v2\/pages\/191\/revisions"}],"predecessor-version":[{"id":694,"href":"https:\/\/saharatoursluxurycamp.com\/es\/wp-json\/wp\/v2\/pages\/191\/revisions\/694"}],"wp:attachment":[{"href":"https:\/\/saharatoursluxurycamp.com\/es\/wp-json\/wp\/v2\/media?parent=191"}],"curies":[{"name":"wp","href":"https:\/\/api.w.org\/{rel}","templated":true}]}}