{"id":189,"date":"2023-04-04T22:45:54","date_gmt":"2023-04-04T22:45:54","guid":{"rendered":"https:\/\/saharatoursluxurycamp.com\/es\/?page_id=189"},"modified":"2023-05-03T12:28:00","modified_gmt":"2023-05-03T12:28:00","slug":"excursiones-en-camello-por-el-desierto-de-merzouga","status":"publish","type":"page","link":"https:\/\/saharatoursluxurycamp.com\/es\/excursiones-en-camello-por-el-desierto-de-merzouga\/","title":{"rendered":"Excursiones en camello por el desierto de Merzouga"},"content":{"rendered":"<h4>Excursi\u00f3n en camello por el desierto de Merzouga: Un viaje a trav\u00e9s del tiempo y la belleza<\/h4>\n<p>Embarcarse en una excursi\u00f3n a camello por el desierto de Merzouga es una experiencia \u00fanica que le transportar\u00e1 a un mundo de belleza, misticismo y riqueza cultural sin parang\u00f3n. Situado en el sureste de Marruecos, el desierto de Merzouga es famoso por sus espectaculares dunas de Erg Chebbi, una de las formaciones de arena m\u00e1s grandes e impresionantes del pa\u00eds. Una excursi\u00f3n en camello por esta impresionante regi\u00f3n ofrece a los viajeros una aventura aut\u00e9ntica e inolvidable que muestra el fascinante paisaje de la regi\u00f3n y la vibrante cultura bereber.<\/p>\n<p>La excursi\u00f3n a camello por el desierto de Merzouga comienza en el encantador pueblo de Merzouga, que sirve de puerta de entrada a las majestuosas dunas de Erg Chebbi. De la mano de gu\u00edas bereberes locales expertos y amables, se embarcar\u00e1 en un incre\u00edble viaje a lomos de camellos, el medio de transporte tradicional del desierto, tambi\u00e9n conocidos como los \u00abbarcos del desierto\u00bb. Mientras navega por las dunas doradas, tendr\u00e1 la oportunidad de aprender sobre el ecosistema \u00fanico del desierto, su historia y el modo de vida n\u00f3mada.<\/p>\n<p>Uno de los aspectos m\u00e1s destacados de la excursi\u00f3n en camello por el desierto de Merzouga es la oportunidad de experimentar la calidez y hospitalidad de la cultura bereber. Tras un d\u00eda atravesando las dunas, ser\u00e1 recibido en un campamento bereber tradicional, donde degustar\u00e1 la deliciosa cocina marroqu\u00ed preparada al fuego y disfrutar\u00e1 de la aut\u00e9ntica m\u00fasica bereber. La inolvidable experiencia de dormir bajo las estrellas, envuelto por el silencio y la serenidad de la noche del desierto, es realmente transformadora.<\/p>\n<h3>Las excursiones en camello por el desierto de <a href=\"https:\/\/saharatoursluxurycamp.com\/es\/4-dias-desde-marrakech-a-fez-via-el-desierto-de-merzouga-2\/\">Merzouga<\/a><\/h3>\n<p>Se pueden personalizar para adaptarse a distintas preferencias y niveles de forma f\u00edsica. Las opciones van desde paseos cortos por los alrededores del pueblo hasta excursiones de varios d\u00edas que le adentrar\u00e1n en el coraz\u00f3n del desierto. Independientemente de la duraci\u00f3n de la excursi\u00f3n, los recuerdos y los v\u00ednculos forjados durante su estancia en el desierto de Merzouga le acompa\u00f1ar\u00e1n mucho tiempo despu\u00e9s de haber regresado a casa.<\/p>\n<p>En resumen, una excursi\u00f3n a camello por el desierto de Merzouga es una aventura extraordinaria que combina la encantadora belleza del paisaje des\u00e9rtico con el rico patrimonio cultural del pueblo bereber. Es un viaje que le permite retroceder en el tiempo y sumergirse en la magia del desierto, creando recuerdos inolvidables y dej\u00e1ndole un profundo aprecio por este extraordinario rinc\u00f3n del mundo.<\/p>\n","protected":false},"excerpt":{"rendered":"<p>Excursi\u00f3n en camello por el desierto de Merzouga: Un viaje a trav\u00e9s del tiempo y la belleza Embarcarse en una excursi\u00f3n a camello por el desierto de Merzouga es una experiencia \u00fanica que le transportar\u00e1 a un mundo de belleza, misticismo y riqueza cultural sin parang\u00f3n. Situado en el sureste de Marruecos, el desierto de [&hellip;]<\/p>\n","protected":false},"author":1,"featured_media":476,"parent":0,"menu_order":0,"comment_status":"closed","ping_status":"closed","template":"","meta":{"footnotes":""},"class_list":["post-189","page","type-page","status-publish","has-post-thumbnail","hentry"],"yoast_head":"<!-- This site is optimized with the Yoast SEO Premium plugin v19.0 (Yoast SEO v22.7) - https:\/\/yoast.com\/wordpress\/plugins\/seo\/ -->\n<title>Excursiones en camello por el desierto de Merzouga<\/title>\n<meta name=\"description\" content=\"Avent\u00farate en una emocionante excursi\u00f3n en camello por el desierto de Merzouga y vive una experiencia inolvidable en Marruecos.\" \/>\n<meta name=\"robots\" content=\"index, follow, max-snippet:-1, max-image-preview:large, max-video-preview:-1\" \/>\n<link rel=\"canonical\" href=\"https:\/\/saharatoursluxurycamp.com\/es\/excursiones-en-camello-por-el-desierto-de-merzouga\/\" \/>\n<meta property=\"og:locale\" content=\"es_ES\" \/>\n<meta property=\"og:type\" content=\"article\" \/>\n<meta property=\"og:title\" content=\"Excursiones en camello por el desierto de Merzouga\" \/>\n<meta property=\"og:description\" content=\"Avent\u00farate en una emocionante excursi\u00f3n en camello por el desierto de Merzouga y vive una experiencia inolvidable en Marruecos.\" \/>\n<meta property=\"og:url\" content=\"https:\/\/saharatoursluxurycamp.com\/es\/excursiones-en-camello-por-el-desierto-de-merzouga\/\" \/>\n<meta property=\"og:site_name\" content=\"Sahara Tours Luxury Camp\" \/>\n<meta property=\"article:modified_time\" content=\"2023-05-03T12:28:00+00:00\" \/>\n<meta property=\"og:image\" content=\"https:\/\/saharatoursluxurycamp.com\/es\/wp-content\/uploads\/2023\/04\/marra-1.jpeg\" \/>\n\t<meta property=\"og:image:width\" content=\"799\" \/>\n\t<meta property=\"og:image:height\" content=\"533\" \/>\n\t<meta property=\"og:image:type\" content=\"image\/jpeg\" \/>\n<meta name=\"twitter:card\" content=\"summary_large_image\" \/>\n<meta name=\"twitter:label1\" content=\"Tiempo de lectura\" \/>\n\t<meta name=\"twitter:data1\" content=\"2 minutos\" \/>\n<script type=\"application\/ld+json\" class=\"yoast-schema-graph\">{\"@context\":\"https:\/\/schema.org\",\"@graph\":[{\"@type\":\"WebPage\",\"@id\":\"https:\/\/saharatoursluxurycamp.com\/es\/excursiones-en-camello-por-el-desierto-de-merzouga\/\",\"url\":\"https:\/\/saharatoursluxurycamp.com\/es\/excursiones-en-camello-por-el-desierto-de-merzouga\/\",\"name\":\"Excursiones en camello por el desierto de Merzouga\",\"isPartOf\":{\"@id\":\"https:\/\/saharatoursluxurycamp.com\/es\/#website\"},\"primaryImageOfPage\":{\"@id\":\"https:\/\/saharatoursluxurycamp.com\/es\/excursiones-en-camello-por-el-desierto-de-merzouga\/#primaryimage\"},\"image\":{\"@id\":\"https:\/\/saharatoursluxurycamp.com\/es\/excursiones-en-camello-por-el-desierto-de-merzouga\/#primaryimage\"},\"thumbnailUrl\":\"https:\/\/saharatoursluxurycamp.com\/es\/wp-content\/uploads\/2023\/04\/marra-1.jpeg\",\"datePublished\":\"2023-04-04T22:45:54+00:00\",\"dateModified\":\"2023-05-03T12:28:00+00:00\",\"description\":\"Avent\u00farate en una emocionante excursi\u00f3n en camello por el desierto de Merzouga y vive una experiencia inolvidable en Marruecos.\",\"breadcrumb\":{\"@id\":\"https:\/\/saharatoursluxurycamp.com\/es\/excursiones-en-camello-por-el-desierto-de-merzouga\/#breadcrumb\"},\"inLanguage\":\"es\",\"potentialAction\":[{\"@type\":\"ReadAction\",\"target\":[\"https:\/\/saharatoursluxurycamp.com\/es\/excursiones-en-camello-por-el-desierto-de-merzouga\/\"]}]},{\"@type\":\"ImageObject\",\"inLanguage\":\"es\",\"@id\":\"https:\/\/saharatoursluxurycamp.com\/es\/excursiones-en-camello-por-el-desierto-de-merzouga\/#primaryimage\",\"url\":\"https:\/\/saharatoursluxurycamp.com\/es\/wp-content\/uploads\/2023\/04\/marra-1.jpeg\",\"contentUrl\":\"https:\/\/saharatoursluxurycamp.com\/es\/wp-content\/uploads\/2023\/04\/marra-1.jpeg\",\"width\":799,\"height\":533,\"caption\":\"Excursiones en camello por el desierto de Merzouga\"},{\"@type\":\"BreadcrumbList\",\"@id\":\"https:\/\/saharatoursluxurycamp.com\/es\/excursiones-en-camello-por-el-desierto-de-merzouga\/#breadcrumb\",\"itemListElement\":[{\"@type\":\"ListItem\",\"position\":1,\"name\":\"Home\",\"item\":\"https:\/\/saharatoursluxurycamp.com\/es\/\"},{\"@type\":\"ListItem\",\"position\":2,\"name\":\"Excursiones en camello por el desierto de Merzouga\"}]},{\"@type\":\"WebSite\",\"@id\":\"https:\/\/saharatoursluxurycamp.com\/es\/#website\",\"url\":\"https:\/\/saharatoursluxurycamp.com\/es\/\",\"name\":\"Sahara Tours Luxury Camp\",\"description\":\"Morocco Desert Tours - Tours &amp; Excursions in Morocco\",\"publisher\":{\"@id\":\"https:\/\/saharatoursluxurycamp.com\/es\/#organization\"},\"potentialAction\":[{\"@type\":\"SearchAction\",\"target\":{\"@type\":\"EntryPoint\",\"urlTemplate\":\"https:\/\/saharatoursluxurycamp.com\/es\/?s={search_term_string}\"},\"query-input\":\"required name=search_term_string\"}],\"inLanguage\":\"es\"},{\"@type\":\"Organization\",\"@id\":\"https:\/\/saharatoursluxurycamp.com\/es\/#organization\",\"name\":\"Sahara Tours Luxury Camp\",\"url\":\"https:\/\/saharatoursluxurycamp.com\/es\/\",\"logo\":{\"@type\":\"ImageObject\",\"inLanguage\":\"es\",\"@id\":\"https:\/\/saharatoursluxurycamp.com\/es\/#\/schema\/logo\/image\/\",\"url\":\"https:\/\/saharatoursluxurycamp.com\/es\/wp-content\/uploads\/2023\/03\/logo.png\",\"contentUrl\":\"https:\/\/saharatoursluxurycamp.com\/es\/wp-content\/uploads\/2023\/03\/logo.png\",\"width\":768,\"height\":284,\"caption\":\"Sahara Tours Luxury Camp\"},\"image\":{\"@id\":\"https:\/\/saharatoursluxurycamp.com\/es\/#\/schema\/logo\/image\/\"}}]}<\/script>\n<!-- \/ Yoast SEO Premium plugin. -->","yoast_head_json":{"title":"Excursiones en camello por el desierto de Merzouga","description":"Avent\u00farate en una emocionante excursi\u00f3n en camello por el desierto de Merzouga y vive una experiencia inolvidable en Marruecos.","robots":{"index":"index","follow":"follow","max-snippet":"max-snippet:-1","max-image-preview":"max-image-preview:large","max-video-preview":"max-video-preview:-1"},"canonical":"https:\/\/saharatoursluxurycamp.com\/es\/excursiones-en-camello-por-el-desierto-de-merzouga\/","og_locale":"es_ES","og_type":"article","og_title":"Excursiones en camello por el desierto de Merzouga","og_description":"Avent\u00farate en una emocionante excursi\u00f3n en camello por el desierto de Merzouga y vive una experiencia inolvidable en Marruecos.","og_url":"https:\/\/saharatoursluxurycamp.com\/es\/excursiones-en-camello-por-el-desierto-de-merzouga\/","og_site_name":"Sahara Tours Luxury Camp","article_modified_time":"2023-05-03T12:28:00+00:00","og_image":[{"width":799,"height":533,"url":"https:\/\/saharatoursluxurycamp.com\/es\/wp-content\/uploads\/2023\/04\/marra-1.jpeg","type":"image\/jpeg"}],"twitter_card":"summary_large_image","twitter_misc":{"Tiempo de lectura":"2 minutos"},"schema":{"@context":"https:\/\/schema.org","@graph":[{"@type":"WebPage","@id":"https:\/\/saharatoursluxurycamp.com\/es\/excursiones-en-camello-por-el-desierto-de-merzouga\/","url":"https:\/\/saharatoursluxurycamp.com\/es\/excursiones-en-camello-por-el-desierto-de-merzouga\/","name":"Excursiones en camello por el desierto de Merzouga","isPartOf":{"@id":"https:\/\/saharatoursluxurycamp.com\/es\/#website"},"primaryImageOfPage":{"@id":"https:\/\/saharatoursluxurycamp.com\/es\/excursiones-en-camello-por-el-desierto-de-merzouga\/#primaryimage"},"image":{"@id":"https:\/\/saharatoursluxurycamp.com\/es\/excursiones-en-camello-por-el-desierto-de-merzouga\/#primaryimage"},"thumbnailUrl":"https:\/\/saharatoursluxurycamp.com\/es\/wp-content\/uploads\/2023\/04\/marra-1.jpeg","datePublished":"2023-04-04T22:45:54+00:00","dateModified":"2023-05-03T12:28:00+00:00","description":"Avent\u00farate en una emocionante excursi\u00f3n en camello por el desierto de Merzouga y vive una experiencia inolvidable en Marruecos.","breadcrumb":{"@id":"https:\/\/saharatoursluxurycamp.com\/es\/excursiones-en-camello-por-el-desierto-de-merzouga\/#breadcrumb"},"inLanguage":"es","potentialAction":[{"@type":"ReadAction","target":["https:\/\/saharatoursluxurycamp.com\/es\/excursiones-en-camello-por-el-desierto-de-merzouga\/"]}]},{"@type":"ImageObject","inLanguage":"es","@id":"https:\/\/saharatoursluxurycamp.com\/es\/excursiones-en-camello-por-el-desierto-de-merzouga\/#primaryimage","url":"https:\/\/saharatoursluxurycamp.com\/es\/wp-content\/uploads\/2023\/04\/marra-1.jpeg","contentUrl":"https:\/\/saharatoursluxurycamp.com\/es\/wp-content\/uploads\/2023\/04\/marra-1.jpeg","width":799,"height":533,"caption":"Excursiones en camello por el desierto de Merzouga"},{"@type":"BreadcrumbList","@id":"https:\/\/saharatoursluxurycamp.com\/es\/excursiones-en-camello-por-el-desierto-de-merzouga\/#breadcrumb","itemListElement":[{"@type":"ListItem","position":1,"name":"Home","item":"https:\/\/saharatoursluxurycamp.com\/es\/"},{"@type":"ListItem","position":2,"name":"Excursiones en camello por el desierto de Merzouga"}]},{"@type":"WebSite","@id":"https:\/\/saharatoursluxurycamp.com\/es\/#website","url":"https:\/\/saharatoursluxurycamp.com\/es\/","name":"Sahara Tours Luxury Camp","description":"Morocco Desert Tours - Tours &amp; Excursions in Morocco","publisher":{"@id":"https:\/\/saharatoursluxurycamp.com\/es\/#organization"},"potentialAction":[{"@type":"SearchAction","target":{"@type":"EntryPoint","urlTemplate":"https:\/\/saharatoursluxurycamp.com\/es\/?s={search_term_string}"},"query-input":"required name=search_term_string"}],"inLanguage":"es"},{"@type":"Organization","@id":"https:\/\/saharatoursluxurycamp.com\/es\/#organization","name":"Sahara Tours Luxury Camp","url":"https:\/\/saharatoursluxurycamp.com\/es\/","logo":{"@type":"ImageObject","inLanguage":"es","@id":"https:\/\/saharatoursluxurycamp.com\/es\/#\/schema\/logo\/image\/","url":"https:\/\/saharatoursluxurycamp.com\/es\/wp-content\/uploads\/2023\/03\/logo.png","contentUrl":"https:\/\/saharatoursluxurycamp.com\/es\/wp-content\/uploads\/2023\/03\/logo.png","width":768,"height":284,"caption":"Sahara Tours Luxury Camp"},"image":{"@id":"https:\/\/saharatoursluxurycamp.com\/es\/#\/schema\/logo\/image\/"}}]}},"_links":{"self":[{"href":"https:\/\/saharatoursluxurycamp.com\/es\/wp-json\/wp\/v2\/pages\/189","targetHints":{"allow":["GET"]}}],"collection":[{"href":"https:\/\/saharatoursluxurycamp.com\/es\/wp-json\/wp\/v2\/pages"}],"about":[{"href":"https:\/\/saharatoursluxurycamp.com\/es\/wp-json\/wp\/v2\/types\/page"}],"author":[{"embeddable":true,"href":"https:\/\/saharatoursluxurycamp.com\/es\/wp-json\/wp\/v2\/users\/1"}],"replies":[{"embeddable":true,"href":"https:\/\/saharatoursluxurycamp.com\/es\/wp-json\/wp\/v2\/comments?post=189"}],"version-history":[{"count":6,"href":"https:\/\/saharatoursluxurycamp.com\/es\/wp-json\/wp\/v2\/pages\/189\/revisions"}],"predecessor-version":[{"id":711,"href":"https:\/\/saharatoursluxurycamp.com\/es\/wp-json\/wp\/v2\/pages\/189\/revisions\/711"}],"wp:featuredmedia":[{"embeddable":true,"href":"https:\/\/saharatoursluxurycamp.com\/es\/wp-json\/wp\/v2\/media\/476"}],"wp:attachment":[{"href":"https:\/\/saharatoursluxurycamp.com\/es\/wp-json\/wp\/v2\/media?parent=189"}],"curies":[{"name":"wp","href":"https:\/\/api.w.org\/{rel}","templated":true}]}}