{"id":186,"date":"2023-04-04T21:49:01","date_gmt":"2023-04-04T21:49:01","guid":{"rendered":"https:\/\/saharatoursluxurycamp.com\/es\/?page_id=186"},"modified":"2023-05-03T12:38:18","modified_gmt":"2023-05-03T12:38:18","slug":"about-us","status":"publish","type":"page","link":"https:\/\/saharatoursluxurycamp.com\/es\/about-us\/","title":{"rendered":"Quienes Somos"},"content":{"rendered":"\t\t<div data-elementor-type=\"wp-page\" data-elementor-id=\"186\" class=\"elementor elementor-186\">\n\t\t\t\t\t\t<section class=\"elementor-section elementor-top-section elementor-element elementor-element-387ecf68 elementor-section-boxed elementor-section-height-default elementor-section-height-default\" data-id=\"387ecf68\" data-element_type=\"section\" data-settings=\"{&quot;background_background&quot;:&quot;classic&quot;}\">\n\t\t\t\t\t\t<div class=\"elementor-container elementor-column-gap-no\">\n\t\t\t\t\t<div class=\"elementor-column elementor-col-100 elementor-top-column elementor-element elementor-element-11a07b19\" data-id=\"11a07b19\" data-element_type=\"column\">\n\t\t\t<div class=\"elementor-widget-wrap elementor-element-populated\">\n\t\t\t\t\t\t<section class=\"elementor-section elementor-inner-section elementor-element elementor-element-1fc66c22 elementor-section-boxed elementor-section-height-default elementor-section-height-default\" data-id=\"1fc66c22\" data-element_type=\"section\">\n\t\t\t\t\t\t<div class=\"elementor-container elementor-column-gap-default\">\n\t\t\t\t\t<div class=\"elementor-column elementor-col-100 elementor-inner-column elementor-element elementor-element-4289a7a8\" data-id=\"4289a7a8\" data-element_type=\"column\">\n\t\t\t<div class=\"elementor-widget-wrap elementor-element-populated\">\n\t\t\t\t\t\t<div class=\"elementor-element elementor-element-3b9fd137 elementor-widget elementor-widget-elementskit-heading\" data-id=\"3b9fd137\" data-element_type=\"widget\" data-widget_type=\"elementskit-heading.default\">\n\t\t\t\t<div class=\"elementor-widget-container\">\n\t\t\t<div class=\"ekit-wid-con\" ><div class=\"ekit-heading elementskit-section-title-wraper center   ekit_heading_tablet-   ekit_heading_mobile-\"><h2 class=\"ekit-heading--title elementskit-section-title \">Quienes Somos<\/h2><\/div><\/div>\t\t<\/div>\n\t\t\t\t<\/div>\n\t\t\t\t\t<\/div>\n\t\t<\/div>\n\t\t\t\t\t<\/div>\n\t\t<\/section>\n\t\t\t\t\t<\/div>\n\t\t<\/div>\n\t\t\t\t\t<\/div>\n\t\t<\/section>\n\t\t\t\t<section class=\"elementor-section elementor-top-section elementor-element elementor-element-369231a3 elementor-section-boxed elementor-section-height-default elementor-section-height-default\" data-id=\"369231a3\" data-element_type=\"section\">\n\t\t\t\t\t\t<div class=\"elementor-container elementor-column-gap-default\">\n\t\t\t\t\t<div class=\"elementor-column elementor-col-100 elementor-top-column elementor-element elementor-element-472b3b46\" data-id=\"472b3b46\" data-element_type=\"column\">\n\t\t\t<div class=\"elementor-widget-wrap elementor-element-populated\">\n\t\t\t\t\t\t<div class=\"elementor-element elementor-element-6157d76d elementor-widget elementor-widget-elementskit-heading\" data-id=\"6157d76d\" data-element_type=\"widget\" data-widget_type=\"elementskit-heading.default\">\n\t\t\t\t<div class=\"elementor-widget-container\">\n\t\t\t<div class=\"ekit-wid-con\" ><div class=\"ekit-heading elementskit-section-title-wraper center   ekit_heading_tablet-   ekit_heading_mobile-\"><h2 class=\"ekit-heading--title elementskit-section-title \">Sahara Tours Luxury Camp<\/h2><div class=\"ekit_heading_separetor_wraper ekit_heading_elementskit-border-star\"><div class=\"elementskit-border-star\"><\/div><\/div><\/div><\/div>\t\t<\/div>\n\t\t\t\t<\/div>\n\t\t\t\t<div class=\"elementor-element elementor-element-5d4d217 elementor-widget elementor-widget-text-editor\" data-id=\"5d4d217\" data-element_type=\"widget\" data-widget_type=\"text-editor.default\">\n\t\t\t\t<div class=\"elementor-widget-container\">\n\t\t\t\t\t\t\t<p>Bienvenido a <strong>Sahara Tours Luxury Camp<\/strong>, su puerta de entrada para descubrir el vibrante y encantador pa\u00eds de Marruecos.<\/p><p>Nuestra agencia est\u00e1 formada por un equipo de apasionados y experimentados expertos en viajes que conocen a fondo la cultura, la historia y la geograf\u00eda de Marruecos. Nos especializamos en la elaboraci\u00f3n de itinerarios \u00fanicos y personalizados que permiten a los viajeros sumergirse en la cultura local y crear recuerdos inolvidables.<\/p><p>Nuestro objetivo es ofrecer un servicio y una asistencia excepcionales a todos nuestros clientes. Desde el momento en que se ponga en contacto con nosotros, trabajaremos estrechamente con usted para comprender sus necesidades y preferencias de viaje. Estamos comprometidos a proporcionar una comunicaci\u00f3n transparente y oportuna, asegurando que su viaje sea libre de estr\u00e9s y sin problemas.<\/p><p>En Sahara Tours Luxury Camp, entendemos la importancia de la sostenibilidad y el turismo responsable. Por eso estamos comprometidos a trabajar con las comunidades locales, apoyar a las empresas locales, y reducir al m\u00ednimo nuestro impacto ambiental. Nos esforzamos por crear experiencias de viaje significativas y aut\u00e9nticas, preservando al mismo tiempo el patrimonio natural y cultural de Marruecos.<\/p><p>Si est\u00e1 interesado en explorar los bulliciosos zocos de Marrakech, hacer senderismo por las monta\u00f1as del Atlas o relajarse en las hermosas playas de Essaouira, tenemos la experiencia y los conocimientos necesarios para que su viaje sea un \u00e9xito. Perm\u00edtanos ayudarle a crear un viaje de su vida a Marruecos.<\/p><p>Gracias por considerar Morocco Tours Agency para sus necesidades de viaje. Esperamos con inter\u00e9s trabajar con usted y compartir la magia de Marruecos.<\/p>\t\t\t\t\t\t<\/div>\n\t\t\t\t<\/div>\n\t\t\t\t\t<\/div>\n\t\t<\/div>\n\t\t\t\t\t<\/div>\n\t\t<\/section>\n\t\t\t\t<section class=\"elementor-section elementor-top-section elementor-element elementor-element-21e5e0fb elementor-section-boxed elementor-section-height-default elementor-section-height-default\" data-id=\"21e5e0fb\" data-element_type=\"section\" data-settings=\"{&quot;background_background&quot;:&quot;classic&quot;}\">\n\t\t\t\t\t\t<div class=\"elementor-container elementor-column-gap-default\">\n\t\t\t\t\t<div class=\"elementor-column elementor-col-100 elementor-top-column elementor-element elementor-element-58d44283\" data-id=\"58d44283\" data-element_type=\"column\">\n\t\t\t<div class=\"elementor-widget-wrap elementor-element-populated\">\n\t\t\t\t\t\t<section class=\"elementor-section elementor-inner-section elementor-element elementor-element-3c8c92e9 elementor-section-boxed elementor-section-height-default elementor-section-height-default\" data-id=\"3c8c92e9\" data-element_type=\"section\">\n\t\t\t\t\t\t<div class=\"elementor-container elementor-column-gap-default\">\n\t\t\t\t\t<div class=\"elementor-column elementor-col-50 elementor-inner-column elementor-element elementor-element-62debf36\" data-id=\"62debf36\" data-element_type=\"column\">\n\t\t\t<div class=\"elementor-widget-wrap elementor-element-populated\">\n\t\t\t\t\t\t<div class=\"elementor-element elementor-element-fda50a6 elementor-widget elementor-widget-image\" data-id=\"fda50a6\" data-element_type=\"widget\" data-widget_type=\"image.default\">\n\t\t\t\t<div class=\"elementor-widget-container\">\n\t\t\t\t\t\t\t\t\t\t\t\t\t<img fetchpriority=\"high\" decoding=\"async\" width=\"799\" height=\"533\" src=\"https:\/\/saharatoursluxurycamp.com\/es\/wp-content\/uploads\/2023\/04\/marra-4.jpeg\" class=\"attachment-large size-large wp-image-478\" alt=\"\" srcset=\"https:\/\/saharatoursluxurycamp.com\/es\/wp-content\/uploads\/2023\/04\/marra-4.jpeg 799w, https:\/\/saharatoursluxurycamp.com\/es\/wp-content\/uploads\/2023\/04\/marra-4-300x200.jpeg 300w, https:\/\/saharatoursluxurycamp.com\/es\/wp-content\/uploads\/2023\/04\/marra-4-768x512.jpeg 768w\" sizes=\"(max-width: 799px) 100vw, 799px\" \/>\t\t\t\t\t\t\t\t\t\t\t\t\t<\/div>\n\t\t\t\t<\/div>\n\t\t\t\t<div class=\"elementor-element elementor-element-ba415c9 elementor-widget elementor-widget-image\" data-id=\"ba415c9\" data-element_type=\"widget\" data-widget_type=\"image.default\">\n\t\t\t\t<div class=\"elementor-widget-container\">\n\t\t\t\t\t\t\t\t\t\t\t\t\t<img decoding=\"async\" width=\"800\" height=\"534\" src=\"https:\/\/saharatoursluxurycamp.com\/es\/wp-content\/uploads\/2023\/04\/home-2.jpeg\" class=\"attachment-large size-large wp-image-469\" alt=\"Sahara Tours Luxury Camp\" srcset=\"https:\/\/saharatoursluxurycamp.com\/es\/wp-content\/uploads\/2023\/04\/home-2.jpeg 1024w, https:\/\/saharatoursluxurycamp.com\/es\/wp-content\/uploads\/2023\/04\/home-2-300x200.jpeg 300w, https:\/\/saharatoursluxurycamp.com\/es\/wp-content\/uploads\/2023\/04\/home-2-768x512.jpeg 768w\" sizes=\"(max-width: 800px) 100vw, 800px\" \/>\t\t\t\t\t\t\t\t\t\t\t\t\t<\/div>\n\t\t\t\t<\/div>\n\t\t\t\t\t<\/div>\n\t\t<\/div>\n\t\t\t\t<div class=\"elementor-column elementor-col-50 elementor-inner-column elementor-element elementor-element-15e29267\" data-id=\"15e29267\" data-element_type=\"column\">\n\t\t\t<div class=\"elementor-widget-wrap elementor-element-populated\">\n\t\t\t\t\t\t<div class=\"elementor-element elementor-element-399b23b1 elementor-widget elementor-widget-elementskit-heading\" data-id=\"399b23b1\" data-element_type=\"widget\" data-widget_type=\"elementskit-heading.default\">\n\t\t\t\t<div class=\"elementor-widget-container\">\n\t\t\t<div class=\"ekit-wid-con\" ><div class=\"ekit-heading elementskit-section-title-wraper text_left   ekit_heading_tablet-   ekit_heading_mobile-\"><h2 class=\"ekit-heading--title elementskit-section-title \">\u00bfPor qu\u00e9 elegir Marruecos?<\/h2><\/div><\/div>\t\t<\/div>\n\t\t\t\t<\/div>\n\t\t\t\t<div class=\"elementor-element elementor-element-dedc13c elementor-widget elementor-widget-text-editor\" data-id=\"dedc13c\" data-element_type=\"widget\" data-widget_type=\"text-editor.default\">\n\t\t\t\t<div class=\"elementor-widget-container\">\n\t\t\t\t\t\t\t<p><strong>Paisajes diversos:<\/strong> Marruecos cuenta con una variedad de paisajes impresionantes, desde las dunas doradas del desierto del Sahara y el terreno accidentado de las monta\u00f1as del Atlas hasta los exuberantes oasis del valle del Draa y las playas v\u00edrgenes de la costa atl\u00e1ntica. Marruecos Tours le llevar\u00e1 de viaje por estos impresionantes parajes, que le brindar\u00e1n amplias oportunidades para la exploraci\u00f3n y la aventura.<\/p><p><strong>Rica cultura:<\/strong> Marruecos es un crisol de culturas, influenciado por su herencia bereber, \u00e1rabe y francesa. Un viaje por Marruecos le sumergir\u00e1 en la vibrante cultura del pa\u00eds, permiti\u00e9ndole experimentar la m\u00fasica, la cocina y la artesan\u00eda tradicionales marroqu\u00edes.<\/p><p><strong>Historia fascinante:<\/strong> Marruecos alberga ciudades antiguas, como Fez y Marrakech, donde podr\u00e1 explorar las laber\u00ednticas calles de la Medina y maravillarse ante impresionantes obras maestras de la arquitectura. Morocco Tours le guiar\u00e1 por la rica historia del pa\u00eds, desde las ruinas romanas de Volubilis hasta el centenario pueblo fortificado de Ait Benhaddou.<\/p>\t\t\t\t\t\t<\/div>\n\t\t\t\t<\/div>\n\t\t\t\t\t<\/div>\n\t\t<\/div>\n\t\t\t\t\t<\/div>\n\t\t<\/section>\n\t\t\t\t<div class=\"elementor-element elementor-element-85bfb44 elementor-widget elementor-widget-text-editor\" data-id=\"85bfb44\" data-element_type=\"widget\" data-widget_type=\"text-editor.default\">\n\t\t\t\t<div class=\"elementor-widget-container\">\n\t\t\t\t\t\t\t<p><strong>Experiencias aut\u00e9nticas:<\/strong> Los viajes a Marruecos ofrecen una visi\u00f3n aut\u00e9ntica del modo de vida marroqu\u00ed, permiti\u00e9ndole relacionarse con los lugare\u00f1os, visitar mercados tradicionales y conocer costumbres y tradiciones milenarias.<\/p><p><strong>Itinerarios personalizados:<\/strong> Marruecos Tours ofrece itinerarios personalizados que se adaptan a sus preferencias e intereses, asegurando que usted tenga el viaje de su vida. Si desea centrarse en actividades de aventura, inmersi\u00f3n cultural o exploraci\u00f3n hist\u00f3rica, un viaje a Marruecos puede dise\u00f1arse para satisfacer sus necesidades.<\/p><p><strong>Gu\u00edas expertos:<\/strong> Los viajes a Marruecos est\u00e1n dirigidos por gu\u00edas expertos y experimentados que le proporcionar\u00e1n informaci\u00f3n valiosa sobre la historia, la cultura y las maravillas naturales del pa\u00eds. Se asegurar\u00e1n de que disfrute de un viaje seguro y agradable mientras comparten con usted su pasi\u00f3n por Marruecos.<\/p><p><strong>Viaje c\u00f3modo y sin estr\u00e9s:<\/strong> Morocco Tours se encarga de todos los detalles log\u00edsticos, como el transporte, el alojamiento y la reserva de actividades, permiti\u00e9ndole relajarse y sumergirse por completo en la experiencia marroqu\u00ed.<\/p><p><strong>Turismo responsable y sostenible:<\/strong> Muchos Viajes a Marruecos dan prioridad a las pr\u00e1cticas de viaje responsables y sostenibles, apoyando a las comunidades locales y preservando el entorno natural para que lo disfruten las generaciones futuras.<\/p><p>Al elegir un circuito por Marruecos, se embarcar\u00e1 en un viaje inolvidable por una tierra encantada, descubriendo los misterios de este cautivador reino y creando recuerdos imborrables por el camino.<\/p>\t\t\t\t\t\t<\/div>\n\t\t\t\t<\/div>\n\t\t\t\t\t<\/div>\n\t\t<\/div>\n\t\t\t\t\t<\/div>\n\t\t<\/section>\n\t\t\t\t<\/div>\n\t\t","protected":false},"excerpt":{"rendered":"<p>Quienes Somos Sahara Tours Luxury Camp Bienvenido a Sahara Tours Luxury Camp, su puerta de entrada para descubrir el vibrante y encantador pa\u00eds de Marruecos. Nuestra agencia est\u00e1 formada por un equipo de apasionados y experimentados expertos en viajes que conocen a fondo la cultura, la historia y la geograf\u00eda de Marruecos. Nos especializamos en [&hellip;]<\/p>\n","protected":false},"author":1,"featured_media":0,"parent":0,"menu_order":0,"comment_status":"closed","ping_status":"closed","template":"elementor_header_footer","meta":{"footnotes":""},"class_list":["post-186","page","type-page","status-publish","hentry"],"yoast_head":"<!-- This site is optimized with the Yoast SEO Premium plugin v19.0 (Yoast SEO v22.7) - https:\/\/yoast.com\/wordpress\/plugins\/seo\/ -->\n<title>Quienes Somos<\/title>\n<meta name=\"description\" content=\"Sahara Tours Luxury Camp es un equipo de experimentados gu\u00edas locales dedicados a proporcionar experiencias de viaje aut\u00e9nticas e inolvidables...\" \/>\n<meta name=\"robots\" content=\"index, follow, max-snippet:-1, max-image-preview:large, max-video-preview:-1\" \/>\n<link rel=\"canonical\" href=\"https:\/\/saharatoursluxurycamp.com\/es\/about-us\/\" \/>\n<meta property=\"og:locale\" content=\"es_ES\" \/>\n<meta property=\"og:type\" content=\"article\" \/>\n<meta property=\"og:title\" content=\"Quienes Somos\" \/>\n<meta property=\"og:description\" content=\"Sahara Tours Luxury Camp es un equipo de experimentados gu\u00edas locales dedicados a proporcionar experiencias de viaje aut\u00e9nticas e inolvidables...\" \/>\n<meta property=\"og:url\" content=\"https:\/\/saharatoursluxurycamp.com\/es\/about-us\/\" \/>\n<meta property=\"og:site_name\" content=\"Sahara Tours Luxury Camp\" \/>\n<meta property=\"article:modified_time\" content=\"2023-05-03T12:38:18+00:00\" \/>\n<meta property=\"og:image\" content=\"https:\/\/saharatoursluxurycamp.com\/es\/wp-content\/uploads\/2023\/04\/marra-4.jpeg\" \/>\n<meta name=\"twitter:card\" content=\"summary_large_image\" \/>\n<meta name=\"twitter:label1\" content=\"Tiempo de lectura\" \/>\n\t<meta name=\"twitter:data1\" content=\"4 minutos\" \/>\n<script type=\"application\/ld+json\" class=\"yoast-schema-graph\">{\"@context\":\"https:\/\/schema.org\",\"@graph\":[{\"@type\":\"WebPage\",\"@id\":\"https:\/\/saharatoursluxurycamp.com\/es\/about-us\/\",\"url\":\"https:\/\/saharatoursluxurycamp.com\/es\/about-us\/\",\"name\":\"Quienes Somos\",\"isPartOf\":{\"@id\":\"https:\/\/saharatoursluxurycamp.com\/es\/#website\"},\"primaryImageOfPage\":{\"@id\":\"https:\/\/saharatoursluxurycamp.com\/es\/about-us\/#primaryimage\"},\"image\":{\"@id\":\"https:\/\/saharatoursluxurycamp.com\/es\/about-us\/#primaryimage\"},\"thumbnailUrl\":\"https:\/\/saharatoursluxurycamp.com\/es\/wp-content\/uploads\/2023\/04\/marra-4.jpeg\",\"datePublished\":\"2023-04-04T21:49:01+00:00\",\"dateModified\":\"2023-05-03T12:38:18+00:00\",\"description\":\"Sahara Tours Luxury Camp es un equipo de experimentados gu\u00edas locales dedicados a proporcionar experiencias de viaje aut\u00e9nticas e inolvidables...\",\"breadcrumb\":{\"@id\":\"https:\/\/saharatoursluxurycamp.com\/es\/about-us\/#breadcrumb\"},\"inLanguage\":\"es\",\"potentialAction\":[{\"@type\":\"ReadAction\",\"target\":[\"https:\/\/saharatoursluxurycamp.com\/es\/about-us\/\"]}]},{\"@type\":\"ImageObject\",\"inLanguage\":\"es\",\"@id\":\"https:\/\/saharatoursluxurycamp.com\/es\/about-us\/#primaryimage\",\"url\":\"https:\/\/saharatoursluxurycamp.com\/es\/wp-content\/uploads\/2023\/04\/marra-4.jpeg\",\"contentUrl\":\"https:\/\/saharatoursluxurycamp.com\/es\/wp-content\/uploads\/2023\/04\/marra-4.jpeg\",\"width\":799,\"height\":533},{\"@type\":\"BreadcrumbList\",\"@id\":\"https:\/\/saharatoursluxurycamp.com\/es\/about-us\/#breadcrumb\",\"itemListElement\":[{\"@type\":\"ListItem\",\"position\":1,\"name\":\"Home\",\"item\":\"https:\/\/saharatoursluxurycamp.com\/es\/\"},{\"@type\":\"ListItem\",\"position\":2,\"name\":\"Quienes Somos\"}]},{\"@type\":\"WebSite\",\"@id\":\"https:\/\/saharatoursluxurycamp.com\/es\/#website\",\"url\":\"https:\/\/saharatoursluxurycamp.com\/es\/\",\"name\":\"Sahara Tours Luxury Camp\",\"description\":\"Morocco Desert Tours - Tours &amp; Excursions in Morocco\",\"publisher\":{\"@id\":\"https:\/\/saharatoursluxurycamp.com\/es\/#organization\"},\"potentialAction\":[{\"@type\":\"SearchAction\",\"target\":{\"@type\":\"EntryPoint\",\"urlTemplate\":\"https:\/\/saharatoursluxurycamp.com\/es\/?s={search_term_string}\"},\"query-input\":\"required name=search_term_string\"}],\"inLanguage\":\"es\"},{\"@type\":\"Organization\",\"@id\":\"https:\/\/saharatoursluxurycamp.com\/es\/#organization\",\"name\":\"Sahara Tours Luxury Camp\",\"url\":\"https:\/\/saharatoursluxurycamp.com\/es\/\",\"logo\":{\"@type\":\"ImageObject\",\"inLanguage\":\"es\",\"@id\":\"https:\/\/saharatoursluxurycamp.com\/es\/#\/schema\/logo\/image\/\",\"url\":\"https:\/\/saharatoursluxurycamp.com\/es\/wp-content\/uploads\/2023\/03\/logo.png\",\"contentUrl\":\"https:\/\/saharatoursluxurycamp.com\/es\/wp-content\/uploads\/2023\/03\/logo.png\",\"width\":768,\"height\":284,\"caption\":\"Sahara Tours Luxury Camp\"},\"image\":{\"@id\":\"https:\/\/saharatoursluxurycamp.com\/es\/#\/schema\/logo\/image\/\"}}]}<\/script>\n<!-- \/ Yoast SEO Premium plugin. -->","yoast_head_json":{"title":"Quienes Somos","description":"Sahara Tours Luxury Camp es un equipo de experimentados gu\u00edas locales dedicados a proporcionar experiencias de viaje aut\u00e9nticas e inolvidables...","robots":{"index":"index","follow":"follow","max-snippet":"max-snippet:-1","max-image-preview":"max-image-preview:large","max-video-preview":"max-video-preview:-1"},"canonical":"https:\/\/saharatoursluxurycamp.com\/es\/about-us\/","og_locale":"es_ES","og_type":"article","og_title":"Quienes Somos","og_description":"Sahara Tours Luxury Camp es un equipo de experimentados gu\u00edas locales dedicados a proporcionar experiencias de viaje aut\u00e9nticas e inolvidables...","og_url":"https:\/\/saharatoursluxurycamp.com\/es\/about-us\/","og_site_name":"Sahara Tours Luxury Camp","article_modified_time":"2023-05-03T12:38:18+00:00","og_image":[{"url":"https:\/\/saharatoursluxurycamp.com\/es\/wp-content\/uploads\/2023\/04\/marra-4.jpeg"}],"twitter_card":"summary_large_image","twitter_misc":{"Tiempo de lectura":"4 minutos"},"schema":{"@context":"https:\/\/schema.org","@graph":[{"@type":"WebPage","@id":"https:\/\/saharatoursluxurycamp.com\/es\/about-us\/","url":"https:\/\/saharatoursluxurycamp.com\/es\/about-us\/","name":"Quienes Somos","isPartOf":{"@id":"https:\/\/saharatoursluxurycamp.com\/es\/#website"},"primaryImageOfPage":{"@id":"https:\/\/saharatoursluxurycamp.com\/es\/about-us\/#primaryimage"},"image":{"@id":"https:\/\/saharatoursluxurycamp.com\/es\/about-us\/#primaryimage"},"thumbnailUrl":"https:\/\/saharatoursluxurycamp.com\/es\/wp-content\/uploads\/2023\/04\/marra-4.jpeg","datePublished":"2023-04-04T21:49:01+00:00","dateModified":"2023-05-03T12:38:18+00:00","description":"Sahara Tours Luxury Camp es un equipo de experimentados gu\u00edas locales dedicados a proporcionar experiencias de viaje aut\u00e9nticas e inolvidables...","breadcrumb":{"@id":"https:\/\/saharatoursluxurycamp.com\/es\/about-us\/#breadcrumb"},"inLanguage":"es","potentialAction":[{"@type":"ReadAction","target":["https:\/\/saharatoursluxurycamp.com\/es\/about-us\/"]}]},{"@type":"ImageObject","inLanguage":"es","@id":"https:\/\/saharatoursluxurycamp.com\/es\/about-us\/#primaryimage","url":"https:\/\/saharatoursluxurycamp.com\/es\/wp-content\/uploads\/2023\/04\/marra-4.jpeg","contentUrl":"https:\/\/saharatoursluxurycamp.com\/es\/wp-content\/uploads\/2023\/04\/marra-4.jpeg","width":799,"height":533},{"@type":"BreadcrumbList","@id":"https:\/\/saharatoursluxurycamp.com\/es\/about-us\/#breadcrumb","itemListElement":[{"@type":"ListItem","position":1,"name":"Home","item":"https:\/\/saharatoursluxurycamp.com\/es\/"},{"@type":"ListItem","position":2,"name":"Quienes Somos"}]},{"@type":"WebSite","@id":"https:\/\/saharatoursluxurycamp.com\/es\/#website","url":"https:\/\/saharatoursluxurycamp.com\/es\/","name":"Sahara Tours Luxury Camp","description":"Morocco Desert Tours - Tours &amp; Excursions in Morocco","publisher":{"@id":"https:\/\/saharatoursluxurycamp.com\/es\/#organization"},"potentialAction":[{"@type":"SearchAction","target":{"@type":"EntryPoint","urlTemplate":"https:\/\/saharatoursluxurycamp.com\/es\/?s={search_term_string}"},"query-input":"required name=search_term_string"}],"inLanguage":"es"},{"@type":"Organization","@id":"https:\/\/saharatoursluxurycamp.com\/es\/#organization","name":"Sahara Tours Luxury Camp","url":"https:\/\/saharatoursluxurycamp.com\/es\/","logo":{"@type":"ImageObject","inLanguage":"es","@id":"https:\/\/saharatoursluxurycamp.com\/es\/#\/schema\/logo\/image\/","url":"https:\/\/saharatoursluxurycamp.com\/es\/wp-content\/uploads\/2023\/03\/logo.png","contentUrl":"https:\/\/saharatoursluxurycamp.com\/es\/wp-content\/uploads\/2023\/03\/logo.png","width":768,"height":284,"caption":"Sahara Tours Luxury Camp"},"image":{"@id":"https:\/\/saharatoursluxurycamp.com\/es\/#\/schema\/logo\/image\/"}}]}},"_links":{"self":[{"href":"https:\/\/saharatoursluxurycamp.com\/es\/wp-json\/wp\/v2\/pages\/186","targetHints":{"allow":["GET"]}}],"collection":[{"href":"https:\/\/saharatoursluxurycamp.com\/es\/wp-json\/wp\/v2\/pages"}],"about":[{"href":"https:\/\/saharatoursluxurycamp.com\/es\/wp-json\/wp\/v2\/types\/page"}],"author":[{"embeddable":true,"href":"https:\/\/saharatoursluxurycamp.com\/es\/wp-json\/wp\/v2\/users\/1"}],"replies":[{"embeddable":true,"href":"https:\/\/saharatoursluxurycamp.com\/es\/wp-json\/wp\/v2\/comments?post=186"}],"version-history":[{"count":32,"href":"https:\/\/saharatoursluxurycamp.com\/es\/wp-json\/wp\/v2\/pages\/186\/revisions"}],"predecessor-version":[{"id":715,"href":"https:\/\/saharatoursluxurycamp.com\/es\/wp-json\/wp\/v2\/pages\/186\/revisions\/715"}],"wp:attachment":[{"href":"https:\/\/saharatoursluxurycamp.com\/es\/wp-json\/wp\/v2\/media?parent=186"}],"curies":[{"name":"wp","href":"https:\/\/api.w.org\/{rel}","templated":true}]}}