{"id":163,"date":"2023-04-04T21:09:57","date_gmt":"2023-04-04T21:09:57","guid":{"rendered":"https:\/\/saharatoursluxurycamp.com\/es\/?page_id=163"},"modified":"2023-05-03T02:05:01","modified_gmt":"2023-05-03T02:05:01","slug":"excursion-de-un-dia-al-desierto-de-agafay-desde-marrakech","status":"publish","type":"page","link":"https:\/\/saharatoursluxurycamp.com\/es\/excursion-de-un-dia-al-desierto-de-agafay-desde-marrakech\/","title":{"rendered":"Excursi\u00f3n de un d\u00eda al desierto de Agafay desde Marrakech"},"content":{"rendered":"<p>Un d\u00eda Agafay viaje desde Marrakech es una actividad alternativa que es \u00fatil para las personas que se quedan s\u00f3lo en Marrakech para un largo weekend.or pocos d\u00edas.<\/p>\n<p>Nuestro viaje de un d\u00eda de oto\u00f1o nos lleva al oeste de Marrakech, la ruta est\u00e1 sombreada por una exuberante vegetaci\u00f3n, huertos de olivos y naranjos m\u00e1s all\u00e1 de la aldea ocasional Off Ait Imour luego a fuera de la carretera, el paisaje es completamente diferente &#8211; un desierto de piedra, est\u00e9riles mesetas de color marr\u00f3n claro. Nuestra excursi\u00f3n de un d\u00eda desde <a href=\"https:\/\/saharatoursluxurycamp.com\/essaouira-day-trip-from-marrakech\/\">Marrakech<\/a> al desierto cercano es ideal para quienes disponen de poco tiempo para llegar al S\u00e1hara.<\/p>\n<p>El desierto de Agafay, el lago de Lalla Takerkoust, las monta\u00f1as del Atlas, los pueblos bereberes y la hospitalidad conforman una estupenda excursi\u00f3n de un d\u00eda. Si dispone de 3 d\u00edas o m\u00e1s, puede plantearse una excursi\u00f3n al desierto del S\u00e1hara.<\/p>\n<h4>Excursi\u00f3n de un d\u00eda al desierto de Agafay<\/h4>\n<p>Su ch\u00f3fer le recoger\u00e1 a las 09.00. La excursi\u00f3n de un d\u00eda de Marrakech al desierto de Agafay le permitir\u00e1 disfrutar de la tranquilidad del campo con un paseo en camello, el lago Takerkoust y el desierto de Agafay. La ruta est\u00e1 sombreada por una exuberante vegetaci\u00f3n, huertos de olivos y naranjos y pasa por el pueblo ocasional de Ait Imour desde donde saldremos de la carretera y conduciremos a trav\u00e9s de un paisaje completamente diferente de desierto de piedra, est\u00e9riles mesetas de color marr\u00f3n claro, pueblo beduino, Oasis y luego altas colinas con vistas panor\u00e1micas sobre el Alto Atlas. Unas horas m\u00e1s tarde empezar\u00e1n a aparecer peque\u00f1as manchas de verde y poco despu\u00e9s estar\u00e1 de nuevo en la carretera asfaltada bordeada por los viejos eucaliptos. Llegar\u00e1 al borde del lago de Lalla Takerkoust, construido como presa de la que Marrakech obtiene su electricidad.<\/p>\n<p>A trav\u00e9s de peque\u00f1as colinas a lo largo de la presa llegar\u00e1 al valle de Nfis cruzando pueblos bereberes y llegando a una casa de familia bereber. Podr\u00e1 visitar la casa y almorzar en su interior. Despu\u00e9s del almuerzo habr\u00e1 la opci\u00f3n de caminar durante 2 horas con Saida o Hamid y subir durante una hora para visitar uno de los pueblos m\u00e1s antiguos en la falda del bosque m\u00e1s grande de las monta\u00f1as del Atlas. Descenderemos entre olivos y bancales hasta la \u00fanica casa que hay junto al r\u00edo Nfis, desde donde continuaremos hacia Ouiragan a trav\u00e9s del bosque y las tradicionales piscinas de sal antes de llegar a Asni, una peque\u00f1a ciudad (con mercado los s\u00e1bados) con vistas al Toubkal, el pico m\u00e1s alto del norte de \u00c1frica. Despu\u00e9s pasar\u00e1 por las gargantas de Moulay Brahim, el valle de Ghighaya y Tahanouete antes de llegar a Marrakech.<\/p>\n","protected":false},"excerpt":{"rendered":"<p>Un d\u00eda Agafay viaje desde Marrakech es una actividad alternativa que es \u00fatil para las personas que se quedan s\u00f3lo en Marrakech para un largo weekend.or pocos d\u00edas. Nuestro viaje de un d\u00eda de oto\u00f1o nos lleva al oeste de Marrakech, la ruta est\u00e1 sombreada por una exuberante vegetaci\u00f3n, huertos de olivos y naranjos m\u00e1s [&hellip;]<\/p>\n","protected":false},"author":1,"featured_media":305,"parent":0,"menu_order":0,"comment_status":"closed","ping_status":"closed","template":"","meta":{"footnotes":""},"class_list":["post-163","page","type-page","status-publish","has-post-thumbnail","hentry"],"yoast_head":"<!-- This site is optimized with the Yoast SEO Premium plugin v19.0 (Yoast SEO v22.7) - https:\/\/yoast.com\/wordpress\/plugins\/seo\/ -->\n<title>Excursi\u00f3n de un d\u00eda al desierto de Agafay desde Marrakech<\/title>\n<meta name=\"description\" content=\"Experimenta la belleza \u00fanica del desierto de Agafay en nuestra excursi\u00f3n de un d\u00eda desde Marrakech, disfrutando de su paisaje y tranquilidad.\" \/>\n<meta name=\"robots\" content=\"index, follow, max-snippet:-1, max-image-preview:large, max-video-preview:-1\" \/>\n<link rel=\"canonical\" href=\"https:\/\/saharatoursluxurycamp.com\/es\/excursion-de-un-dia-al-desierto-de-agafay-desde-marrakech\/\" \/>\n<meta property=\"og:locale\" content=\"es_ES\" \/>\n<meta property=\"og:type\" content=\"article\" \/>\n<meta property=\"og:title\" content=\"Excursi\u00f3n de un d\u00eda al desierto de Agafay desde Marrakech\" \/>\n<meta property=\"og:description\" content=\"Experimenta la belleza \u00fanica del desierto de Agafay en nuestra excursi\u00f3n de un d\u00eda desde Marrakech, disfrutando de su paisaje y tranquilidad.\" \/>\n<meta property=\"og:url\" content=\"https:\/\/saharatoursluxurycamp.com\/es\/excursion-de-un-dia-al-desierto-de-agafay-desde-marrakech\/\" \/>\n<meta property=\"og:site_name\" content=\"Sahara Tours Luxury Camp\" \/>\n<meta property=\"article:modified_time\" content=\"2023-05-03T02:05:01+00:00\" \/>\n<meta property=\"og:image\" content=\"https:\/\/saharatoursluxurycamp.com\/es\/wp-content\/uploads\/2023\/04\/agafay.jpeg\" \/>\n\t<meta property=\"og:image:width\" content=\"1024\" \/>\n\t<meta property=\"og:image:height\" content=\"768\" \/>\n\t<meta property=\"og:image:type\" content=\"image\/jpeg\" \/>\n<meta name=\"twitter:card\" content=\"summary_large_image\" \/>\n<meta name=\"twitter:label1\" content=\"Tiempo de lectura\" \/>\n\t<meta name=\"twitter:data1\" content=\"3 minutos\" \/>\n<script type=\"application\/ld+json\" class=\"yoast-schema-graph\">{\"@context\":\"https:\/\/schema.org\",\"@graph\":[{\"@type\":\"WebPage\",\"@id\":\"https:\/\/saharatoursluxurycamp.com\/es\/excursion-de-un-dia-al-desierto-de-agafay-desde-marrakech\/\",\"url\":\"https:\/\/saharatoursluxurycamp.com\/es\/excursion-de-un-dia-al-desierto-de-agafay-desde-marrakech\/\",\"name\":\"Excursi\u00f3n de un d\u00eda al desierto de Agafay desde Marrakech\",\"isPartOf\":{\"@id\":\"https:\/\/saharatoursluxurycamp.com\/es\/#website\"},\"primaryImageOfPage\":{\"@id\":\"https:\/\/saharatoursluxurycamp.com\/es\/excursion-de-un-dia-al-desierto-de-agafay-desde-marrakech\/#primaryimage\"},\"image\":{\"@id\":\"https:\/\/saharatoursluxurycamp.com\/es\/excursion-de-un-dia-al-desierto-de-agafay-desde-marrakech\/#primaryimage\"},\"thumbnailUrl\":\"https:\/\/saharatoursluxurycamp.com\/es\/wp-content\/uploads\/2023\/04\/agafay.jpeg\",\"datePublished\":\"2023-04-04T21:09:57+00:00\",\"dateModified\":\"2023-05-03T02:05:01+00:00\",\"description\":\"Experimenta la belleza \u00fanica del desierto de Agafay en nuestra excursi\u00f3n de un d\u00eda desde Marrakech, disfrutando de su paisaje y tranquilidad.\",\"breadcrumb\":{\"@id\":\"https:\/\/saharatoursluxurycamp.com\/es\/excursion-de-un-dia-al-desierto-de-agafay-desde-marrakech\/#breadcrumb\"},\"inLanguage\":\"es\",\"potentialAction\":[{\"@type\":\"ReadAction\",\"target\":[\"https:\/\/saharatoursluxurycamp.com\/es\/excursion-de-un-dia-al-desierto-de-agafay-desde-marrakech\/\"]}]},{\"@type\":\"ImageObject\",\"inLanguage\":\"es\",\"@id\":\"https:\/\/saharatoursluxurycamp.com\/es\/excursion-de-un-dia-al-desierto-de-agafay-desde-marrakech\/#primaryimage\",\"url\":\"https:\/\/saharatoursluxurycamp.com\/es\/wp-content\/uploads\/2023\/04\/agafay.jpeg\",\"contentUrl\":\"https:\/\/saharatoursluxurycamp.com\/es\/wp-content\/uploads\/2023\/04\/agafay.jpeg\",\"width\":1024,\"height\":768,\"caption\":\"Excursi\u00f3n de un d\u00eda al desierto de Agafay\"},{\"@type\":\"BreadcrumbList\",\"@id\":\"https:\/\/saharatoursluxurycamp.com\/es\/excursion-de-un-dia-al-desierto-de-agafay-desde-marrakech\/#breadcrumb\",\"itemListElement\":[{\"@type\":\"ListItem\",\"position\":1,\"name\":\"Home\",\"item\":\"https:\/\/saharatoursluxurycamp.com\/es\/\"},{\"@type\":\"ListItem\",\"position\":2,\"name\":\"Excursi\u00f3n de un d\u00eda al desierto de Agafay desde Marrakech\"}]},{\"@type\":\"WebSite\",\"@id\":\"https:\/\/saharatoursluxurycamp.com\/es\/#website\",\"url\":\"https:\/\/saharatoursluxurycamp.com\/es\/\",\"name\":\"Sahara Tours Luxury Camp\",\"description\":\"Morocco Desert Tours - Tours &amp; Excursions in Morocco\",\"publisher\":{\"@id\":\"https:\/\/saharatoursluxurycamp.com\/es\/#organization\"},\"potentialAction\":[{\"@type\":\"SearchAction\",\"target\":{\"@type\":\"EntryPoint\",\"urlTemplate\":\"https:\/\/saharatoursluxurycamp.com\/es\/?s={search_term_string}\"},\"query-input\":\"required name=search_term_string\"}],\"inLanguage\":\"es\"},{\"@type\":\"Organization\",\"@id\":\"https:\/\/saharatoursluxurycamp.com\/es\/#organization\",\"name\":\"Sahara Tours Luxury Camp\",\"url\":\"https:\/\/saharatoursluxurycamp.com\/es\/\",\"logo\":{\"@type\":\"ImageObject\",\"inLanguage\":\"es\",\"@id\":\"https:\/\/saharatoursluxurycamp.com\/es\/#\/schema\/logo\/image\/\",\"url\":\"https:\/\/saharatoursluxurycamp.com\/es\/wp-content\/uploads\/2023\/03\/logo.png\",\"contentUrl\":\"https:\/\/saharatoursluxurycamp.com\/es\/wp-content\/uploads\/2023\/03\/logo.png\",\"width\":768,\"height\":284,\"caption\":\"Sahara Tours Luxury Camp\"},\"image\":{\"@id\":\"https:\/\/saharatoursluxurycamp.com\/es\/#\/schema\/logo\/image\/\"}}]}<\/script>\n<!-- \/ Yoast SEO Premium plugin. -->","yoast_head_json":{"title":"Excursi\u00f3n de un d\u00eda al desierto de Agafay desde Marrakech","description":"Experimenta la belleza \u00fanica del desierto de Agafay en nuestra excursi\u00f3n de un d\u00eda desde Marrakech, disfrutando de su paisaje y tranquilidad.","robots":{"index":"index","follow":"follow","max-snippet":"max-snippet:-1","max-image-preview":"max-image-preview:large","max-video-preview":"max-video-preview:-1"},"canonical":"https:\/\/saharatoursluxurycamp.com\/es\/excursion-de-un-dia-al-desierto-de-agafay-desde-marrakech\/","og_locale":"es_ES","og_type":"article","og_title":"Excursi\u00f3n de un d\u00eda al desierto de Agafay desde Marrakech","og_description":"Experimenta la belleza \u00fanica del desierto de Agafay en nuestra excursi\u00f3n de un d\u00eda desde Marrakech, disfrutando de su paisaje y tranquilidad.","og_url":"https:\/\/saharatoursluxurycamp.com\/es\/excursion-de-un-dia-al-desierto-de-agafay-desde-marrakech\/","og_site_name":"Sahara Tours Luxury Camp","article_modified_time":"2023-05-03T02:05:01+00:00","og_image":[{"width":1024,"height":768,"url":"https:\/\/saharatoursluxurycamp.com\/es\/wp-content\/uploads\/2023\/04\/agafay.jpeg","type":"image\/jpeg"}],"twitter_card":"summary_large_image","twitter_misc":{"Tiempo de lectura":"3 minutos"},"schema":{"@context":"https:\/\/schema.org","@graph":[{"@type":"WebPage","@id":"https:\/\/saharatoursluxurycamp.com\/es\/excursion-de-un-dia-al-desierto-de-agafay-desde-marrakech\/","url":"https:\/\/saharatoursluxurycamp.com\/es\/excursion-de-un-dia-al-desierto-de-agafay-desde-marrakech\/","name":"Excursi\u00f3n de un d\u00eda al desierto de Agafay desde Marrakech","isPartOf":{"@id":"https:\/\/saharatoursluxurycamp.com\/es\/#website"},"primaryImageOfPage":{"@id":"https:\/\/saharatoursluxurycamp.com\/es\/excursion-de-un-dia-al-desierto-de-agafay-desde-marrakech\/#primaryimage"},"image":{"@id":"https:\/\/saharatoursluxurycamp.com\/es\/excursion-de-un-dia-al-desierto-de-agafay-desde-marrakech\/#primaryimage"},"thumbnailUrl":"https:\/\/saharatoursluxurycamp.com\/es\/wp-content\/uploads\/2023\/04\/agafay.jpeg","datePublished":"2023-04-04T21:09:57+00:00","dateModified":"2023-05-03T02:05:01+00:00","description":"Experimenta la belleza \u00fanica del desierto de Agafay en nuestra excursi\u00f3n de un d\u00eda desde Marrakech, disfrutando de su paisaje y tranquilidad.","breadcrumb":{"@id":"https:\/\/saharatoursluxurycamp.com\/es\/excursion-de-un-dia-al-desierto-de-agafay-desde-marrakech\/#breadcrumb"},"inLanguage":"es","potentialAction":[{"@type":"ReadAction","target":["https:\/\/saharatoursluxurycamp.com\/es\/excursion-de-un-dia-al-desierto-de-agafay-desde-marrakech\/"]}]},{"@type":"ImageObject","inLanguage":"es","@id":"https:\/\/saharatoursluxurycamp.com\/es\/excursion-de-un-dia-al-desierto-de-agafay-desde-marrakech\/#primaryimage","url":"https:\/\/saharatoursluxurycamp.com\/es\/wp-content\/uploads\/2023\/04\/agafay.jpeg","contentUrl":"https:\/\/saharatoursluxurycamp.com\/es\/wp-content\/uploads\/2023\/04\/agafay.jpeg","width":1024,"height":768,"caption":"Excursi\u00f3n de un d\u00eda al desierto de Agafay"},{"@type":"BreadcrumbList","@id":"https:\/\/saharatoursluxurycamp.com\/es\/excursion-de-un-dia-al-desierto-de-agafay-desde-marrakech\/#breadcrumb","itemListElement":[{"@type":"ListItem","position":1,"name":"Home","item":"https:\/\/saharatoursluxurycamp.com\/es\/"},{"@type":"ListItem","position":2,"name":"Excursi\u00f3n de un d\u00eda al desierto de Agafay desde Marrakech"}]},{"@type":"WebSite","@id":"https:\/\/saharatoursluxurycamp.com\/es\/#website","url":"https:\/\/saharatoursluxurycamp.com\/es\/","name":"Sahara Tours Luxury Camp","description":"Morocco Desert Tours - Tours &amp; Excursions in Morocco","publisher":{"@id":"https:\/\/saharatoursluxurycamp.com\/es\/#organization"},"potentialAction":[{"@type":"SearchAction","target":{"@type":"EntryPoint","urlTemplate":"https:\/\/saharatoursluxurycamp.com\/es\/?s={search_term_string}"},"query-input":"required name=search_term_string"}],"inLanguage":"es"},{"@type":"Organization","@id":"https:\/\/saharatoursluxurycamp.com\/es\/#organization","name":"Sahara Tours Luxury Camp","url":"https:\/\/saharatoursluxurycamp.com\/es\/","logo":{"@type":"ImageObject","inLanguage":"es","@id":"https:\/\/saharatoursluxurycamp.com\/es\/#\/schema\/logo\/image\/","url":"https:\/\/saharatoursluxurycamp.com\/es\/wp-content\/uploads\/2023\/03\/logo.png","contentUrl":"https:\/\/saharatoursluxurycamp.com\/es\/wp-content\/uploads\/2023\/03\/logo.png","width":768,"height":284,"caption":"Sahara Tours Luxury Camp"},"image":{"@id":"https:\/\/saharatoursluxurycamp.com\/es\/#\/schema\/logo\/image\/"}}]}},"_links":{"self":[{"href":"https:\/\/saharatoursluxurycamp.com\/es\/wp-json\/wp\/v2\/pages\/163","targetHints":{"allow":["GET"]}}],"collection":[{"href":"https:\/\/saharatoursluxurycamp.com\/es\/wp-json\/wp\/v2\/pages"}],"about":[{"href":"https:\/\/saharatoursluxurycamp.com\/es\/wp-json\/wp\/v2\/types\/page"}],"author":[{"embeddable":true,"href":"https:\/\/saharatoursluxurycamp.com\/es\/wp-json\/wp\/v2\/users\/1"}],"replies":[{"embeddable":true,"href":"https:\/\/saharatoursluxurycamp.com\/es\/wp-json\/wp\/v2\/comments?post=163"}],"version-history":[{"count":7,"href":"https:\/\/saharatoursluxurycamp.com\/es\/wp-json\/wp\/v2\/pages\/163\/revisions"}],"predecessor-version":[{"id":581,"href":"https:\/\/saharatoursluxurycamp.com\/es\/wp-json\/wp\/v2\/pages\/163\/revisions\/581"}],"wp:featuredmedia":[{"embeddable":true,"href":"https:\/\/saharatoursluxurycamp.com\/es\/wp-json\/wp\/v2\/media\/305"}],"wp:attachment":[{"href":"https:\/\/saharatoursluxurycamp.com\/es\/wp-json\/wp\/v2\/media?parent=163"}],"curies":[{"name":"wp","href":"https:\/\/api.w.org\/{rel}","templated":true}]}}