{"id":161,"date":"2023-04-04T21:09:37","date_gmt":"2023-04-04T21:09:37","guid":{"rendered":"https:\/\/saharatoursluxurycamp.com\/es\/?page_id=161"},"modified":"2023-05-03T01:47:39","modified_gmt":"2023-05-03T01:47:39","slug":"excursion-a-las-cascadas-de-ouzoud-desde-marrakech","status":"publish","type":"page","link":"https:\/\/saharatoursluxurycamp.com\/es\/excursion-a-las-cascadas-de-ouzoud-desde-marrakech\/","title":{"rendered":"Excursi\u00f3n a las cascadas de Ouzoud desde Marrakech"},"content":{"rendered":"<p>Excursi\u00f3n a las cataratas de Ouzoud, Ouzoud significa \u00abel acto de moler el grano\u00bb en bereber. Se puede acceder a la parte trasera de las cataratas a trav\u00e9s de una ruta sombreada y en la corona de las cataratas hay una docena de antiguos molinos peque\u00f1os que siguen en uso activo. Los verdes valles, los molinos hist\u00f3ricos, los extensos huertos y un magn\u00edfico circuito por las gargantas del r\u00edo El Abid (en \u00e1rabe, \u00abr\u00edo de los esclavos\u00bb) son un punto culminante de este viaje. Numerosas asociaciones locales y nacionales dirigen proyectos de protecci\u00f3n y conservaci\u00f3n del lugar, lo que contribuye a su magn\u00edfico estado.<\/p>\n<h4>Cascadas de Ouzoud<\/h4>\n<p>Una salida temprana de Marrakech le llevar\u00e1 al pueblo de Demnate y sus hermosos huertos de olivos. En lo alto de la cordillera del Atlas aguarda una cascada de tal belleza que las fotograf\u00edas nunca podr\u00e1n hacerle justicia. La cascada de Ouzoud est\u00e1 coronada por un arco iris casi permanente. Con una ca\u00edda de m\u00e1s de 100 metros, las cascadas constituyen un espectacular tel\u00f3n de fondo para su excursi\u00f3n de un d\u00eda desde <a href=\"https:\/\/saharatoursluxurycamp.com\/4-days-marrakech-to-fes-via-merzouga-desert\/\">Marrakech<\/a>. Su excursi\u00f3n privada le ofrece libertad absoluta para explorar y descubrir este maravilloso paisaje a su propio ritmo. Por supuesto, ning\u00fan viaje a las cataratas est\u00e1 completo sin comida, y tendr\u00e1 muchas opciones, ya sea en el Riad Cascade d&#8217;Ouzoud o en uno de los peque\u00f1os restaurantes con vistas a las cataratas.<\/p>\n","protected":false},"excerpt":{"rendered":"<p>Excursi\u00f3n a las cataratas de Ouzoud, Ouzoud significa \u00abel acto de moler el grano\u00bb en bereber. Se puede acceder a la parte trasera de las cataratas a trav\u00e9s de una ruta sombreada y en la corona de las cataratas hay una docena de antiguos molinos peque\u00f1os que siguen en uso activo. Los verdes valles, los [&hellip;]<\/p>\n","protected":false},"author":1,"featured_media":310,"parent":0,"menu_order":0,"comment_status":"closed","ping_status":"closed","template":"","meta":{"footnotes":""},"class_list":["post-161","page","type-page","status-publish","has-post-thumbnail","hentry"],"yoast_head":"<!-- This site is optimized with the Yoast SEO Premium plugin v19.0 (Yoast SEO v22.7) - https:\/\/yoast.com\/wordpress\/plugins\/seo\/ -->\n<title>Excursi\u00f3n a las cascadas de Ouzoud desde Marrakech<\/title>\n<meta name=\"description\" content=\"Disfruta de una excursi\u00f3n a las impresionantes cascadas de Ouzoud desde Marrakech, admirando su belleza natural y paisajes espectaculares.\" \/>\n<meta name=\"robots\" content=\"index, follow, max-snippet:-1, max-image-preview:large, max-video-preview:-1\" \/>\n<link rel=\"canonical\" href=\"https:\/\/saharatoursluxurycamp.com\/es\/excursion-a-las-cascadas-de-ouzoud-desde-marrakech\/\" \/>\n<meta property=\"og:locale\" content=\"es_ES\" \/>\n<meta property=\"og:type\" content=\"article\" \/>\n<meta property=\"og:title\" content=\"Excursi\u00f3n a las cascadas de Ouzoud desde Marrakech\" \/>\n<meta property=\"og:description\" content=\"Disfruta de una excursi\u00f3n a las impresionantes cascadas de Ouzoud desde Marrakech, admirando su belleza natural y paisajes espectaculares.\" \/>\n<meta property=\"og:url\" content=\"https:\/\/saharatoursluxurycamp.com\/es\/excursion-a-las-cascadas-de-ouzoud-desde-marrakech\/\" \/>\n<meta property=\"og:site_name\" content=\"Sahara Tours Luxury Camp\" \/>\n<meta property=\"article:modified_time\" content=\"2023-05-03T01:47:39+00:00\" \/>\n<meta property=\"og:image\" content=\"https:\/\/saharatoursluxurycamp.com\/es\/wp-content\/uploads\/2023\/04\/R.jpeg\" \/>\n\t<meta property=\"og:image:width\" content=\"2000\" \/>\n\t<meta property=\"og:image:height\" content=\"1333\" \/>\n\t<meta property=\"og:image:type\" content=\"image\/jpeg\" \/>\n<meta name=\"twitter:card\" content=\"summary_large_image\" \/>\n<meta name=\"twitter:label1\" content=\"Tiempo de lectura\" \/>\n\t<meta name=\"twitter:data1\" content=\"2 minutos\" \/>\n<script type=\"application\/ld+json\" class=\"yoast-schema-graph\">{\"@context\":\"https:\/\/schema.org\",\"@graph\":[{\"@type\":\"WebPage\",\"@id\":\"https:\/\/saharatoursluxurycamp.com\/es\/excursion-a-las-cascadas-de-ouzoud-desde-marrakech\/\",\"url\":\"https:\/\/saharatoursluxurycamp.com\/es\/excursion-a-las-cascadas-de-ouzoud-desde-marrakech\/\",\"name\":\"Excursi\u00f3n a las cascadas de Ouzoud desde Marrakech\",\"isPartOf\":{\"@id\":\"https:\/\/saharatoursluxurycamp.com\/es\/#website\"},\"primaryImageOfPage\":{\"@id\":\"https:\/\/saharatoursluxurycamp.com\/es\/excursion-a-las-cascadas-de-ouzoud-desde-marrakech\/#primaryimage\"},\"image\":{\"@id\":\"https:\/\/saharatoursluxurycamp.com\/es\/excursion-a-las-cascadas-de-ouzoud-desde-marrakech\/#primaryimage\"},\"thumbnailUrl\":\"https:\/\/saharatoursluxurycamp.com\/es\/wp-content\/uploads\/2023\/04\/R.jpeg\",\"datePublished\":\"2023-04-04T21:09:37+00:00\",\"dateModified\":\"2023-05-03T01:47:39+00:00\",\"description\":\"Disfruta de una excursi\u00f3n a las impresionantes cascadas de Ouzoud desde Marrakech, admirando su belleza natural y paisajes espectaculares.\",\"breadcrumb\":{\"@id\":\"https:\/\/saharatoursluxurycamp.com\/es\/excursion-a-las-cascadas-de-ouzoud-desde-marrakech\/#breadcrumb\"},\"inLanguage\":\"es\",\"potentialAction\":[{\"@type\":\"ReadAction\",\"target\":[\"https:\/\/saharatoursluxurycamp.com\/es\/excursion-a-las-cascadas-de-ouzoud-desde-marrakech\/\"]}]},{\"@type\":\"ImageObject\",\"inLanguage\":\"es\",\"@id\":\"https:\/\/saharatoursluxurycamp.com\/es\/excursion-a-las-cascadas-de-ouzoud-desde-marrakech\/#primaryimage\",\"url\":\"https:\/\/saharatoursluxurycamp.com\/es\/wp-content\/uploads\/2023\/04\/R.jpeg\",\"contentUrl\":\"https:\/\/saharatoursluxurycamp.com\/es\/wp-content\/uploads\/2023\/04\/R.jpeg\",\"width\":2000,\"height\":1333,\"caption\":\"Excursi\u00f3n a las cascadas de Ouzoud desde Marrakech\"},{\"@type\":\"BreadcrumbList\",\"@id\":\"https:\/\/saharatoursluxurycamp.com\/es\/excursion-a-las-cascadas-de-ouzoud-desde-marrakech\/#breadcrumb\",\"itemListElement\":[{\"@type\":\"ListItem\",\"position\":1,\"name\":\"Home\",\"item\":\"https:\/\/saharatoursluxurycamp.com\/es\/\"},{\"@type\":\"ListItem\",\"position\":2,\"name\":\"Excursi\u00f3n a las cascadas de Ouzoud desde Marrakech\"}]},{\"@type\":\"WebSite\",\"@id\":\"https:\/\/saharatoursluxurycamp.com\/es\/#website\",\"url\":\"https:\/\/saharatoursluxurycamp.com\/es\/\",\"name\":\"Sahara Tours Luxury Camp\",\"description\":\"Morocco Desert Tours - Tours &amp; Excursions in Morocco\",\"publisher\":{\"@id\":\"https:\/\/saharatoursluxurycamp.com\/es\/#organization\"},\"potentialAction\":[{\"@type\":\"SearchAction\",\"target\":{\"@type\":\"EntryPoint\",\"urlTemplate\":\"https:\/\/saharatoursluxurycamp.com\/es\/?s={search_term_string}\"},\"query-input\":\"required name=search_term_string\"}],\"inLanguage\":\"es\"},{\"@type\":\"Organization\",\"@id\":\"https:\/\/saharatoursluxurycamp.com\/es\/#organization\",\"name\":\"Sahara Tours Luxury Camp\",\"url\":\"https:\/\/saharatoursluxurycamp.com\/es\/\",\"logo\":{\"@type\":\"ImageObject\",\"inLanguage\":\"es\",\"@id\":\"https:\/\/saharatoursluxurycamp.com\/es\/#\/schema\/logo\/image\/\",\"url\":\"https:\/\/saharatoursluxurycamp.com\/es\/wp-content\/uploads\/2023\/03\/logo.png\",\"contentUrl\":\"https:\/\/saharatoursluxurycamp.com\/es\/wp-content\/uploads\/2023\/03\/logo.png\",\"width\":768,\"height\":284,\"caption\":\"Sahara Tours Luxury Camp\"},\"image\":{\"@id\":\"https:\/\/saharatoursluxurycamp.com\/es\/#\/schema\/logo\/image\/\"}}]}<\/script>\n<!-- \/ Yoast SEO Premium plugin. -->","yoast_head_json":{"title":"Excursi\u00f3n a las cascadas de Ouzoud desde Marrakech","description":"Disfruta de una excursi\u00f3n a las impresionantes cascadas de Ouzoud desde Marrakech, admirando su belleza natural y paisajes espectaculares.","robots":{"index":"index","follow":"follow","max-snippet":"max-snippet:-1","max-image-preview":"max-image-preview:large","max-video-preview":"max-video-preview:-1"},"canonical":"https:\/\/saharatoursluxurycamp.com\/es\/excursion-a-las-cascadas-de-ouzoud-desde-marrakech\/","og_locale":"es_ES","og_type":"article","og_title":"Excursi\u00f3n a las cascadas de Ouzoud desde Marrakech","og_description":"Disfruta de una excursi\u00f3n a las impresionantes cascadas de Ouzoud desde Marrakech, admirando su belleza natural y paisajes espectaculares.","og_url":"https:\/\/saharatoursluxurycamp.com\/es\/excursion-a-las-cascadas-de-ouzoud-desde-marrakech\/","og_site_name":"Sahara Tours Luxury Camp","article_modified_time":"2023-05-03T01:47:39+00:00","og_image":[{"width":2000,"height":1333,"url":"https:\/\/saharatoursluxurycamp.com\/es\/wp-content\/uploads\/2023\/04\/R.jpeg","type":"image\/jpeg"}],"twitter_card":"summary_large_image","twitter_misc":{"Tiempo de lectura":"2 minutos"},"schema":{"@context":"https:\/\/schema.org","@graph":[{"@type":"WebPage","@id":"https:\/\/saharatoursluxurycamp.com\/es\/excursion-a-las-cascadas-de-ouzoud-desde-marrakech\/","url":"https:\/\/saharatoursluxurycamp.com\/es\/excursion-a-las-cascadas-de-ouzoud-desde-marrakech\/","name":"Excursi\u00f3n a las cascadas de Ouzoud desde Marrakech","isPartOf":{"@id":"https:\/\/saharatoursluxurycamp.com\/es\/#website"},"primaryImageOfPage":{"@id":"https:\/\/saharatoursluxurycamp.com\/es\/excursion-a-las-cascadas-de-ouzoud-desde-marrakech\/#primaryimage"},"image":{"@id":"https:\/\/saharatoursluxurycamp.com\/es\/excursion-a-las-cascadas-de-ouzoud-desde-marrakech\/#primaryimage"},"thumbnailUrl":"https:\/\/saharatoursluxurycamp.com\/es\/wp-content\/uploads\/2023\/04\/R.jpeg","datePublished":"2023-04-04T21:09:37+00:00","dateModified":"2023-05-03T01:47:39+00:00","description":"Disfruta de una excursi\u00f3n a las impresionantes cascadas de Ouzoud desde Marrakech, admirando su belleza natural y paisajes espectaculares.","breadcrumb":{"@id":"https:\/\/saharatoursluxurycamp.com\/es\/excursion-a-las-cascadas-de-ouzoud-desde-marrakech\/#breadcrumb"},"inLanguage":"es","potentialAction":[{"@type":"ReadAction","target":["https:\/\/saharatoursluxurycamp.com\/es\/excursion-a-las-cascadas-de-ouzoud-desde-marrakech\/"]}]},{"@type":"ImageObject","inLanguage":"es","@id":"https:\/\/saharatoursluxurycamp.com\/es\/excursion-a-las-cascadas-de-ouzoud-desde-marrakech\/#primaryimage","url":"https:\/\/saharatoursluxurycamp.com\/es\/wp-content\/uploads\/2023\/04\/R.jpeg","contentUrl":"https:\/\/saharatoursluxurycamp.com\/es\/wp-content\/uploads\/2023\/04\/R.jpeg","width":2000,"height":1333,"caption":"Excursi\u00f3n a las cascadas de Ouzoud desde Marrakech"},{"@type":"BreadcrumbList","@id":"https:\/\/saharatoursluxurycamp.com\/es\/excursion-a-las-cascadas-de-ouzoud-desde-marrakech\/#breadcrumb","itemListElement":[{"@type":"ListItem","position":1,"name":"Home","item":"https:\/\/saharatoursluxurycamp.com\/es\/"},{"@type":"ListItem","position":2,"name":"Excursi\u00f3n a las cascadas de Ouzoud desde Marrakech"}]},{"@type":"WebSite","@id":"https:\/\/saharatoursluxurycamp.com\/es\/#website","url":"https:\/\/saharatoursluxurycamp.com\/es\/","name":"Sahara Tours Luxury Camp","description":"Morocco Desert Tours - Tours &amp; Excursions in Morocco","publisher":{"@id":"https:\/\/saharatoursluxurycamp.com\/es\/#organization"},"potentialAction":[{"@type":"SearchAction","target":{"@type":"EntryPoint","urlTemplate":"https:\/\/saharatoursluxurycamp.com\/es\/?s={search_term_string}"},"query-input":"required name=search_term_string"}],"inLanguage":"es"},{"@type":"Organization","@id":"https:\/\/saharatoursluxurycamp.com\/es\/#organization","name":"Sahara Tours Luxury Camp","url":"https:\/\/saharatoursluxurycamp.com\/es\/","logo":{"@type":"ImageObject","inLanguage":"es","@id":"https:\/\/saharatoursluxurycamp.com\/es\/#\/schema\/logo\/image\/","url":"https:\/\/saharatoursluxurycamp.com\/es\/wp-content\/uploads\/2023\/03\/logo.png","contentUrl":"https:\/\/saharatoursluxurycamp.com\/es\/wp-content\/uploads\/2023\/03\/logo.png","width":768,"height":284,"caption":"Sahara Tours Luxury Camp"},"image":{"@id":"https:\/\/saharatoursluxurycamp.com\/es\/#\/schema\/logo\/image\/"}}]}},"_links":{"self":[{"href":"https:\/\/saharatoursluxurycamp.com\/es\/wp-json\/wp\/v2\/pages\/161","targetHints":{"allow":["GET"]}}],"collection":[{"href":"https:\/\/saharatoursluxurycamp.com\/es\/wp-json\/wp\/v2\/pages"}],"about":[{"href":"https:\/\/saharatoursluxurycamp.com\/es\/wp-json\/wp\/v2\/types\/page"}],"author":[{"embeddable":true,"href":"https:\/\/saharatoursluxurycamp.com\/es\/wp-json\/wp\/v2\/users\/1"}],"replies":[{"embeddable":true,"href":"https:\/\/saharatoursluxurycamp.com\/es\/wp-json\/wp\/v2\/comments?post=161"}],"version-history":[{"count":7,"href":"https:\/\/saharatoursluxurycamp.com\/es\/wp-json\/wp\/v2\/pages\/161\/revisions"}],"predecessor-version":[{"id":695,"href":"https:\/\/saharatoursluxurycamp.com\/es\/wp-json\/wp\/v2\/pages\/161\/revisions\/695"}],"wp:featuredmedia":[{"embeddable":true,"href":"https:\/\/saharatoursluxurycamp.com\/es\/wp-json\/wp\/v2\/media\/310"}],"wp:attachment":[{"href":"https:\/\/saharatoursluxurycamp.com\/es\/wp-json\/wp\/v2\/media?parent=161"}],"curies":[{"name":"wp","href":"https:\/\/api.w.org\/{rel}","templated":true}]}}