{"id":159,"date":"2023-04-04T21:09:10","date_gmt":"2023-04-04T21:09:10","guid":{"rendered":"https:\/\/saharatoursluxurycamp.com\/es\/?page_id=159"},"modified":"2023-05-03T02:00:04","modified_gmt":"2023-05-03T02:00:04","slug":"excursion-de-un-dia-a-essaouira-desde-marrakech","status":"publish","type":"page","link":"https:\/\/saharatoursluxurycamp.com\/es\/excursion-de-un-dia-a-essaouira-desde-marrakech\/","title":{"rendered":"Excursi\u00f3n de un d\u00eda a Essaouira desde Marrakech"},"content":{"rendered":"<h2>Descubre la encantadora ciudad costera de Essaouira en una excursi\u00f3n de un d\u00eda desde <a href=\"https:\/\/saharatoursluxurycamp.com\/4-days-desert-from-marrakesh-to-merzouga\/\">Marrakech<\/a><\/h2>\n<p>Si est\u00e1s buscando un lugar tranquilo y relajado para escapar del ajetreo y el bullicio de Marrakech, entonces no busques m\u00e1s all\u00e1 de Essaouira. Conocida por su ambiente relajado y por ser uno de los lugares preferidos por los m\u00fasicos de los a\u00f1os 60, Essaouira sigue siendo una atracci\u00f3n tur\u00edstica popular hasta el d\u00eda de hoy.<\/p>\n<p>Comenzando nuestra excursi\u00f3n de un d\u00eda desde Marrakech a Essaouira por la ma\u00f1ana, disfrutar\u00e1s de un c\u00f3modo viaje en coche desde tu Riad\/hotel en Marrakech hasta Essaouira. Situada en la costa atl\u00e1ntica de Marruecos, Essaouira cuenta con una temperatura agradable durante todo el a\u00f1o, lo que la convierte en un lugar ideal para visitar en cualquier \u00e9poca del a\u00f1o.<\/p>\n<h3>Playas de ensue\u00f1o y marisco fresco<\/h3>\n<p>Una vez que llegues a Essaouira, no puedes perderte su extensa playa dorada, que es un lugar popular entre los windsurfistas. Tambi\u00e9n puedes disfrutar de su famoso marisco fresco a la parrilla en el puerto. Y si eres amante de la artesan\u00eda, la medina de Essaouira es el lugar perfecto para encontrar tallistas de madera de thuja y artesanos de la plata que trabajan bajo las antiguas murallas portuguesas que protegen la ciudad del mar.<\/p>\n<p>Adem\u00e1s, la medina de Essaouira es una de las m\u00e1s encantadoras de todo Marruecos. Pasea por sus estrechas calles, descubre sus peque\u00f1as tiendas y disfruta del ambiente relajado y acogedor de esta ciudad costera.<\/p>\n<h3>Recomendado todo el a\u00f1o<\/h3>\n<p>Essaouira es un lugar recomendado para visitar durante todo el a\u00f1o, especialmente en verano, cuando hace un agradable alivio del calor de Marrakech. Despu\u00e9s de disfrutar de un d\u00eda en Essaouira, regresaremos a Marrakech por la tarde.<\/p>\n<p>No pierdas la oportunidad de visitar esta hermosa ciudad costera en tu pr\u00f3ximo viaje a Marruecos. \u00a1Reserva tu excursi\u00f3n de un d\u00eda desde Marrakech a Essaouira hoy mismo!<\/p>\n","protected":false},"excerpt":{"rendered":"<p>Descubre la encantadora ciudad costera de Essaouira en una excursi\u00f3n de un d\u00eda desde Marrakech Si est\u00e1s buscando un lugar tranquilo y relajado para escapar del ajetreo y el bullicio de Marrakech, entonces no busques m\u00e1s all\u00e1 de Essaouira. Conocida por su ambiente relajado y por ser uno de los lugares preferidos por los m\u00fasicos [&hellip;]<\/p>\n","protected":false},"author":1,"featured_media":313,"parent":0,"menu_order":0,"comment_status":"closed","ping_status":"closed","template":"","meta":{"footnotes":""},"class_list":["post-159","page","type-page","status-publish","has-post-thumbnail","hentry"],"yoast_head":"<!-- This site is optimized with the Yoast SEO Premium plugin v19.0 (Yoast SEO v22.7) - https:\/\/yoast.com\/wordpress\/plugins\/seo\/ -->\n<title>Excursi\u00f3n de un d\u00eda a Essaouira desde Marrakech<\/title>\n<meta name=\"description\" content=\"Descubre la encantadora ciudad costera de Essaouira en nuestra excursi\u00f3n de un d\u00eda desde Marrakech, explorando su belleza hist\u00f3rica y natural.\" \/>\n<meta name=\"robots\" content=\"index, follow, max-snippet:-1, max-image-preview:large, max-video-preview:-1\" \/>\n<link rel=\"canonical\" href=\"https:\/\/saharatoursluxurycamp.com\/es\/excursion-de-un-dia-a-essaouira-desde-marrakech\/\" \/>\n<meta property=\"og:locale\" content=\"es_ES\" \/>\n<meta property=\"og:type\" content=\"article\" \/>\n<meta property=\"og:title\" content=\"Excursi\u00f3n de un d\u00eda a Essaouira desde Marrakech\" \/>\n<meta property=\"og:description\" content=\"Descubre la encantadora ciudad costera de Essaouira en nuestra excursi\u00f3n de un d\u00eda desde Marrakech, explorando su belleza hist\u00f3rica y natural.\" \/>\n<meta property=\"og:url\" content=\"https:\/\/saharatoursluxurycamp.com\/es\/excursion-de-un-dia-a-essaouira-desde-marrakech\/\" \/>\n<meta property=\"og:site_name\" content=\"Sahara Tours Luxury Camp\" \/>\n<meta property=\"article:modified_time\" content=\"2023-05-03T02:00:04+00:00\" \/>\n<meta property=\"og:image\" content=\"https:\/\/saharatoursluxurycamp.com\/es\/wp-content\/uploads\/2023\/04\/essaouira.jpeg\" \/>\n\t<meta property=\"og:image:width\" content=\"1920\" \/>\n\t<meta property=\"og:image:height\" content=\"1080\" \/>\n\t<meta property=\"og:image:type\" content=\"image\/jpeg\" \/>\n<meta name=\"twitter:card\" content=\"summary_large_image\" \/>\n<meta name=\"twitter:label1\" content=\"Tiempo de lectura\" \/>\n\t<meta name=\"twitter:data1\" content=\"2 minutos\" \/>\n<script type=\"application\/ld+json\" class=\"yoast-schema-graph\">{\"@context\":\"https:\/\/schema.org\",\"@graph\":[{\"@type\":\"WebPage\",\"@id\":\"https:\/\/saharatoursluxurycamp.com\/es\/excursion-de-un-dia-a-essaouira-desde-marrakech\/\",\"url\":\"https:\/\/saharatoursluxurycamp.com\/es\/excursion-de-un-dia-a-essaouira-desde-marrakech\/\",\"name\":\"Excursi\u00f3n de un d\u00eda a Essaouira desde Marrakech\",\"isPartOf\":{\"@id\":\"https:\/\/saharatoursluxurycamp.com\/es\/#website\"},\"primaryImageOfPage\":{\"@id\":\"https:\/\/saharatoursluxurycamp.com\/es\/excursion-de-un-dia-a-essaouira-desde-marrakech\/#primaryimage\"},\"image\":{\"@id\":\"https:\/\/saharatoursluxurycamp.com\/es\/excursion-de-un-dia-a-essaouira-desde-marrakech\/#primaryimage\"},\"thumbnailUrl\":\"https:\/\/saharatoursluxurycamp.com\/es\/wp-content\/uploads\/2023\/04\/essaouira.jpeg\",\"datePublished\":\"2023-04-04T21:09:10+00:00\",\"dateModified\":\"2023-05-03T02:00:04+00:00\",\"description\":\"Descubre la encantadora ciudad costera de Essaouira en nuestra excursi\u00f3n de un d\u00eda desde Marrakech, explorando su belleza hist\u00f3rica y natural.\",\"breadcrumb\":{\"@id\":\"https:\/\/saharatoursluxurycamp.com\/es\/excursion-de-un-dia-a-essaouira-desde-marrakech\/#breadcrumb\"},\"inLanguage\":\"es\",\"potentialAction\":[{\"@type\":\"ReadAction\",\"target\":[\"https:\/\/saharatoursluxurycamp.com\/es\/excursion-de-un-dia-a-essaouira-desde-marrakech\/\"]}]},{\"@type\":\"ImageObject\",\"inLanguage\":\"es\",\"@id\":\"https:\/\/saharatoursluxurycamp.com\/es\/excursion-de-un-dia-a-essaouira-desde-marrakech\/#primaryimage\",\"url\":\"https:\/\/saharatoursluxurycamp.com\/es\/wp-content\/uploads\/2023\/04\/essaouira.jpeg\",\"contentUrl\":\"https:\/\/saharatoursluxurycamp.com\/es\/wp-content\/uploads\/2023\/04\/essaouira.jpeg\",\"width\":1920,\"height\":1080,\"caption\":\"Excursi\u00f3n de un d\u00eda a Essaouira desde Marrakech\"},{\"@type\":\"BreadcrumbList\",\"@id\":\"https:\/\/saharatoursluxurycamp.com\/es\/excursion-de-un-dia-a-essaouira-desde-marrakech\/#breadcrumb\",\"itemListElement\":[{\"@type\":\"ListItem\",\"position\":1,\"name\":\"Home\",\"item\":\"https:\/\/saharatoursluxurycamp.com\/es\/\"},{\"@type\":\"ListItem\",\"position\":2,\"name\":\"Excursi\u00f3n de un d\u00eda a Essaouira desde Marrakech\"}]},{\"@type\":\"WebSite\",\"@id\":\"https:\/\/saharatoursluxurycamp.com\/es\/#website\",\"url\":\"https:\/\/saharatoursluxurycamp.com\/es\/\",\"name\":\"Sahara Tours Luxury Camp\",\"description\":\"Morocco Desert Tours - Tours &amp; Excursions in Morocco\",\"publisher\":{\"@id\":\"https:\/\/saharatoursluxurycamp.com\/es\/#organization\"},\"potentialAction\":[{\"@type\":\"SearchAction\",\"target\":{\"@type\":\"EntryPoint\",\"urlTemplate\":\"https:\/\/saharatoursluxurycamp.com\/es\/?s={search_term_string}\"},\"query-input\":\"required name=search_term_string\"}],\"inLanguage\":\"es\"},{\"@type\":\"Organization\",\"@id\":\"https:\/\/saharatoursluxurycamp.com\/es\/#organization\",\"name\":\"Sahara Tours Luxury Camp\",\"url\":\"https:\/\/saharatoursluxurycamp.com\/es\/\",\"logo\":{\"@type\":\"ImageObject\",\"inLanguage\":\"es\",\"@id\":\"https:\/\/saharatoursluxurycamp.com\/es\/#\/schema\/logo\/image\/\",\"url\":\"https:\/\/saharatoursluxurycamp.com\/es\/wp-content\/uploads\/2023\/03\/logo.png\",\"contentUrl\":\"https:\/\/saharatoursluxurycamp.com\/es\/wp-content\/uploads\/2023\/03\/logo.png\",\"width\":768,\"height\":284,\"caption\":\"Sahara Tours Luxury Camp\"},\"image\":{\"@id\":\"https:\/\/saharatoursluxurycamp.com\/es\/#\/schema\/logo\/image\/\"}}]}<\/script>\n<!-- \/ Yoast SEO Premium plugin. -->","yoast_head_json":{"title":"Excursi\u00f3n de un d\u00eda a Essaouira desde Marrakech","description":"Descubre la encantadora ciudad costera de Essaouira en nuestra excursi\u00f3n de un d\u00eda desde Marrakech, explorando su belleza hist\u00f3rica y natural.","robots":{"index":"index","follow":"follow","max-snippet":"max-snippet:-1","max-image-preview":"max-image-preview:large","max-video-preview":"max-video-preview:-1"},"canonical":"https:\/\/saharatoursluxurycamp.com\/es\/excursion-de-un-dia-a-essaouira-desde-marrakech\/","og_locale":"es_ES","og_type":"article","og_title":"Excursi\u00f3n de un d\u00eda a Essaouira desde Marrakech","og_description":"Descubre la encantadora ciudad costera de Essaouira en nuestra excursi\u00f3n de un d\u00eda desde Marrakech, explorando su belleza hist\u00f3rica y natural.","og_url":"https:\/\/saharatoursluxurycamp.com\/es\/excursion-de-un-dia-a-essaouira-desde-marrakech\/","og_site_name":"Sahara Tours Luxury Camp","article_modified_time":"2023-05-03T02:00:04+00:00","og_image":[{"width":1920,"height":1080,"url":"https:\/\/saharatoursluxurycamp.com\/es\/wp-content\/uploads\/2023\/04\/essaouira.jpeg","type":"image\/jpeg"}],"twitter_card":"summary_large_image","twitter_misc":{"Tiempo de lectura":"2 minutos"},"schema":{"@context":"https:\/\/schema.org","@graph":[{"@type":"WebPage","@id":"https:\/\/saharatoursluxurycamp.com\/es\/excursion-de-un-dia-a-essaouira-desde-marrakech\/","url":"https:\/\/saharatoursluxurycamp.com\/es\/excursion-de-un-dia-a-essaouira-desde-marrakech\/","name":"Excursi\u00f3n de un d\u00eda a Essaouira desde Marrakech","isPartOf":{"@id":"https:\/\/saharatoursluxurycamp.com\/es\/#website"},"primaryImageOfPage":{"@id":"https:\/\/saharatoursluxurycamp.com\/es\/excursion-de-un-dia-a-essaouira-desde-marrakech\/#primaryimage"},"image":{"@id":"https:\/\/saharatoursluxurycamp.com\/es\/excursion-de-un-dia-a-essaouira-desde-marrakech\/#primaryimage"},"thumbnailUrl":"https:\/\/saharatoursluxurycamp.com\/es\/wp-content\/uploads\/2023\/04\/essaouira.jpeg","datePublished":"2023-04-04T21:09:10+00:00","dateModified":"2023-05-03T02:00:04+00:00","description":"Descubre la encantadora ciudad costera de Essaouira en nuestra excursi\u00f3n de un d\u00eda desde Marrakech, explorando su belleza hist\u00f3rica y natural.","breadcrumb":{"@id":"https:\/\/saharatoursluxurycamp.com\/es\/excursion-de-un-dia-a-essaouira-desde-marrakech\/#breadcrumb"},"inLanguage":"es","potentialAction":[{"@type":"ReadAction","target":["https:\/\/saharatoursluxurycamp.com\/es\/excursion-de-un-dia-a-essaouira-desde-marrakech\/"]}]},{"@type":"ImageObject","inLanguage":"es","@id":"https:\/\/saharatoursluxurycamp.com\/es\/excursion-de-un-dia-a-essaouira-desde-marrakech\/#primaryimage","url":"https:\/\/saharatoursluxurycamp.com\/es\/wp-content\/uploads\/2023\/04\/essaouira.jpeg","contentUrl":"https:\/\/saharatoursluxurycamp.com\/es\/wp-content\/uploads\/2023\/04\/essaouira.jpeg","width":1920,"height":1080,"caption":"Excursi\u00f3n de un d\u00eda a Essaouira desde Marrakech"},{"@type":"BreadcrumbList","@id":"https:\/\/saharatoursluxurycamp.com\/es\/excursion-de-un-dia-a-essaouira-desde-marrakech\/#breadcrumb","itemListElement":[{"@type":"ListItem","position":1,"name":"Home","item":"https:\/\/saharatoursluxurycamp.com\/es\/"},{"@type":"ListItem","position":2,"name":"Excursi\u00f3n de un d\u00eda a Essaouira desde Marrakech"}]},{"@type":"WebSite","@id":"https:\/\/saharatoursluxurycamp.com\/es\/#website","url":"https:\/\/saharatoursluxurycamp.com\/es\/","name":"Sahara Tours Luxury Camp","description":"Morocco Desert Tours - Tours &amp; Excursions in Morocco","publisher":{"@id":"https:\/\/saharatoursluxurycamp.com\/es\/#organization"},"potentialAction":[{"@type":"SearchAction","target":{"@type":"EntryPoint","urlTemplate":"https:\/\/saharatoursluxurycamp.com\/es\/?s={search_term_string}"},"query-input":"required name=search_term_string"}],"inLanguage":"es"},{"@type":"Organization","@id":"https:\/\/saharatoursluxurycamp.com\/es\/#organization","name":"Sahara Tours Luxury Camp","url":"https:\/\/saharatoursluxurycamp.com\/es\/","logo":{"@type":"ImageObject","inLanguage":"es","@id":"https:\/\/saharatoursluxurycamp.com\/es\/#\/schema\/logo\/image\/","url":"https:\/\/saharatoursluxurycamp.com\/es\/wp-content\/uploads\/2023\/03\/logo.png","contentUrl":"https:\/\/saharatoursluxurycamp.com\/es\/wp-content\/uploads\/2023\/03\/logo.png","width":768,"height":284,"caption":"Sahara Tours Luxury Camp"},"image":{"@id":"https:\/\/saharatoursluxurycamp.com\/es\/#\/schema\/logo\/image\/"}}]}},"_links":{"self":[{"href":"https:\/\/saharatoursluxurycamp.com\/es\/wp-json\/wp\/v2\/pages\/159","targetHints":{"allow":["GET"]}}],"collection":[{"href":"https:\/\/saharatoursluxurycamp.com\/es\/wp-json\/wp\/v2\/pages"}],"about":[{"href":"https:\/\/saharatoursluxurycamp.com\/es\/wp-json\/wp\/v2\/types\/page"}],"author":[{"embeddable":true,"href":"https:\/\/saharatoursluxurycamp.com\/es\/wp-json\/wp\/v2\/users\/1"}],"replies":[{"embeddable":true,"href":"https:\/\/saharatoursluxurycamp.com\/es\/wp-json\/wp\/v2\/comments?post=159"}],"version-history":[{"count":8,"href":"https:\/\/saharatoursluxurycamp.com\/es\/wp-json\/wp\/v2\/pages\/159\/revisions"}],"predecessor-version":[{"id":698,"href":"https:\/\/saharatoursluxurycamp.com\/es\/wp-json\/wp\/v2\/pages\/159\/revisions\/698"}],"wp:featuredmedia":[{"embeddable":true,"href":"https:\/\/saharatoursluxurycamp.com\/es\/wp-json\/wp\/v2\/media\/313"}],"wp:attachment":[{"href":"https:\/\/saharatoursluxurycamp.com\/es\/wp-json\/wp\/v2\/media?parent=159"}],"curies":[{"name":"wp","href":"https:\/\/api.w.org\/{rel}","templated":true}]}}