{"id":157,"date":"2023-04-04T21:08:50","date_gmt":"2023-04-04T21:08:50","guid":{"rendered":"https:\/\/saharatoursluxurycamp.com\/es\/?page_id=157"},"modified":"2023-05-03T12:24:06","modified_gmt":"2023-05-03T12:24:06","slug":"excursiones-de-un-dia-al-valle-de-ourika-desde-marrakech","status":"publish","type":"page","link":"https:\/\/saharatoursluxurycamp.com\/es\/excursiones-de-un-dia-al-valle-de-ourika-desde-marrakech\/","title":{"rendered":"Excursiones de un d\u00eda al Valle de Ourika desde Marrakech"},"content":{"rendered":"<p>Si ya ha explorado la medina de Marrakech, regateado en el zoco, escuchado a los cuentacuentos en la plaza Djemaa el Fna y cenado al aire libre, es hora de viajar m\u00e1s lejos para descubrir la magia de Marruecos. Marrakech se encuentra a los pies de la cordillera nevada del Atlas, la cadena monta\u00f1osa del Norte de \u00c1frica que une Marruecos, Argelia y T\u00fanez. Aqu\u00ed, la cordillera del Alto Atlas est\u00e1 cortada por el r\u00edo Draa al Sur y los valles de Imlil, Ourika, Zat&#8230; al Norte. Desde Marrakech se pueden hacer muchas excursiones a los valles bereberes del Alto Atlas, a s\u00f3lo una hora en coche de la ciudad. Aqu\u00ed tiene algunas excursiones de un d\u00eda que puede hacer desde <a href=\"https:\/\/saharatoursluxurycamp.com\/es\/4-dias-de-desierto-desde-marrakech-a-merzouga\/\">Marrakech<\/a>.<\/p>\n<h4>Excursi\u00f3n de un d\u00eda al valle de Ourika<\/h4>\n<p>Recogida alrededor de las 9 de la ma\u00f1ana desde su alojamiento en Marrakech en direcci\u00f3n a las monta\u00f1as del Atlas, despu\u00e9s de unos 45 minutos a trav\u00e9s de olivares debemos llegar a la puerta del valle de Ourika en el pueblo de Tnine Ourika, donde un gran mercado semanal se establece todos los lunes donde todos los pueblos que viven alrededor vienen a comprar sus necesidades para el conjunto (gran actividad). Una vez visitado el mercado (si es lunes) comenzamos la caminata de 2 horas a trav\u00e9s de muchos pueblos bereberes y terrazas cultivadas hasta el pueblo de Timalizine desde donde cruzamos el puente y volvemos a la carretera principal y volvemos al coche para continuar el viaje por el valle de Ourika hasta el impresionante pueblo de Setti Fadma que marca el final de la carretera asfaltada.<\/p>\n<p>Una vez aqu\u00ed nos bajamos y almorzamos en un restaurante local antes de emprender otro paseo de 45 minutos para visitar algunas de las cascadas. Despu\u00e9s de la visita de las cascadas, volvemos al coche y hacemos nuestro viaje de vuelta a Marrakech para llegar aqu\u00ed alrededor de las 17h con una possibilit\u00e9 de visitar una casa bereber traditionel en el camino de vuelta.<\/p>\n<p>N.B : certains peuples peuvent \u00e9chapper de l&#8217;avenir et se contenter de tr\u00e8s petits d\u00e9placements long de la route pour prendre les photos.<\/p>\n","protected":false},"excerpt":{"rendered":"<p>Si ya ha explorado la medina de Marrakech, regateado en el zoco, escuchado a los cuentacuentos en la plaza Djemaa el Fna y cenado al aire libre, es hora de viajar m\u00e1s lejos para descubrir la magia de Marruecos. Marrakech se encuentra a los pies de la cordillera nevada del Atlas, la cadena monta\u00f1osa del [&hellip;]<\/p>\n","protected":false},"author":1,"featured_media":311,"parent":0,"menu_order":0,"comment_status":"closed","ping_status":"closed","template":"","meta":{"footnotes":""},"class_list":["post-157","page","type-page","status-publish","has-post-thumbnail","hentry"],"yoast_head":"<!-- This site is optimized with the Yoast SEO Premium plugin v19.0 (Yoast SEO v22.7) - https:\/\/yoast.com\/wordpress\/plugins\/seo\/ -->\n<title>Excursiones de un d\u00eda al Valle de Ourika desde Marrakech<\/title>\n<meta name=\"description\" content=\"Excursiones diarias al Valle de Ourika desde Marrakech para disfrutar de la naturaleza y la cultura ber\u00e9ber en las monta\u00f1as del Atlas.\" \/>\n<meta name=\"robots\" content=\"index, follow, max-snippet:-1, max-image-preview:large, max-video-preview:-1\" \/>\n<link rel=\"canonical\" href=\"https:\/\/saharatoursluxurycamp.com\/es\/excursiones-de-un-dia-al-valle-de-ourika-desde-marrakech\/\" \/>\n<meta property=\"og:locale\" content=\"es_ES\" \/>\n<meta property=\"og:type\" content=\"article\" \/>\n<meta property=\"og:title\" content=\"Excursiones de un d\u00eda al Valle de Ourika desde Marrakech\" \/>\n<meta property=\"og:description\" content=\"Excursiones diarias al Valle de Ourika desde Marrakech para disfrutar de la naturaleza y la cultura ber\u00e9ber en las monta\u00f1as del Atlas.\" \/>\n<meta property=\"og:url\" content=\"https:\/\/saharatoursluxurycamp.com\/es\/excursiones-de-un-dia-al-valle-de-ourika-desde-marrakech\/\" \/>\n<meta property=\"og:site_name\" content=\"Sahara Tours Luxury Camp\" \/>\n<meta property=\"article:modified_time\" content=\"2023-05-03T12:24:06+00:00\" \/>\n<meta property=\"og:image\" content=\"https:\/\/saharatoursluxurycamp.com\/es\/wp-content\/uploads\/2023\/04\/ourika.jpeg\" \/>\n\t<meta property=\"og:image:width\" content=\"1004\" \/>\n\t<meta property=\"og:image:height\" content=\"565\" \/>\n\t<meta property=\"og:image:type\" content=\"image\/jpeg\" \/>\n<meta name=\"twitter:card\" content=\"summary_large_image\" \/>\n<meta name=\"twitter:label1\" content=\"Tiempo de lectura\" \/>\n\t<meta name=\"twitter:data1\" content=\"2 minutos\" \/>\n<script type=\"application\/ld+json\" class=\"yoast-schema-graph\">{\"@context\":\"https:\/\/schema.org\",\"@graph\":[{\"@type\":\"WebPage\",\"@id\":\"https:\/\/saharatoursluxurycamp.com\/es\/excursiones-de-un-dia-al-valle-de-ourika-desde-marrakech\/\",\"url\":\"https:\/\/saharatoursluxurycamp.com\/es\/excursiones-de-un-dia-al-valle-de-ourika-desde-marrakech\/\",\"name\":\"Excursiones de un d\u00eda al Valle de Ourika desde Marrakech\",\"isPartOf\":{\"@id\":\"https:\/\/saharatoursluxurycamp.com\/es\/#website\"},\"primaryImageOfPage\":{\"@id\":\"https:\/\/saharatoursluxurycamp.com\/es\/excursiones-de-un-dia-al-valle-de-ourika-desde-marrakech\/#primaryimage\"},\"image\":{\"@id\":\"https:\/\/saharatoursluxurycamp.com\/es\/excursiones-de-un-dia-al-valle-de-ourika-desde-marrakech\/#primaryimage\"},\"thumbnailUrl\":\"https:\/\/saharatoursluxurycamp.com\/es\/wp-content\/uploads\/2023\/04\/ourika.jpeg\",\"datePublished\":\"2023-04-04T21:08:50+00:00\",\"dateModified\":\"2023-05-03T12:24:06+00:00\",\"description\":\"Excursiones diarias al Valle de Ourika desde Marrakech para disfrutar de la naturaleza y la cultura ber\u00e9ber en las monta\u00f1as del Atlas.\",\"breadcrumb\":{\"@id\":\"https:\/\/saharatoursluxurycamp.com\/es\/excursiones-de-un-dia-al-valle-de-ourika-desde-marrakech\/#breadcrumb\"},\"inLanguage\":\"es\",\"potentialAction\":[{\"@type\":\"ReadAction\",\"target\":[\"https:\/\/saharatoursluxurycamp.com\/es\/excursiones-de-un-dia-al-valle-de-ourika-desde-marrakech\/\"]}]},{\"@type\":\"ImageObject\",\"inLanguage\":\"es\",\"@id\":\"https:\/\/saharatoursluxurycamp.com\/es\/excursiones-de-un-dia-al-valle-de-ourika-desde-marrakech\/#primaryimage\",\"url\":\"https:\/\/saharatoursluxurycamp.com\/es\/wp-content\/uploads\/2023\/04\/ourika.jpeg\",\"contentUrl\":\"https:\/\/saharatoursluxurycamp.com\/es\/wp-content\/uploads\/2023\/04\/ourika.jpeg\",\"width\":1004,\"height\":565,\"caption\":\"Excursiones de un d\u00eda al Valle de Ourika\"},{\"@type\":\"BreadcrumbList\",\"@id\":\"https:\/\/saharatoursluxurycamp.com\/es\/excursiones-de-un-dia-al-valle-de-ourika-desde-marrakech\/#breadcrumb\",\"itemListElement\":[{\"@type\":\"ListItem\",\"position\":1,\"name\":\"Home\",\"item\":\"https:\/\/saharatoursluxurycamp.com\/es\/\"},{\"@type\":\"ListItem\",\"position\":2,\"name\":\"Excursiones de un d\u00eda al Valle de Ourika desde Marrakech\"}]},{\"@type\":\"WebSite\",\"@id\":\"https:\/\/saharatoursluxurycamp.com\/es\/#website\",\"url\":\"https:\/\/saharatoursluxurycamp.com\/es\/\",\"name\":\"Sahara Tours Luxury Camp\",\"description\":\"Morocco Desert Tours - Tours &amp; Excursions in Morocco\",\"publisher\":{\"@id\":\"https:\/\/saharatoursluxurycamp.com\/es\/#organization\"},\"potentialAction\":[{\"@type\":\"SearchAction\",\"target\":{\"@type\":\"EntryPoint\",\"urlTemplate\":\"https:\/\/saharatoursluxurycamp.com\/es\/?s={search_term_string}\"},\"query-input\":\"required name=search_term_string\"}],\"inLanguage\":\"es\"},{\"@type\":\"Organization\",\"@id\":\"https:\/\/saharatoursluxurycamp.com\/es\/#organization\",\"name\":\"Sahara Tours Luxury Camp\",\"url\":\"https:\/\/saharatoursluxurycamp.com\/es\/\",\"logo\":{\"@type\":\"ImageObject\",\"inLanguage\":\"es\",\"@id\":\"https:\/\/saharatoursluxurycamp.com\/es\/#\/schema\/logo\/image\/\",\"url\":\"https:\/\/saharatoursluxurycamp.com\/es\/wp-content\/uploads\/2023\/03\/logo.png\",\"contentUrl\":\"https:\/\/saharatoursluxurycamp.com\/es\/wp-content\/uploads\/2023\/03\/logo.png\",\"width\":768,\"height\":284,\"caption\":\"Sahara Tours Luxury Camp\"},\"image\":{\"@id\":\"https:\/\/saharatoursluxurycamp.com\/es\/#\/schema\/logo\/image\/\"}}]}<\/script>\n<!-- \/ Yoast SEO Premium plugin. -->","yoast_head_json":{"title":"Excursiones de un d\u00eda al Valle de Ourika desde Marrakech","description":"Excursiones diarias al Valle de Ourika desde Marrakech para disfrutar de la naturaleza y la cultura ber\u00e9ber en las monta\u00f1as del Atlas.","robots":{"index":"index","follow":"follow","max-snippet":"max-snippet:-1","max-image-preview":"max-image-preview:large","max-video-preview":"max-video-preview:-1"},"canonical":"https:\/\/saharatoursluxurycamp.com\/es\/excursiones-de-un-dia-al-valle-de-ourika-desde-marrakech\/","og_locale":"es_ES","og_type":"article","og_title":"Excursiones de un d\u00eda al Valle de Ourika desde Marrakech","og_description":"Excursiones diarias al Valle de Ourika desde Marrakech para disfrutar de la naturaleza y la cultura ber\u00e9ber en las monta\u00f1as del Atlas.","og_url":"https:\/\/saharatoursluxurycamp.com\/es\/excursiones-de-un-dia-al-valle-de-ourika-desde-marrakech\/","og_site_name":"Sahara Tours Luxury Camp","article_modified_time":"2023-05-03T12:24:06+00:00","og_image":[{"width":1004,"height":565,"url":"https:\/\/saharatoursluxurycamp.com\/es\/wp-content\/uploads\/2023\/04\/ourika.jpeg","type":"image\/jpeg"}],"twitter_card":"summary_large_image","twitter_misc":{"Tiempo de lectura":"2 minutos"},"schema":{"@context":"https:\/\/schema.org","@graph":[{"@type":"WebPage","@id":"https:\/\/saharatoursluxurycamp.com\/es\/excursiones-de-un-dia-al-valle-de-ourika-desde-marrakech\/","url":"https:\/\/saharatoursluxurycamp.com\/es\/excursiones-de-un-dia-al-valle-de-ourika-desde-marrakech\/","name":"Excursiones de un d\u00eda al Valle de Ourika desde Marrakech","isPartOf":{"@id":"https:\/\/saharatoursluxurycamp.com\/es\/#website"},"primaryImageOfPage":{"@id":"https:\/\/saharatoursluxurycamp.com\/es\/excursiones-de-un-dia-al-valle-de-ourika-desde-marrakech\/#primaryimage"},"image":{"@id":"https:\/\/saharatoursluxurycamp.com\/es\/excursiones-de-un-dia-al-valle-de-ourika-desde-marrakech\/#primaryimage"},"thumbnailUrl":"https:\/\/saharatoursluxurycamp.com\/es\/wp-content\/uploads\/2023\/04\/ourika.jpeg","datePublished":"2023-04-04T21:08:50+00:00","dateModified":"2023-05-03T12:24:06+00:00","description":"Excursiones diarias al Valle de Ourika desde Marrakech para disfrutar de la naturaleza y la cultura ber\u00e9ber en las monta\u00f1as del Atlas.","breadcrumb":{"@id":"https:\/\/saharatoursluxurycamp.com\/es\/excursiones-de-un-dia-al-valle-de-ourika-desde-marrakech\/#breadcrumb"},"inLanguage":"es","potentialAction":[{"@type":"ReadAction","target":["https:\/\/saharatoursluxurycamp.com\/es\/excursiones-de-un-dia-al-valle-de-ourika-desde-marrakech\/"]}]},{"@type":"ImageObject","inLanguage":"es","@id":"https:\/\/saharatoursluxurycamp.com\/es\/excursiones-de-un-dia-al-valle-de-ourika-desde-marrakech\/#primaryimage","url":"https:\/\/saharatoursluxurycamp.com\/es\/wp-content\/uploads\/2023\/04\/ourika.jpeg","contentUrl":"https:\/\/saharatoursluxurycamp.com\/es\/wp-content\/uploads\/2023\/04\/ourika.jpeg","width":1004,"height":565,"caption":"Excursiones de un d\u00eda al Valle de Ourika"},{"@type":"BreadcrumbList","@id":"https:\/\/saharatoursluxurycamp.com\/es\/excursiones-de-un-dia-al-valle-de-ourika-desde-marrakech\/#breadcrumb","itemListElement":[{"@type":"ListItem","position":1,"name":"Home","item":"https:\/\/saharatoursluxurycamp.com\/es\/"},{"@type":"ListItem","position":2,"name":"Excursiones de un d\u00eda al Valle de Ourika desde Marrakech"}]},{"@type":"WebSite","@id":"https:\/\/saharatoursluxurycamp.com\/es\/#website","url":"https:\/\/saharatoursluxurycamp.com\/es\/","name":"Sahara Tours Luxury Camp","description":"Morocco Desert Tours - Tours &amp; Excursions in Morocco","publisher":{"@id":"https:\/\/saharatoursluxurycamp.com\/es\/#organization"},"potentialAction":[{"@type":"SearchAction","target":{"@type":"EntryPoint","urlTemplate":"https:\/\/saharatoursluxurycamp.com\/es\/?s={search_term_string}"},"query-input":"required name=search_term_string"}],"inLanguage":"es"},{"@type":"Organization","@id":"https:\/\/saharatoursluxurycamp.com\/es\/#organization","name":"Sahara Tours Luxury Camp","url":"https:\/\/saharatoursluxurycamp.com\/es\/","logo":{"@type":"ImageObject","inLanguage":"es","@id":"https:\/\/saharatoursluxurycamp.com\/es\/#\/schema\/logo\/image\/","url":"https:\/\/saharatoursluxurycamp.com\/es\/wp-content\/uploads\/2023\/03\/logo.png","contentUrl":"https:\/\/saharatoursluxurycamp.com\/es\/wp-content\/uploads\/2023\/03\/logo.png","width":768,"height":284,"caption":"Sahara Tours Luxury Camp"},"image":{"@id":"https:\/\/saharatoursluxurycamp.com\/es\/#\/schema\/logo\/image\/"}}]}},"_links":{"self":[{"href":"https:\/\/saharatoursluxurycamp.com\/es\/wp-json\/wp\/v2\/pages\/157","targetHints":{"allow":["GET"]}}],"collection":[{"href":"https:\/\/saharatoursluxurycamp.com\/es\/wp-json\/wp\/v2\/pages"}],"about":[{"href":"https:\/\/saharatoursluxurycamp.com\/es\/wp-json\/wp\/v2\/types\/page"}],"author":[{"embeddable":true,"href":"https:\/\/saharatoursluxurycamp.com\/es\/wp-json\/wp\/v2\/users\/1"}],"replies":[{"embeddable":true,"href":"https:\/\/saharatoursluxurycamp.com\/es\/wp-json\/wp\/v2\/comments?post=157"}],"version-history":[{"count":6,"href":"https:\/\/saharatoursluxurycamp.com\/es\/wp-json\/wp\/v2\/pages\/157\/revisions"}],"predecessor-version":[{"id":709,"href":"https:\/\/saharatoursluxurycamp.com\/es\/wp-json\/wp\/v2\/pages\/157\/revisions\/709"}],"wp:featuredmedia":[{"embeddable":true,"href":"https:\/\/saharatoursluxurycamp.com\/es\/wp-json\/wp\/v2\/media\/311"}],"wp:attachment":[{"href":"https:\/\/saharatoursluxurycamp.com\/es\/wp-json\/wp\/v2\/media?parent=157"}],"curies":[{"name":"wp","href":"https:\/\/api.w.org\/{rel}","templated":true}]}}