{"id":155,"date":"2023-04-04T21:08:28","date_gmt":"2023-04-04T21:08:28","guid":{"rendered":"https:\/\/saharatoursluxurycamp.com\/es\/?page_id=155"},"modified":"2023-05-03T12:21:49","modified_gmt":"2023-05-03T12:21:49","slug":"excursiones-de-un-dia-a-ouarzazate-desde-marrakech","status":"publish","type":"page","link":"https:\/\/saharatoursluxurycamp.com\/es\/excursiones-de-un-dia-a-ouarzazate-desde-marrakech\/","title":{"rendered":"Excursiones de un d\u00eda a Ouarzazate desde Marrakech"},"content":{"rendered":"<div class=\"flex-1 overflow-hidden\">\n<div class=\"react-scroll-to-bottom--css-toqgj-79elbk h-full dark:bg-gray-800\">\n<div class=\"react-scroll-to-bottom--css-toqgj-1n7m0yu\">\n<div class=\"flex flex-col items-center text-sm dark:bg-gray-800\">\n<div class=\"group w-full text-gray-800 dark:text-gray-100 border-b border-black\/10 dark:border-gray-900\/50 bg-gray-50 dark:bg-[#444654] sm:AIPRM__conversation__response\">\n<div class=\"text-base gap-4 md:gap-6 md:max-w-2xl lg:max-w-xl xl:max-w-3xl p-4 md:py-6 flex lg:px-0 m-auto\">\n<div class=\"relative flex w-[calc(100%-50px)] flex-col gap-1 md:gap-3 lg:w-[calc(100%-115px)]\">\n<div class=\"flex flex-grow flex-col gap-3\">\n<div class=\"min-h-[20px] flex flex-col items-start gap-4 whitespace-pre-wrap break-words\">\n<div class=\"markdown prose w-full break-words dark:prose-invert light AIPRM__conversation__response\">\n<h2>Excursi\u00f3n de un d\u00eda a Ouarzazate desde Marrakech: Explorando el Hollywood de Marruecos<\/h2>\n<p>Si busca una excursi\u00f3n de un d\u00eda desde Marrakech llena de aventura, vistas impresionantes y un toque del glamour de Hollywood, no busque m\u00e1s y visite Ouarzazate. Situada a las puertas del desierto del S\u00e1hara, esta ciudad se ha hecho famosa por sus estudios cinematogr\u00e1ficos y ha sido escenario de muchas pel\u00edculas famosas, como \u00abLawrence de Arabia\u00bb y \u00abGladiator\u00bb. Aqu\u00ed tiene todo lo que necesita saber para hacer una excursi\u00f3n de un d\u00eda a Ouarzazate desde <a href=\"https:\/\/saharatoursluxurycamp.com\/es\/excursion-de-un-dia-al-desierto-de-agafay-desde-marrakech\/\">Marrakech<\/a>.<\/p>\n<h3>C\u00f3mo llegar a Ouarzazate<\/h3>\n<p>Desde Marrakech, se reunir\u00e1 con su conductor y gu\u00eda y comenzar\u00e1 un sinuoso viaje cuesta arriba a trav\u00e9s de las monta\u00f1as del Alto Atlas, hasta llegar al famoso paso de Tizi N&#8217;Tichka, situado a 2.260 metros de altitud. Por el camino, pararemos varias veces para contemplar las impresionantes vistas y tomar algunas fotos.<\/p>\n<p>Kasbah Taourirt: Situada a s\u00f3lo 1 km del centro de la ciudad, esta Kasbah fue construida por Pacha El Glaoui y ha sido restaurada recientemente. Conocida por sus techos de madera pintada, ofrece magn\u00edficas vistas sobre el oasis y el lago El Mansour Eddahbi.<\/p>\n<h3>Kasbah Ait Ben Haddou<\/h3>\n<p>A s\u00f3lo 30 km de Ouarzazate, una carretera conduce a una de las kasbahs m\u00e1s bellas de la regi\u00f3n del Atlas. La Kasbah de Ait Ben Haddou, declarada Patrimonio de la Humanidad por la UNESCO, ha sido el tel\u00f3n de fondo de m\u00e1s de 20 pel\u00edculas y fue una de las fortalezas m\u00e1s importantes de la antigua Ruta de las Caravanas de la Sal, por la que los comerciantes llevaban esclavos, oro, marfil y sal desde el \u00c1frica sahariana hasta Marrakech y m\u00e1s all\u00e1. Despu\u00e9s del almuerzo en la Kasbah, visitaremos la antigua Kasbah Pacha Glaoui en Ouarzazate. Esta Kasbah tiene una historia asombrosa y est\u00e1 \u00edntimamente ligada a la formaci\u00f3n de Marruecos como pa\u00eds en el siglo XX. Por \u00faltimo, le llevaremos a visitar los estudios de cine Atlas, donde se rodaron pel\u00edculas como \u00abLa Momia\u00bb y \u00abAst\u00e9rix y Cleopatra\u00bb.<\/p>\n<h3>Cu\u00e1ndo ir<\/h3>\n<p>Esta excursi\u00f3n de un d\u00eda es recomendable durante todo el a\u00f1o, pero tenga en cuenta que la temperatura puede ser bastante calurosa durante los meses de verano, por lo que es mejor visitarla en los meses m\u00e1s frescos, entre noviembre y marzo.<\/p>\n<p>En conclusi\u00f3n, una excursi\u00f3n de un d\u00eda a Ouarzazate desde Marrakech es imprescindible para cualquier viajero que busque una experiencia \u00fanica e inolvidable en Marruecos. Desde las impresionantes vistas de las monta\u00f1as del Alto Atlas hasta la fascinante historia de las antiguas Kasbahs y el glamour de Hollywood en el S\u00e1hara, esta excursi\u00f3n de un d\u00eda tiene algo para todos los gustos. Reserve su viaje hoy mismo y prep\u00e1rese para una aventura sin igual.<\/p>\n<p>Traducci\u00f3n realizada con la versi\u00f3n gratuita del traductor www.DeepL.com\/Translator<\/p>\n<\/div>\n<\/div>\n<\/div>\n<\/div>\n<\/div>\n<\/div>\n<\/div>\n<\/div>\n<\/div>\n<\/div>\n","protected":false},"excerpt":{"rendered":"<p>Excursi\u00f3n de un d\u00eda a Ouarzazate desde Marrakech: Explorando el Hollywood de Marruecos Si busca una excursi\u00f3n de un d\u00eda desde Marrakech llena de aventura, vistas impresionantes y un toque del glamour de Hollywood, no busque m\u00e1s y visite Ouarzazate. Situada a las puertas del desierto del S\u00e1hara, esta ciudad se ha hecho famosa por [&hellip;]<\/p>\n","protected":false},"author":1,"featured_media":312,"parent":0,"menu_order":0,"comment_status":"closed","ping_status":"closed","template":"","meta":{"footnotes":""},"class_list":["post-155","page","type-page","status-publish","has-post-thumbnail","hentry"],"yoast_head":"<!-- This site is optimized with the Yoast SEO Premium plugin v19.0 (Yoast SEO v22.7) - https:\/\/yoast.com\/wordpress\/plugins\/seo\/ -->\n<title>Excursiones de un d\u00eda a Ouarzazate desde Marrakech<\/title>\n<meta name=\"description\" content=\"Explore Ouarzazate en una Excursiones de un d\u00eda a Ouarzazate desde Marrakech. Disfrute de impresionantes paisajes des\u00e9rticos y visite lugares\" \/>\n<meta name=\"robots\" content=\"index, follow, max-snippet:-1, max-image-preview:large, max-video-preview:-1\" \/>\n<link rel=\"canonical\" href=\"https:\/\/saharatoursluxurycamp.com\/es\/excursiones-de-un-dia-a-ouarzazate-desde-marrakech\/\" \/>\n<meta property=\"og:locale\" content=\"es_ES\" \/>\n<meta property=\"og:type\" content=\"article\" \/>\n<meta property=\"og:title\" content=\"Excursiones de un d\u00eda a Ouarzazate desde Marrakech\" \/>\n<meta property=\"og:description\" content=\"Explore Ouarzazate en una Excursiones de un d\u00eda a Ouarzazate desde Marrakech. Disfrute de impresionantes paisajes des\u00e9rticos y visite lugares\" \/>\n<meta property=\"og:url\" content=\"https:\/\/saharatoursluxurycamp.com\/es\/excursiones-de-un-dia-a-ouarzazate-desde-marrakech\/\" \/>\n<meta property=\"og:site_name\" content=\"Sahara Tours Luxury Camp\" \/>\n<meta property=\"article:modified_time\" content=\"2023-05-03T12:21:49+00:00\" \/>\n<meta property=\"og:image\" content=\"https:\/\/saharatoursluxurycamp.com\/es\/wp-content\/uploads\/2023\/04\/casa-5.jpeg\" \/>\n\t<meta property=\"og:image:width\" content=\"2048\" \/>\n\t<meta property=\"og:image:height\" content=\"1303\" \/>\n\t<meta property=\"og:image:type\" content=\"image\/jpeg\" \/>\n<meta name=\"twitter:card\" content=\"summary_large_image\" \/>\n<meta name=\"twitter:label1\" content=\"Tiempo de lectura\" \/>\n\t<meta name=\"twitter:data1\" content=\"3 minutos\" \/>\n<script type=\"application\/ld+json\" class=\"yoast-schema-graph\">{\"@context\":\"https:\/\/schema.org\",\"@graph\":[{\"@type\":\"WebPage\",\"@id\":\"https:\/\/saharatoursluxurycamp.com\/es\/excursiones-de-un-dia-a-ouarzazate-desde-marrakech\/\",\"url\":\"https:\/\/saharatoursluxurycamp.com\/es\/excursiones-de-un-dia-a-ouarzazate-desde-marrakech\/\",\"name\":\"Excursiones de un d\u00eda a Ouarzazate desde Marrakech\",\"isPartOf\":{\"@id\":\"https:\/\/saharatoursluxurycamp.com\/es\/#website\"},\"primaryImageOfPage\":{\"@id\":\"https:\/\/saharatoursluxurycamp.com\/es\/excursiones-de-un-dia-a-ouarzazate-desde-marrakech\/#primaryimage\"},\"image\":{\"@id\":\"https:\/\/saharatoursluxurycamp.com\/es\/excursiones-de-un-dia-a-ouarzazate-desde-marrakech\/#primaryimage\"},\"thumbnailUrl\":\"https:\/\/saharatoursluxurycamp.com\/es\/wp-content\/uploads\/2023\/04\/casa-5.jpeg\",\"datePublished\":\"2023-04-04T21:08:28+00:00\",\"dateModified\":\"2023-05-03T12:21:49+00:00\",\"description\":\"Explore Ouarzazate en una Excursiones de un d\u00eda a Ouarzazate desde Marrakech. Disfrute de impresionantes paisajes des\u00e9rticos y visite lugares\",\"breadcrumb\":{\"@id\":\"https:\/\/saharatoursluxurycamp.com\/es\/excursiones-de-un-dia-a-ouarzazate-desde-marrakech\/#breadcrumb\"},\"inLanguage\":\"es\",\"potentialAction\":[{\"@type\":\"ReadAction\",\"target\":[\"https:\/\/saharatoursluxurycamp.com\/es\/excursiones-de-un-dia-a-ouarzazate-desde-marrakech\/\"]}]},{\"@type\":\"ImageObject\",\"inLanguage\":\"es\",\"@id\":\"https:\/\/saharatoursluxurycamp.com\/es\/excursiones-de-un-dia-a-ouarzazate-desde-marrakech\/#primaryimage\",\"url\":\"https:\/\/saharatoursluxurycamp.com\/es\/wp-content\/uploads\/2023\/04\/casa-5.jpeg\",\"contentUrl\":\"https:\/\/saharatoursluxurycamp.com\/es\/wp-content\/uploads\/2023\/04\/casa-5.jpeg\",\"width\":2048,\"height\":1303,\"caption\":\"Excursiones de un d\u00eda a Ouarzazate desde Marrakech\"},{\"@type\":\"BreadcrumbList\",\"@id\":\"https:\/\/saharatoursluxurycamp.com\/es\/excursiones-de-un-dia-a-ouarzazate-desde-marrakech\/#breadcrumb\",\"itemListElement\":[{\"@type\":\"ListItem\",\"position\":1,\"name\":\"Home\",\"item\":\"https:\/\/saharatoursluxurycamp.com\/es\/\"},{\"@type\":\"ListItem\",\"position\":2,\"name\":\"Excursiones de un d\u00eda a Ouarzazate desde Marrakech\"}]},{\"@type\":\"WebSite\",\"@id\":\"https:\/\/saharatoursluxurycamp.com\/es\/#website\",\"url\":\"https:\/\/saharatoursluxurycamp.com\/es\/\",\"name\":\"Sahara Tours Luxury Camp\",\"description\":\"Morocco Desert Tours - Tours &amp; Excursions in Morocco\",\"publisher\":{\"@id\":\"https:\/\/saharatoursluxurycamp.com\/es\/#organization\"},\"potentialAction\":[{\"@type\":\"SearchAction\",\"target\":{\"@type\":\"EntryPoint\",\"urlTemplate\":\"https:\/\/saharatoursluxurycamp.com\/es\/?s={search_term_string}\"},\"query-input\":\"required name=search_term_string\"}],\"inLanguage\":\"es\"},{\"@type\":\"Organization\",\"@id\":\"https:\/\/saharatoursluxurycamp.com\/es\/#organization\",\"name\":\"Sahara Tours Luxury Camp\",\"url\":\"https:\/\/saharatoursluxurycamp.com\/es\/\",\"logo\":{\"@type\":\"ImageObject\",\"inLanguage\":\"es\",\"@id\":\"https:\/\/saharatoursluxurycamp.com\/es\/#\/schema\/logo\/image\/\",\"url\":\"https:\/\/saharatoursluxurycamp.com\/es\/wp-content\/uploads\/2023\/03\/logo.png\",\"contentUrl\":\"https:\/\/saharatoursluxurycamp.com\/es\/wp-content\/uploads\/2023\/03\/logo.png\",\"width\":768,\"height\":284,\"caption\":\"Sahara Tours Luxury Camp\"},\"image\":{\"@id\":\"https:\/\/saharatoursluxurycamp.com\/es\/#\/schema\/logo\/image\/\"}}]}<\/script>\n<!-- \/ Yoast SEO Premium plugin. -->","yoast_head_json":{"title":"Excursiones de un d\u00eda a Ouarzazate desde Marrakech","description":"Explore Ouarzazate en una Excursiones de un d\u00eda a Ouarzazate desde Marrakech. Disfrute de impresionantes paisajes des\u00e9rticos y visite lugares","robots":{"index":"index","follow":"follow","max-snippet":"max-snippet:-1","max-image-preview":"max-image-preview:large","max-video-preview":"max-video-preview:-1"},"canonical":"https:\/\/saharatoursluxurycamp.com\/es\/excursiones-de-un-dia-a-ouarzazate-desde-marrakech\/","og_locale":"es_ES","og_type":"article","og_title":"Excursiones de un d\u00eda a Ouarzazate desde Marrakech","og_description":"Explore Ouarzazate en una Excursiones de un d\u00eda a Ouarzazate desde Marrakech. Disfrute de impresionantes paisajes des\u00e9rticos y visite lugares","og_url":"https:\/\/saharatoursluxurycamp.com\/es\/excursiones-de-un-dia-a-ouarzazate-desde-marrakech\/","og_site_name":"Sahara Tours Luxury Camp","article_modified_time":"2023-05-03T12:21:49+00:00","og_image":[{"width":2048,"height":1303,"url":"https:\/\/saharatoursluxurycamp.com\/es\/wp-content\/uploads\/2023\/04\/casa-5.jpeg","type":"image\/jpeg"}],"twitter_card":"summary_large_image","twitter_misc":{"Tiempo de lectura":"3 minutos"},"schema":{"@context":"https:\/\/schema.org","@graph":[{"@type":"WebPage","@id":"https:\/\/saharatoursluxurycamp.com\/es\/excursiones-de-un-dia-a-ouarzazate-desde-marrakech\/","url":"https:\/\/saharatoursluxurycamp.com\/es\/excursiones-de-un-dia-a-ouarzazate-desde-marrakech\/","name":"Excursiones de un d\u00eda a Ouarzazate desde Marrakech","isPartOf":{"@id":"https:\/\/saharatoursluxurycamp.com\/es\/#website"},"primaryImageOfPage":{"@id":"https:\/\/saharatoursluxurycamp.com\/es\/excursiones-de-un-dia-a-ouarzazate-desde-marrakech\/#primaryimage"},"image":{"@id":"https:\/\/saharatoursluxurycamp.com\/es\/excursiones-de-un-dia-a-ouarzazate-desde-marrakech\/#primaryimage"},"thumbnailUrl":"https:\/\/saharatoursluxurycamp.com\/es\/wp-content\/uploads\/2023\/04\/casa-5.jpeg","datePublished":"2023-04-04T21:08:28+00:00","dateModified":"2023-05-03T12:21:49+00:00","description":"Explore Ouarzazate en una Excursiones de un d\u00eda a Ouarzazate desde Marrakech. Disfrute de impresionantes paisajes des\u00e9rticos y visite lugares","breadcrumb":{"@id":"https:\/\/saharatoursluxurycamp.com\/es\/excursiones-de-un-dia-a-ouarzazate-desde-marrakech\/#breadcrumb"},"inLanguage":"es","potentialAction":[{"@type":"ReadAction","target":["https:\/\/saharatoursluxurycamp.com\/es\/excursiones-de-un-dia-a-ouarzazate-desde-marrakech\/"]}]},{"@type":"ImageObject","inLanguage":"es","@id":"https:\/\/saharatoursluxurycamp.com\/es\/excursiones-de-un-dia-a-ouarzazate-desde-marrakech\/#primaryimage","url":"https:\/\/saharatoursluxurycamp.com\/es\/wp-content\/uploads\/2023\/04\/casa-5.jpeg","contentUrl":"https:\/\/saharatoursluxurycamp.com\/es\/wp-content\/uploads\/2023\/04\/casa-5.jpeg","width":2048,"height":1303,"caption":"Excursiones de un d\u00eda a Ouarzazate desde Marrakech"},{"@type":"BreadcrumbList","@id":"https:\/\/saharatoursluxurycamp.com\/es\/excursiones-de-un-dia-a-ouarzazate-desde-marrakech\/#breadcrumb","itemListElement":[{"@type":"ListItem","position":1,"name":"Home","item":"https:\/\/saharatoursluxurycamp.com\/es\/"},{"@type":"ListItem","position":2,"name":"Excursiones de un d\u00eda a Ouarzazate desde Marrakech"}]},{"@type":"WebSite","@id":"https:\/\/saharatoursluxurycamp.com\/es\/#website","url":"https:\/\/saharatoursluxurycamp.com\/es\/","name":"Sahara Tours Luxury Camp","description":"Morocco Desert Tours - Tours &amp; Excursions in Morocco","publisher":{"@id":"https:\/\/saharatoursluxurycamp.com\/es\/#organization"},"potentialAction":[{"@type":"SearchAction","target":{"@type":"EntryPoint","urlTemplate":"https:\/\/saharatoursluxurycamp.com\/es\/?s={search_term_string}"},"query-input":"required name=search_term_string"}],"inLanguage":"es"},{"@type":"Organization","@id":"https:\/\/saharatoursluxurycamp.com\/es\/#organization","name":"Sahara Tours Luxury Camp","url":"https:\/\/saharatoursluxurycamp.com\/es\/","logo":{"@type":"ImageObject","inLanguage":"es","@id":"https:\/\/saharatoursluxurycamp.com\/es\/#\/schema\/logo\/image\/","url":"https:\/\/saharatoursluxurycamp.com\/es\/wp-content\/uploads\/2023\/03\/logo.png","contentUrl":"https:\/\/saharatoursluxurycamp.com\/es\/wp-content\/uploads\/2023\/03\/logo.png","width":768,"height":284,"caption":"Sahara Tours Luxury Camp"},"image":{"@id":"https:\/\/saharatoursluxurycamp.com\/es\/#\/schema\/logo\/image\/"}}]}},"_links":{"self":[{"href":"https:\/\/saharatoursluxurycamp.com\/es\/wp-json\/wp\/v2\/pages\/155","targetHints":{"allow":["GET"]}}],"collection":[{"href":"https:\/\/saharatoursluxurycamp.com\/es\/wp-json\/wp\/v2\/pages"}],"about":[{"href":"https:\/\/saharatoursluxurycamp.com\/es\/wp-json\/wp\/v2\/types\/page"}],"author":[{"embeddable":true,"href":"https:\/\/saharatoursluxurycamp.com\/es\/wp-json\/wp\/v2\/users\/1"}],"replies":[{"embeddable":true,"href":"https:\/\/saharatoursluxurycamp.com\/es\/wp-json\/wp\/v2\/comments?post=155"}],"version-history":[{"count":7,"href":"https:\/\/saharatoursluxurycamp.com\/es\/wp-json\/wp\/v2\/pages\/155\/revisions"}],"predecessor-version":[{"id":708,"href":"https:\/\/saharatoursluxurycamp.com\/es\/wp-json\/wp\/v2\/pages\/155\/revisions\/708"}],"wp:featuredmedia":[{"embeddable":true,"href":"https:\/\/saharatoursluxurycamp.com\/es\/wp-json\/wp\/v2\/media\/312"}],"wp:attachment":[{"href":"https:\/\/saharatoursluxurycamp.com\/es\/wp-json\/wp\/v2\/media?parent=155"}],"curies":[{"name":"wp","href":"https:\/\/api.w.org\/{rel}","templated":true}]}}