{"id":153,"date":"2023-04-04T21:07:56","date_gmt":"2023-04-04T21:07:56","guid":{"rendered":"https:\/\/saharatoursluxurycamp.com\/es\/?page_id=153"},"modified":"2023-05-03T02:02:05","modified_gmt":"2023-05-03T02:02:05","slug":"excursion-de-un-dia-a-imlil-para-explorar-el-atlas","status":"publish","type":"page","link":"https:\/\/saharatoursluxurycamp.com\/es\/excursion-de-un-dia-a-imlil-para-explorar-el-atlas\/","title":{"rendered":"Excursi\u00f3n de un d\u00eda a Imlil para explorar el Atlas"},"content":{"rendered":"<p>Excursi\u00f3n de un d\u00eda a Imlil, \u00a1Descubra la vida en las monta\u00f1as del Alto Atlas en esta excursi\u00f3n de un d\u00eda desde Marrakech al valle de Imlil! Disfrute de una excursi\u00f3n por espectaculares valles de monta\u00f1a a los pies del monte Toubkal. \u00a1Disfrute de un almuerzo en una casa bereber local mientras disfruta de un relajante d\u00eda lejos de la bulliciosa Marrakech! \u00a1Explore el Valle de Imlil en una excursi\u00f3n de un d\u00eda desde Marrakech! El conductor y el gu\u00eda le recoger\u00e1n en su hotel a las 8.30 de la ma\u00f1ana. A continuaci\u00f3n, nos dirigiremos al Parque Nacional de Toubkal, a los pies del monte Toubkal, el pico m\u00e1s alto del norte de \u00c1frica.<\/p>\n<h4>Excursi\u00f3n de un d\u00eda al pueblo de Imlil y las monta\u00f1as del Atlas desde <a href=\"https:\/\/saharatoursluxurycamp.com\/4-days-desert-tour-from-fes-to-marrakech\/\">Marrakech<\/a><\/h4>\n<ul>\n<li>Duraci\u00f3n de la excursi\u00f3n 1 d\u00eda<\/li>\n<li>Dificultad: baja\/media<\/li>\n<\/ul>\n<p>\u00bfPoco tiempo pero ganas de explorar la zona del Alto Atlas? Nuestra breve excursi\u00f3n por el Valle del Toubkal lo hace posible.<br \/>\nPodr\u00e1 elegir entre las siguientes opciones<\/p>\n<p>paseo f\u00e1cil por Imlil\/Aremd y la cascada local. Gran alternativa para los turistas que no desean caminar demasiado pero s\u00ed disfrutar de los bellos paisajes y del estilo de vida bereber.<br \/>\nCaminata de dificultad media hacia Sidi Chamharouch, un lugar sagrado en el camino a Toubkal.<br \/>\ncaminata de dificultad media hasta Tizi n&#8217;Tamatert para admirar las hermosas vistas del valle de Imenane.<\/p>\n<h4>Programa del d\u00eda:<\/h4>\n<p>Alrededor de las 9 de la ma\u00f1ana ser\u00e1 recogido por nuestro conductor en su hotel en Marrakech. En el camino tendr\u00e1 la oportunidad de parar para tomar fotograf\u00edas y, si es d\u00eda de mercado, visitar un mercado local.<br \/>\nUna vez en Imlil, tomar\u00e1 un t\u00e9 a la menta de bienvenida con su gu\u00eda, que tambi\u00e9n le explicar\u00e1 las alternativas de la excursi\u00f3n.<br \/>\nDependiendo del programa, visitaremos una casa bereber tradicional y tomaremos un t\u00e9 all\u00ed o tomaremos un t\u00e9 con una familia bereber local en Aremd.<br \/>\nEl almuerzo (ensalada, plato principal, p\u00f3ster) se servir\u00e1 en una casa de hu\u00e9spedes o casa rural en la zona de Aremd.<\/p>\n","protected":false},"excerpt":{"rendered":"<p>Excursi\u00f3n de un d\u00eda a Imlil, \u00a1Descubra la vida en las monta\u00f1as del Alto Atlas en esta excursi\u00f3n de un d\u00eda desde Marrakech al valle de Imlil! Disfrute de una excursi\u00f3n por espectaculares valles de monta\u00f1a a los pies del monte Toubkal. \u00a1Disfrute de un almuerzo en una casa bereber local mientras disfruta de un [&hellip;]<\/p>\n","protected":false},"author":1,"featured_media":314,"parent":0,"menu_order":0,"comment_status":"closed","ping_status":"closed","template":"","meta":{"footnotes":""},"class_list":["post-153","page","type-page","status-publish","has-post-thumbnail","hentry"],"yoast_head":"<!-- This site is optimized with the Yoast SEO Premium plugin v19.0 (Yoast SEO v22.7) - https:\/\/yoast.com\/wordpress\/plugins\/seo\/ -->\n<title>Excursi\u00f3n de un d\u00eda a Imlil para explorar el Atlas<\/title>\n<meta name=\"description\" content=\"Emb\u00e1rcate en una aventura para explorar el impresionante Atlas con nuestra excursi\u00f3n de un d\u00eda a Imlil, disfrutando de la belleza natural...\" \/>\n<meta name=\"robots\" content=\"index, follow, max-snippet:-1, max-image-preview:large, max-video-preview:-1\" \/>\n<link rel=\"canonical\" href=\"https:\/\/saharatoursluxurycamp.com\/es\/excursion-de-un-dia-a-imlil-para-explorar-el-atlas\/\" \/>\n<meta property=\"og:locale\" content=\"es_ES\" \/>\n<meta property=\"og:type\" content=\"article\" \/>\n<meta property=\"og:title\" content=\"Excursi\u00f3n de un d\u00eda a Imlil para explorar el Atlas\" \/>\n<meta property=\"og:description\" content=\"Emb\u00e1rcate en una aventura para explorar el impresionante Atlas con nuestra excursi\u00f3n de un d\u00eda a Imlil, disfrutando de la belleza natural...\" \/>\n<meta property=\"og:url\" content=\"https:\/\/saharatoursluxurycamp.com\/es\/excursion-de-un-dia-a-imlil-para-explorar-el-atlas\/\" \/>\n<meta property=\"og:site_name\" content=\"Sahara Tours Luxury Camp\" \/>\n<meta property=\"article:modified_time\" content=\"2023-05-03T02:02:05+00:00\" \/>\n<meta property=\"og:image\" content=\"https:\/\/saharatoursluxurycamp.com\/es\/wp-content\/uploads\/2023\/04\/imlil-2.jpeg\" \/>\n\t<meta property=\"og:image:width\" content=\"1200\" \/>\n\t<meta property=\"og:image:height\" content=\"826\" \/>\n\t<meta property=\"og:image:type\" content=\"image\/jpeg\" \/>\n<meta name=\"twitter:card\" content=\"summary_large_image\" \/>\n<meta name=\"twitter:label1\" content=\"Tiempo de lectura\" \/>\n\t<meta name=\"twitter:data1\" content=\"2 minutos\" \/>\n<script type=\"application\/ld+json\" class=\"yoast-schema-graph\">{\"@context\":\"https:\/\/schema.org\",\"@graph\":[{\"@type\":\"WebPage\",\"@id\":\"https:\/\/saharatoursluxurycamp.com\/es\/excursion-de-un-dia-a-imlil-para-explorar-el-atlas\/\",\"url\":\"https:\/\/saharatoursluxurycamp.com\/es\/excursion-de-un-dia-a-imlil-para-explorar-el-atlas\/\",\"name\":\"Excursi\u00f3n de un d\u00eda a Imlil para explorar el Atlas\",\"isPartOf\":{\"@id\":\"https:\/\/saharatoursluxurycamp.com\/es\/#website\"},\"primaryImageOfPage\":{\"@id\":\"https:\/\/saharatoursluxurycamp.com\/es\/excursion-de-un-dia-a-imlil-para-explorar-el-atlas\/#primaryimage\"},\"image\":{\"@id\":\"https:\/\/saharatoursluxurycamp.com\/es\/excursion-de-un-dia-a-imlil-para-explorar-el-atlas\/#primaryimage\"},\"thumbnailUrl\":\"https:\/\/saharatoursluxurycamp.com\/es\/wp-content\/uploads\/2023\/04\/imlil-2.jpeg\",\"datePublished\":\"2023-04-04T21:07:56+00:00\",\"dateModified\":\"2023-05-03T02:02:05+00:00\",\"description\":\"Emb\u00e1rcate en una aventura para explorar el impresionante Atlas con nuestra excursi\u00f3n de un d\u00eda a Imlil, disfrutando de la belleza natural...\",\"breadcrumb\":{\"@id\":\"https:\/\/saharatoursluxurycamp.com\/es\/excursion-de-un-dia-a-imlil-para-explorar-el-atlas\/#breadcrumb\"},\"inLanguage\":\"es\",\"potentialAction\":[{\"@type\":\"ReadAction\",\"target\":[\"https:\/\/saharatoursluxurycamp.com\/es\/excursion-de-un-dia-a-imlil-para-explorar-el-atlas\/\"]}]},{\"@type\":\"ImageObject\",\"inLanguage\":\"es\",\"@id\":\"https:\/\/saharatoursluxurycamp.com\/es\/excursion-de-un-dia-a-imlil-para-explorar-el-atlas\/#primaryimage\",\"url\":\"https:\/\/saharatoursluxurycamp.com\/es\/wp-content\/uploads\/2023\/04\/imlil-2.jpeg\",\"contentUrl\":\"https:\/\/saharatoursluxurycamp.com\/es\/wp-content\/uploads\/2023\/04\/imlil-2.jpeg\",\"width\":1200,\"height\":826,\"caption\":\"Excursi\u00f3n de un d\u00eda a Imlil para explorar el Atlas\"},{\"@type\":\"BreadcrumbList\",\"@id\":\"https:\/\/saharatoursluxurycamp.com\/es\/excursion-de-un-dia-a-imlil-para-explorar-el-atlas\/#breadcrumb\",\"itemListElement\":[{\"@type\":\"ListItem\",\"position\":1,\"name\":\"Home\",\"item\":\"https:\/\/saharatoursluxurycamp.com\/es\/\"},{\"@type\":\"ListItem\",\"position\":2,\"name\":\"Excursi\u00f3n de un d\u00eda a Imlil para explorar el Atlas\"}]},{\"@type\":\"WebSite\",\"@id\":\"https:\/\/saharatoursluxurycamp.com\/es\/#website\",\"url\":\"https:\/\/saharatoursluxurycamp.com\/es\/\",\"name\":\"Sahara Tours Luxury Camp\",\"description\":\"Morocco Desert Tours - Tours &amp; Excursions in Morocco\",\"publisher\":{\"@id\":\"https:\/\/saharatoursluxurycamp.com\/es\/#organization\"},\"potentialAction\":[{\"@type\":\"SearchAction\",\"target\":{\"@type\":\"EntryPoint\",\"urlTemplate\":\"https:\/\/saharatoursluxurycamp.com\/es\/?s={search_term_string}\"},\"query-input\":\"required name=search_term_string\"}],\"inLanguage\":\"es\"},{\"@type\":\"Organization\",\"@id\":\"https:\/\/saharatoursluxurycamp.com\/es\/#organization\",\"name\":\"Sahara Tours Luxury Camp\",\"url\":\"https:\/\/saharatoursluxurycamp.com\/es\/\",\"logo\":{\"@type\":\"ImageObject\",\"inLanguage\":\"es\",\"@id\":\"https:\/\/saharatoursluxurycamp.com\/es\/#\/schema\/logo\/image\/\",\"url\":\"https:\/\/saharatoursluxurycamp.com\/es\/wp-content\/uploads\/2023\/03\/logo.png\",\"contentUrl\":\"https:\/\/saharatoursluxurycamp.com\/es\/wp-content\/uploads\/2023\/03\/logo.png\",\"width\":768,\"height\":284,\"caption\":\"Sahara Tours Luxury Camp\"},\"image\":{\"@id\":\"https:\/\/saharatoursluxurycamp.com\/es\/#\/schema\/logo\/image\/\"}}]}<\/script>\n<!-- \/ Yoast SEO Premium plugin. -->","yoast_head_json":{"title":"Excursi\u00f3n de un d\u00eda a Imlil para explorar el Atlas","description":"Emb\u00e1rcate en una aventura para explorar el impresionante Atlas con nuestra excursi\u00f3n de un d\u00eda a Imlil, disfrutando de la belleza natural...","robots":{"index":"index","follow":"follow","max-snippet":"max-snippet:-1","max-image-preview":"max-image-preview:large","max-video-preview":"max-video-preview:-1"},"canonical":"https:\/\/saharatoursluxurycamp.com\/es\/excursion-de-un-dia-a-imlil-para-explorar-el-atlas\/","og_locale":"es_ES","og_type":"article","og_title":"Excursi\u00f3n de un d\u00eda a Imlil para explorar el Atlas","og_description":"Emb\u00e1rcate en una aventura para explorar el impresionante Atlas con nuestra excursi\u00f3n de un d\u00eda a Imlil, disfrutando de la belleza natural...","og_url":"https:\/\/saharatoursluxurycamp.com\/es\/excursion-de-un-dia-a-imlil-para-explorar-el-atlas\/","og_site_name":"Sahara Tours Luxury Camp","article_modified_time":"2023-05-03T02:02:05+00:00","og_image":[{"width":1200,"height":826,"url":"https:\/\/saharatoursluxurycamp.com\/es\/wp-content\/uploads\/2023\/04\/imlil-2.jpeg","type":"image\/jpeg"}],"twitter_card":"summary_large_image","twitter_misc":{"Tiempo de lectura":"2 minutos"},"schema":{"@context":"https:\/\/schema.org","@graph":[{"@type":"WebPage","@id":"https:\/\/saharatoursluxurycamp.com\/es\/excursion-de-un-dia-a-imlil-para-explorar-el-atlas\/","url":"https:\/\/saharatoursluxurycamp.com\/es\/excursion-de-un-dia-a-imlil-para-explorar-el-atlas\/","name":"Excursi\u00f3n de un d\u00eda a Imlil para explorar el Atlas","isPartOf":{"@id":"https:\/\/saharatoursluxurycamp.com\/es\/#website"},"primaryImageOfPage":{"@id":"https:\/\/saharatoursluxurycamp.com\/es\/excursion-de-un-dia-a-imlil-para-explorar-el-atlas\/#primaryimage"},"image":{"@id":"https:\/\/saharatoursluxurycamp.com\/es\/excursion-de-un-dia-a-imlil-para-explorar-el-atlas\/#primaryimage"},"thumbnailUrl":"https:\/\/saharatoursluxurycamp.com\/es\/wp-content\/uploads\/2023\/04\/imlil-2.jpeg","datePublished":"2023-04-04T21:07:56+00:00","dateModified":"2023-05-03T02:02:05+00:00","description":"Emb\u00e1rcate en una aventura para explorar el impresionante Atlas con nuestra excursi\u00f3n de un d\u00eda a Imlil, disfrutando de la belleza natural...","breadcrumb":{"@id":"https:\/\/saharatoursluxurycamp.com\/es\/excursion-de-un-dia-a-imlil-para-explorar-el-atlas\/#breadcrumb"},"inLanguage":"es","potentialAction":[{"@type":"ReadAction","target":["https:\/\/saharatoursluxurycamp.com\/es\/excursion-de-un-dia-a-imlil-para-explorar-el-atlas\/"]}]},{"@type":"ImageObject","inLanguage":"es","@id":"https:\/\/saharatoursluxurycamp.com\/es\/excursion-de-un-dia-a-imlil-para-explorar-el-atlas\/#primaryimage","url":"https:\/\/saharatoursluxurycamp.com\/es\/wp-content\/uploads\/2023\/04\/imlil-2.jpeg","contentUrl":"https:\/\/saharatoursluxurycamp.com\/es\/wp-content\/uploads\/2023\/04\/imlil-2.jpeg","width":1200,"height":826,"caption":"Excursi\u00f3n de un d\u00eda a Imlil para explorar el Atlas"},{"@type":"BreadcrumbList","@id":"https:\/\/saharatoursluxurycamp.com\/es\/excursion-de-un-dia-a-imlil-para-explorar-el-atlas\/#breadcrumb","itemListElement":[{"@type":"ListItem","position":1,"name":"Home","item":"https:\/\/saharatoursluxurycamp.com\/es\/"},{"@type":"ListItem","position":2,"name":"Excursi\u00f3n de un d\u00eda a Imlil para explorar el Atlas"}]},{"@type":"WebSite","@id":"https:\/\/saharatoursluxurycamp.com\/es\/#website","url":"https:\/\/saharatoursluxurycamp.com\/es\/","name":"Sahara Tours Luxury Camp","description":"Morocco Desert Tours - Tours &amp; Excursions in Morocco","publisher":{"@id":"https:\/\/saharatoursluxurycamp.com\/es\/#organization"},"potentialAction":[{"@type":"SearchAction","target":{"@type":"EntryPoint","urlTemplate":"https:\/\/saharatoursluxurycamp.com\/es\/?s={search_term_string}"},"query-input":"required name=search_term_string"}],"inLanguage":"es"},{"@type":"Organization","@id":"https:\/\/saharatoursluxurycamp.com\/es\/#organization","name":"Sahara Tours Luxury Camp","url":"https:\/\/saharatoursluxurycamp.com\/es\/","logo":{"@type":"ImageObject","inLanguage":"es","@id":"https:\/\/saharatoursluxurycamp.com\/es\/#\/schema\/logo\/image\/","url":"https:\/\/saharatoursluxurycamp.com\/es\/wp-content\/uploads\/2023\/03\/logo.png","contentUrl":"https:\/\/saharatoursluxurycamp.com\/es\/wp-content\/uploads\/2023\/03\/logo.png","width":768,"height":284,"caption":"Sahara Tours Luxury Camp"},"image":{"@id":"https:\/\/saharatoursluxurycamp.com\/es\/#\/schema\/logo\/image\/"}}]}},"_links":{"self":[{"href":"https:\/\/saharatoursluxurycamp.com\/es\/wp-json\/wp\/v2\/pages\/153","targetHints":{"allow":["GET"]}}],"collection":[{"href":"https:\/\/saharatoursluxurycamp.com\/es\/wp-json\/wp\/v2\/pages"}],"about":[{"href":"https:\/\/saharatoursluxurycamp.com\/es\/wp-json\/wp\/v2\/types\/page"}],"author":[{"embeddable":true,"href":"https:\/\/saharatoursluxurycamp.com\/es\/wp-json\/wp\/v2\/users\/1"}],"replies":[{"embeddable":true,"href":"https:\/\/saharatoursluxurycamp.com\/es\/wp-json\/wp\/v2\/comments?post=153"}],"version-history":[{"count":7,"href":"https:\/\/saharatoursluxurycamp.com\/es\/wp-json\/wp\/v2\/pages\/153\/revisions"}],"predecessor-version":[{"id":699,"href":"https:\/\/saharatoursluxurycamp.com\/es\/wp-json\/wp\/v2\/pages\/153\/revisions\/699"}],"wp:featuredmedia":[{"embeddable":true,"href":"https:\/\/saharatoursluxurycamp.com\/es\/wp-json\/wp\/v2\/media\/314"}],"wp:attachment":[{"href":"https:\/\/saharatoursluxurycamp.com\/es\/wp-json\/wp\/v2\/media?parent=153"}],"curies":[{"name":"wp","href":"https:\/\/api.w.org\/{rel}","templated":true}]}}