{"id":151,"date":"2023-04-04T21:06:15","date_gmt":"2023-04-04T21:06:15","guid":{"rendered":"https:\/\/saharatoursluxurycamp.com\/es\/?page_id=151"},"modified":"2023-05-03T01:19:29","modified_gmt":"2023-05-03T01:19:29","slug":"8-dias-ciudades-imperiales-marruecos-tour-desde-casablanca","status":"publish","type":"page","link":"https:\/\/saharatoursluxurycamp.com\/es\/8-dias-ciudades-imperiales-marruecos-tour-desde-casablanca\/","title":{"rendered":"8 D\u00edas Ciudades Imperiales Marruecos Tour desde Casablanca"},"content":{"rendered":"<div class=\"flex_column av-418gqb-7452d8a3c21b1167b3adf7b8cbf6d762 av_two_third avia-builder-el-6 el_before_av_one_third avia-builder-el-first first no_margin flex_column_div \">\n<section class=\"avia_codeblock_section avia_code_block_1\">\n<div class=\"avia_codeblock \">\n<div class=\"program-container\">\n<h4><strong>D\u00eda 1: Llegada a Casablanca<\/strong><\/h4>\n<p>Llegada al aeropuerto de Casablanca, donde nuestro gu\u00eda local te estar\u00e1 esperando. Traslado al hotel y cena de bienvenida. Alojamiento en Casablanca.<\/p>\n<h4><strong>D\u00eda 2: Casablanca &#8211; Rabat<\/strong><\/h4>\n<p>Despu\u00e9s del desayuno, visita a la mezquita de Hassan II, la tercera m\u00e1s grande del mundo. Luego, salida hacia Rabat, la capital de Marruecos. Visita al Mausoleo de Mohammed V, la Torre Hassan y la Kasbah de los Oudayas. Cena y alojamiento en Rabat.<\/p>\n<h4><strong>D\u00eda 3: Rabat &#8211; Meknes &#8211; Volubilis &#8211; Fez<\/strong><\/h4>\n<p>Salida hacia Meknes, una de las cuatro ciudades imperiales de Marruecos. Visita a la plaza El Hedim, las murallas y el Mausoleo de Moulay Ismail. Continuamos hacia las ruinas romanas de Volubilis y finalmente llegamos a Fez. Cena y alojamiento en Fez.<\/p>\n<h4><strong>D\u00eda 4: Fez<\/strong><\/h4>\n<p>D\u00eda completo para explorar la fascinante ciudad de Fez. Visita a la Medina, la universidad de Al Quaraouiyine, la fuente Nejjarine y el mausoleo de Moulay Idriss II. Tarde libre para disfrutar del ambiente de la ciudad. Cena y alojamiento en Fez.<\/p>\n<h4><strong>D\u00eda 5: <a href=\"https:\/\/saharatoursluxurycamp.com\/es\/5-dias-por-el-desierto-desde-fez-a-marrakech\/\">Fez<\/a> &#8211; Ifrane &#8211; Beni Mellal &#8211; Marrakech<\/strong><\/h4>\n<p>Salida hacia Marrakech, pasando por la ciudad de Ifrane, conocida como la \u00abSuiza de Marruecos\u00bb. Continuamos hacia Beni Mellal, donde pararemos para almorzar. Llegada a Marrakech por la tarde. Cena y alojamiento en Marrakech.<\/p>\n<h4><strong>D\u00eda 6: Marrakech<\/strong><\/h4>\n<p>D\u00eda completo para explorar Marrakech. Visita a la mezquita Koutoubia, los jardines de la Menara, el Palacio de la Bah\u00eda y la plaza Jemaa el-Fna. Tarde libre para explorar el zoco y sus alrededores. Cena y alojamiento en Marrakech.<\/p>\n<h4><strong>D\u00eda 7: Marrakech &#8211; Casablanca<\/strong><\/h4>\n<p>Despu\u00e9s del desayuno, salida hacia Casablanca. Tarde libre para realizar compras de \u00faltimo momento o relajarse en la ciudad. Cena de despedida y alojamiento en Casablanca.<\/p>\n<h4><strong>D\u00eda 8: Salida de Casablanca<\/strong><\/h4>\n<p>Desayuno en el hotel y traslado al aeropuerto para tomar el vuelo de regreso a casa. Fin del tour por las Ciudades Imperiales de Marruecos.<\/p>\n<p>Este itinerario de 8 d\u00edas en las Ciudades Imperiales de Marruecos desde Casablanca es una excelente manera de conocer la riqueza hist\u00f3rica, cultural y arquitect\u00f3nica del pa\u00eds. Disfruta de la hospitalidad marroqu\u00ed y sum\u00e9rgete en la magia de este fascinante destino.<\/p>\n<\/div>\n<\/div>\n<\/section>\n<\/div>\n","protected":false},"excerpt":{"rendered":"<p>D\u00eda 1: Llegada a Casablanca Llegada al aeropuerto de Casablanca, donde nuestro gu\u00eda local te estar\u00e1 esperando. Traslado al hotel y cena de bienvenida. Alojamiento en Casablanca. D\u00eda 2: Casablanca &#8211; Rabat Despu\u00e9s del desayuno, visita a la mezquita de Hassan II, la tercera m\u00e1s grande del mundo. Luego, salida hacia Rabat, la capital de [&hellip;]<\/p>\n","protected":false},"author":1,"featured_media":688,"parent":0,"menu_order":0,"comment_status":"closed","ping_status":"closed","template":"","meta":{"footnotes":""},"class_list":["post-151","page","type-page","status-publish","has-post-thumbnail","hentry"],"yoast_head":"<!-- This site is optimized with the Yoast SEO Premium plugin v19.0 (Yoast SEO v22.7) - https:\/\/yoast.com\/wordpress\/plugins\/seo\/ -->\n<title>8 D\u00edas Ciudades Imperiales Marruecos Tour desde Casablanca<\/title>\n<meta name=\"description\" content=\"Descubre las joyas arquitect\u00f3nicas y culturales de Marruecos en un tour de 8 d\u00edas por las ciudades imperiales, partiendo desde Casablanca.\" \/>\n<meta name=\"robots\" content=\"index, follow, max-snippet:-1, max-image-preview:large, max-video-preview:-1\" \/>\n<link rel=\"canonical\" href=\"https:\/\/saharatoursluxurycamp.com\/es\/8-dias-ciudades-imperiales-marruecos-tour-desde-casablanca\/\" \/>\n<meta property=\"og:locale\" content=\"es_ES\" \/>\n<meta property=\"og:type\" content=\"article\" \/>\n<meta property=\"og:title\" content=\"8 D\u00edas Ciudades Imperiales Marruecos Tour desde Casablanca\" \/>\n<meta property=\"og:description\" content=\"Descubre las joyas arquitect\u00f3nicas y culturales de Marruecos en un tour de 8 d\u00edas por las ciudades imperiales, partiendo desde Casablanca.\" \/>\n<meta property=\"og:url\" content=\"https:\/\/saharatoursluxurycamp.com\/es\/8-dias-ciudades-imperiales-marruecos-tour-desde-casablanca\/\" \/>\n<meta property=\"og:site_name\" content=\"Sahara Tours Luxury Camp\" \/>\n<meta property=\"article:modified_time\" content=\"2023-05-03T01:19:29+00:00\" \/>\n<meta property=\"og:image\" content=\"https:\/\/saharatoursluxurycamp.com\/es\/wp-content\/uploads\/2023\/05\/casabla.jpg\" \/>\n\t<meta property=\"og:image:width\" content=\"1920\" \/>\n\t<meta property=\"og:image:height\" content=\"1079\" \/>\n\t<meta property=\"og:image:type\" content=\"image\/jpeg\" \/>\n<meta name=\"twitter:card\" content=\"summary_large_image\" \/>\n<meta name=\"twitter:label1\" content=\"Tiempo de lectura\" \/>\n\t<meta name=\"twitter:data1\" content=\"2 minutos\" \/>\n<script type=\"application\/ld+json\" class=\"yoast-schema-graph\">{\"@context\":\"https:\/\/schema.org\",\"@graph\":[{\"@type\":\"WebPage\",\"@id\":\"https:\/\/saharatoursluxurycamp.com\/es\/8-dias-ciudades-imperiales-marruecos-tour-desde-casablanca\/\",\"url\":\"https:\/\/saharatoursluxurycamp.com\/es\/8-dias-ciudades-imperiales-marruecos-tour-desde-casablanca\/\",\"name\":\"8 D\u00edas Ciudades Imperiales Marruecos Tour desde Casablanca\",\"isPartOf\":{\"@id\":\"https:\/\/saharatoursluxurycamp.com\/es\/#website\"},\"primaryImageOfPage\":{\"@id\":\"https:\/\/saharatoursluxurycamp.com\/es\/8-dias-ciudades-imperiales-marruecos-tour-desde-casablanca\/#primaryimage\"},\"image\":{\"@id\":\"https:\/\/saharatoursluxurycamp.com\/es\/8-dias-ciudades-imperiales-marruecos-tour-desde-casablanca\/#primaryimage\"},\"thumbnailUrl\":\"https:\/\/saharatoursluxurycamp.com\/es\/wp-content\/uploads\/2023\/05\/casabla.jpg\",\"datePublished\":\"2023-04-04T21:06:15+00:00\",\"dateModified\":\"2023-05-03T01:19:29+00:00\",\"description\":\"Descubre las joyas arquitect\u00f3nicas y culturales de Marruecos en un tour de 8 d\u00edas por las ciudades imperiales, partiendo desde Casablanca.\",\"breadcrumb\":{\"@id\":\"https:\/\/saharatoursluxurycamp.com\/es\/8-dias-ciudades-imperiales-marruecos-tour-desde-casablanca\/#breadcrumb\"},\"inLanguage\":\"es\",\"potentialAction\":[{\"@type\":\"ReadAction\",\"target\":[\"https:\/\/saharatoursluxurycamp.com\/es\/8-dias-ciudades-imperiales-marruecos-tour-desde-casablanca\/\"]}]},{\"@type\":\"ImageObject\",\"inLanguage\":\"es\",\"@id\":\"https:\/\/saharatoursluxurycamp.com\/es\/8-dias-ciudades-imperiales-marruecos-tour-desde-casablanca\/#primaryimage\",\"url\":\"https:\/\/saharatoursluxurycamp.com\/es\/wp-content\/uploads\/2023\/05\/casabla.jpg\",\"contentUrl\":\"https:\/\/saharatoursluxurycamp.com\/es\/wp-content\/uploads\/2023\/05\/casabla.jpg\",\"width\":1920,\"height\":1079,\"caption\":\"8 D\u00edas Ciudades Imperiales Marruecos\"},{\"@type\":\"BreadcrumbList\",\"@id\":\"https:\/\/saharatoursluxurycamp.com\/es\/8-dias-ciudades-imperiales-marruecos-tour-desde-casablanca\/#breadcrumb\",\"itemListElement\":[{\"@type\":\"ListItem\",\"position\":1,\"name\":\"Home\",\"item\":\"https:\/\/saharatoursluxurycamp.com\/es\/\"},{\"@type\":\"ListItem\",\"position\":2,\"name\":\"8 D\u00edas Ciudades Imperiales Marruecos Tour desde Casablanca\"}]},{\"@type\":\"WebSite\",\"@id\":\"https:\/\/saharatoursluxurycamp.com\/es\/#website\",\"url\":\"https:\/\/saharatoursluxurycamp.com\/es\/\",\"name\":\"Sahara Tours Luxury Camp\",\"description\":\"Morocco Desert Tours - Tours &amp; Excursions in Morocco\",\"publisher\":{\"@id\":\"https:\/\/saharatoursluxurycamp.com\/es\/#organization\"},\"potentialAction\":[{\"@type\":\"SearchAction\",\"target\":{\"@type\":\"EntryPoint\",\"urlTemplate\":\"https:\/\/saharatoursluxurycamp.com\/es\/?s={search_term_string}\"},\"query-input\":\"required name=search_term_string\"}],\"inLanguage\":\"es\"},{\"@type\":\"Organization\",\"@id\":\"https:\/\/saharatoursluxurycamp.com\/es\/#organization\",\"name\":\"Sahara Tours Luxury Camp\",\"url\":\"https:\/\/saharatoursluxurycamp.com\/es\/\",\"logo\":{\"@type\":\"ImageObject\",\"inLanguage\":\"es\",\"@id\":\"https:\/\/saharatoursluxurycamp.com\/es\/#\/schema\/logo\/image\/\",\"url\":\"https:\/\/saharatoursluxurycamp.com\/es\/wp-content\/uploads\/2023\/03\/logo.png\",\"contentUrl\":\"https:\/\/saharatoursluxurycamp.com\/es\/wp-content\/uploads\/2023\/03\/logo.png\",\"width\":768,\"height\":284,\"caption\":\"Sahara Tours Luxury Camp\"},\"image\":{\"@id\":\"https:\/\/saharatoursluxurycamp.com\/es\/#\/schema\/logo\/image\/\"}}]}<\/script>\n<!-- \/ Yoast SEO Premium plugin. -->","yoast_head_json":{"title":"8 D\u00edas Ciudades Imperiales Marruecos Tour desde Casablanca","description":"Descubre las joyas arquitect\u00f3nicas y culturales de Marruecos en un tour de 8 d\u00edas por las ciudades imperiales, partiendo desde Casablanca.","robots":{"index":"index","follow":"follow","max-snippet":"max-snippet:-1","max-image-preview":"max-image-preview:large","max-video-preview":"max-video-preview:-1"},"canonical":"https:\/\/saharatoursluxurycamp.com\/es\/8-dias-ciudades-imperiales-marruecos-tour-desde-casablanca\/","og_locale":"es_ES","og_type":"article","og_title":"8 D\u00edas Ciudades Imperiales Marruecos Tour desde Casablanca","og_description":"Descubre las joyas arquitect\u00f3nicas y culturales de Marruecos en un tour de 8 d\u00edas por las ciudades imperiales, partiendo desde Casablanca.","og_url":"https:\/\/saharatoursluxurycamp.com\/es\/8-dias-ciudades-imperiales-marruecos-tour-desde-casablanca\/","og_site_name":"Sahara Tours Luxury Camp","article_modified_time":"2023-05-03T01:19:29+00:00","og_image":[{"width":1920,"height":1079,"url":"https:\/\/saharatoursluxurycamp.com\/es\/wp-content\/uploads\/2023\/05\/casabla.jpg","type":"image\/jpeg"}],"twitter_card":"summary_large_image","twitter_misc":{"Tiempo de lectura":"2 minutos"},"schema":{"@context":"https:\/\/schema.org","@graph":[{"@type":"WebPage","@id":"https:\/\/saharatoursluxurycamp.com\/es\/8-dias-ciudades-imperiales-marruecos-tour-desde-casablanca\/","url":"https:\/\/saharatoursluxurycamp.com\/es\/8-dias-ciudades-imperiales-marruecos-tour-desde-casablanca\/","name":"8 D\u00edas Ciudades Imperiales Marruecos Tour desde Casablanca","isPartOf":{"@id":"https:\/\/saharatoursluxurycamp.com\/es\/#website"},"primaryImageOfPage":{"@id":"https:\/\/saharatoursluxurycamp.com\/es\/8-dias-ciudades-imperiales-marruecos-tour-desde-casablanca\/#primaryimage"},"image":{"@id":"https:\/\/saharatoursluxurycamp.com\/es\/8-dias-ciudades-imperiales-marruecos-tour-desde-casablanca\/#primaryimage"},"thumbnailUrl":"https:\/\/saharatoursluxurycamp.com\/es\/wp-content\/uploads\/2023\/05\/casabla.jpg","datePublished":"2023-04-04T21:06:15+00:00","dateModified":"2023-05-03T01:19:29+00:00","description":"Descubre las joyas arquitect\u00f3nicas y culturales de Marruecos en un tour de 8 d\u00edas por las ciudades imperiales, partiendo desde Casablanca.","breadcrumb":{"@id":"https:\/\/saharatoursluxurycamp.com\/es\/8-dias-ciudades-imperiales-marruecos-tour-desde-casablanca\/#breadcrumb"},"inLanguage":"es","potentialAction":[{"@type":"ReadAction","target":["https:\/\/saharatoursluxurycamp.com\/es\/8-dias-ciudades-imperiales-marruecos-tour-desde-casablanca\/"]}]},{"@type":"ImageObject","inLanguage":"es","@id":"https:\/\/saharatoursluxurycamp.com\/es\/8-dias-ciudades-imperiales-marruecos-tour-desde-casablanca\/#primaryimage","url":"https:\/\/saharatoursluxurycamp.com\/es\/wp-content\/uploads\/2023\/05\/casabla.jpg","contentUrl":"https:\/\/saharatoursluxurycamp.com\/es\/wp-content\/uploads\/2023\/05\/casabla.jpg","width":1920,"height":1079,"caption":"8 D\u00edas Ciudades Imperiales Marruecos"},{"@type":"BreadcrumbList","@id":"https:\/\/saharatoursluxurycamp.com\/es\/8-dias-ciudades-imperiales-marruecos-tour-desde-casablanca\/#breadcrumb","itemListElement":[{"@type":"ListItem","position":1,"name":"Home","item":"https:\/\/saharatoursluxurycamp.com\/es\/"},{"@type":"ListItem","position":2,"name":"8 D\u00edas Ciudades Imperiales Marruecos Tour desde Casablanca"}]},{"@type":"WebSite","@id":"https:\/\/saharatoursluxurycamp.com\/es\/#website","url":"https:\/\/saharatoursluxurycamp.com\/es\/","name":"Sahara Tours Luxury Camp","description":"Morocco Desert Tours - Tours &amp; Excursions in Morocco","publisher":{"@id":"https:\/\/saharatoursluxurycamp.com\/es\/#organization"},"potentialAction":[{"@type":"SearchAction","target":{"@type":"EntryPoint","urlTemplate":"https:\/\/saharatoursluxurycamp.com\/es\/?s={search_term_string}"},"query-input":"required name=search_term_string"}],"inLanguage":"es"},{"@type":"Organization","@id":"https:\/\/saharatoursluxurycamp.com\/es\/#organization","name":"Sahara Tours Luxury Camp","url":"https:\/\/saharatoursluxurycamp.com\/es\/","logo":{"@type":"ImageObject","inLanguage":"es","@id":"https:\/\/saharatoursluxurycamp.com\/es\/#\/schema\/logo\/image\/","url":"https:\/\/saharatoursluxurycamp.com\/es\/wp-content\/uploads\/2023\/03\/logo.png","contentUrl":"https:\/\/saharatoursluxurycamp.com\/es\/wp-content\/uploads\/2023\/03\/logo.png","width":768,"height":284,"caption":"Sahara Tours Luxury Camp"},"image":{"@id":"https:\/\/saharatoursluxurycamp.com\/es\/#\/schema\/logo\/image\/"}}]}},"_links":{"self":[{"href":"https:\/\/saharatoursluxurycamp.com\/es\/wp-json\/wp\/v2\/pages\/151","targetHints":{"allow":["GET"]}}],"collection":[{"href":"https:\/\/saharatoursluxurycamp.com\/es\/wp-json\/wp\/v2\/pages"}],"about":[{"href":"https:\/\/saharatoursluxurycamp.com\/es\/wp-json\/wp\/v2\/types\/page"}],"author":[{"embeddable":true,"href":"https:\/\/saharatoursluxurycamp.com\/es\/wp-json\/wp\/v2\/users\/1"}],"replies":[{"embeddable":true,"href":"https:\/\/saharatoursluxurycamp.com\/es\/wp-json\/wp\/v2\/comments?post=151"}],"version-history":[{"count":7,"href":"https:\/\/saharatoursluxurycamp.com\/es\/wp-json\/wp\/v2\/pages\/151\/revisions"}],"predecessor-version":[{"id":689,"href":"https:\/\/saharatoursluxurycamp.com\/es\/wp-json\/wp\/v2\/pages\/151\/revisions\/689"}],"wp:featuredmedia":[{"embeddable":true,"href":"https:\/\/saharatoursluxurycamp.com\/es\/wp-json\/wp\/v2\/media\/688"}],"wp:attachment":[{"href":"https:\/\/saharatoursluxurycamp.com\/es\/wp-json\/wp\/v2\/media?parent=151"}],"curies":[{"name":"wp","href":"https:\/\/api.w.org\/{rel}","templated":true}]}}