{"id":147,"date":"2023-04-04T21:05:00","date_gmt":"2023-04-04T21:05:00","guid":{"rendered":"https:\/\/saharatoursluxurycamp.com\/es\/?page_id=147"},"modified":"2023-05-03T01:09:43","modified_gmt":"2023-05-03T01:09:43","slug":"6-dias-desde-casablanca-marruecos-ciudades-imperiales","status":"publish","type":"page","link":"https:\/\/saharatoursluxurycamp.com\/es\/6-dias-desde-casablanca-marruecos-ciudades-imperiales\/","title":{"rendered":"6 D\u00edas desde Casablanca Marruecos Ciudades Imperiales"},"content":{"rendered":"<h4><strong>D\u00eda 1: Llegada a Casablanca<\/strong><\/h4>\n<p>Llegada al aeropuerto de Casablanca, donde nuestro gu\u00eda local te estar\u00e1 esperando. Traslado al hotel y cena de bienvenida. Alojamiento en Casablanca.<\/p>\n<h4><strong>D\u00eda 2: <a href=\"https:\/\/saharatoursluxurycamp.com\/es\/8-dias-ciudades-imperiales-marruecos-tour-desde-casablanca\/\">Casablanca<\/a> &#8211; Rabat<\/strong><\/h4>\n<p>Despu\u00e9s del desayuno, visita a la mezquita de Hassan II, la tercera m\u00e1s grande del mundo. Luego, salida hacia Rabat, la capital de Marruecos. Visita al Mausoleo de Mohammed V, la Torre Hassan y la Kasbah de los Oudayas. Cena y alojamiento en Rabat.<\/p>\n<h4><strong>D\u00eda 3: Rabat &#8211; Meknes &#8211; Volubilis &#8211; Fez<\/strong><\/h4>\n<p>Salida hacia Meknes, una de las cuatro ciudades imperiales de Marruecos. Visita a la plaza El Hedim, las murallas y el Mausoleo de Moulay Ismail. Continuamos hacia las ruinas romanas de Volubilis y finalmente llegamos a Fez. Cena y alojamiento en Fez.<\/p>\n<h4><strong>D\u00eda 4: Fez<\/strong><\/h4>\n<p>D\u00eda completo para explorar la fascinante ciudad de Fez. Visita a la Medina, la universidad de Al Quaraouiyine, la fuente Nejjarine y el mausoleo de Moulay Idriss II. Tarde libre para disfrutar del ambiente de la ciudad. Cena y alojamiento en Fez.<\/p>\n<h4><strong>D\u00eda 5: Fez &#8211; Marrakech<\/strong><\/h4>\n<p>Despu\u00e9s del desayuno, salida hacia Marrakech, pasando por paisajes pintorescos y diversas ciudades y pueblos. Llegada a Marrakech por la tarde. Cena y alojamiento en Marrakech.<\/p>\n<h4><strong>D\u00eda 6: Marrakech &#8211; Casablanca<\/strong><\/h4>\n<p>D\u00eda completo para explorar Marrakech. Visita a la mezquita Koutoubia, los jardines de la Menara, el Palacio de la Bah\u00eda y la plaza Jemaa el-Fna. Por la tarde, salida hacia Casablanca. Llegada a Casablanca y traslado al aeropuerto para tomar el vuelo de regreso a casa. Fin del tour de 6 d\u00edas por las Ciudades Imperiales de Marruecos desde Casablanca.<\/p>\n","protected":false},"excerpt":{"rendered":"<p>D\u00eda 1: Llegada a Casablanca Llegada al aeropuerto de Casablanca, donde nuestro gu\u00eda local te estar\u00e1 esperando. Traslado al hotel y cena de bienvenida. Alojamiento en Casablanca. D\u00eda 2: Casablanca &#8211; Rabat Despu\u00e9s del desayuno, visita a la mezquita de Hassan II, la tercera m\u00e1s grande del mundo. Luego, salida hacia Rabat, la capital de [&hellip;]<\/p>\n","protected":false},"author":1,"featured_media":685,"parent":0,"menu_order":0,"comment_status":"closed","ping_status":"closed","template":"","meta":{"footnotes":""},"class_list":["post-147","page","type-page","status-publish","has-post-thumbnail","hentry"],"yoast_head":"<!-- This site is optimized with the Yoast SEO Premium plugin v19.0 (Yoast SEO v22.7) - https:\/\/yoast.com\/wordpress\/plugins\/seo\/ -->\n<title>6 D\u00edas desde Casablanca Marruecos Ciudades Imperiales<\/title>\n<meta name=\"description\" content=\"Descubre las ciudades imperiales de Marruecos en un tour de 6 d\u00edas desde Casablanca, sumergi\u00e9ndote en su cultura, historia y belleza...\" \/>\n<meta name=\"robots\" content=\"index, follow, max-snippet:-1, max-image-preview:large, max-video-preview:-1\" \/>\n<link rel=\"canonical\" href=\"https:\/\/saharatoursluxurycamp.com\/es\/6-dias-desde-casablanca-marruecos-ciudades-imperiales\/\" \/>\n<meta property=\"og:locale\" content=\"es_ES\" \/>\n<meta property=\"og:type\" content=\"article\" \/>\n<meta property=\"og:title\" content=\"6 D\u00edas desde Casablanca Marruecos Ciudades Imperiales\" \/>\n<meta property=\"og:description\" content=\"Descubre las ciudades imperiales de Marruecos en un tour de 6 d\u00edas desde Casablanca, sumergi\u00e9ndote en su cultura, historia y belleza...\" \/>\n<meta property=\"og:url\" content=\"https:\/\/saharatoursluxurycamp.com\/es\/6-dias-desde-casablanca-marruecos-ciudades-imperiales\/\" \/>\n<meta property=\"og:site_name\" content=\"Sahara Tours Luxury Camp\" \/>\n<meta property=\"article:modified_time\" content=\"2023-05-03T01:09:43+00:00\" \/>\n<meta property=\"og:image\" content=\"https:\/\/saharatoursluxurycamp.com\/es\/wp-content\/uploads\/2023\/05\/casablanca-g81336eec8_1280.jpg\" \/>\n\t<meta property=\"og:image:width\" content=\"1280\" \/>\n\t<meta property=\"og:image:height\" content=\"853\" \/>\n\t<meta property=\"og:image:type\" content=\"image\/jpeg\" \/>\n<meta name=\"twitter:card\" content=\"summary_large_image\" \/>\n<meta name=\"twitter:label1\" content=\"Tiempo de lectura\" \/>\n\t<meta name=\"twitter:data1\" content=\"2 minutos\" \/>\n<script type=\"application\/ld+json\" class=\"yoast-schema-graph\">{\"@context\":\"https:\/\/schema.org\",\"@graph\":[{\"@type\":\"WebPage\",\"@id\":\"https:\/\/saharatoursluxurycamp.com\/es\/6-dias-desde-casablanca-marruecos-ciudades-imperiales\/\",\"url\":\"https:\/\/saharatoursluxurycamp.com\/es\/6-dias-desde-casablanca-marruecos-ciudades-imperiales\/\",\"name\":\"6 D\u00edas desde Casablanca Marruecos Ciudades Imperiales\",\"isPartOf\":{\"@id\":\"https:\/\/saharatoursluxurycamp.com\/es\/#website\"},\"primaryImageOfPage\":{\"@id\":\"https:\/\/saharatoursluxurycamp.com\/es\/6-dias-desde-casablanca-marruecos-ciudades-imperiales\/#primaryimage\"},\"image\":{\"@id\":\"https:\/\/saharatoursluxurycamp.com\/es\/6-dias-desde-casablanca-marruecos-ciudades-imperiales\/#primaryimage\"},\"thumbnailUrl\":\"https:\/\/saharatoursluxurycamp.com\/es\/wp-content\/uploads\/2023\/05\/casablanca-g81336eec8_1280.jpg\",\"datePublished\":\"2023-04-04T21:05:00+00:00\",\"dateModified\":\"2023-05-03T01:09:43+00:00\",\"description\":\"Descubre las ciudades imperiales de Marruecos en un tour de 6 d\u00edas desde Casablanca, sumergi\u00e9ndote en su cultura, historia y belleza...\",\"breadcrumb\":{\"@id\":\"https:\/\/saharatoursluxurycamp.com\/es\/6-dias-desde-casablanca-marruecos-ciudades-imperiales\/#breadcrumb\"},\"inLanguage\":\"es\",\"potentialAction\":[{\"@type\":\"ReadAction\",\"target\":[\"https:\/\/saharatoursluxurycamp.com\/es\/6-dias-desde-casablanca-marruecos-ciudades-imperiales\/\"]}]},{\"@type\":\"ImageObject\",\"inLanguage\":\"es\",\"@id\":\"https:\/\/saharatoursluxurycamp.com\/es\/6-dias-desde-casablanca-marruecos-ciudades-imperiales\/#primaryimage\",\"url\":\"https:\/\/saharatoursluxurycamp.com\/es\/wp-content\/uploads\/2023\/05\/casablanca-g81336eec8_1280.jpg\",\"contentUrl\":\"https:\/\/saharatoursluxurycamp.com\/es\/wp-content\/uploads\/2023\/05\/casablanca-g81336eec8_1280.jpg\",\"width\":1280,\"height\":853,\"caption\":\"6 D\u00edas desde Casablanca, 7 d\u00edas desde Casablanca\"},{\"@type\":\"BreadcrumbList\",\"@id\":\"https:\/\/saharatoursluxurycamp.com\/es\/6-dias-desde-casablanca-marruecos-ciudades-imperiales\/#breadcrumb\",\"itemListElement\":[{\"@type\":\"ListItem\",\"position\":1,\"name\":\"Home\",\"item\":\"https:\/\/saharatoursluxurycamp.com\/es\/\"},{\"@type\":\"ListItem\",\"position\":2,\"name\":\"6 D\u00edas desde Casablanca Marruecos Ciudades Imperiales\"}]},{\"@type\":\"WebSite\",\"@id\":\"https:\/\/saharatoursluxurycamp.com\/es\/#website\",\"url\":\"https:\/\/saharatoursluxurycamp.com\/es\/\",\"name\":\"Sahara Tours Luxury Camp\",\"description\":\"Morocco Desert Tours - Tours &amp; Excursions in Morocco\",\"publisher\":{\"@id\":\"https:\/\/saharatoursluxurycamp.com\/es\/#organization\"},\"potentialAction\":[{\"@type\":\"SearchAction\",\"target\":{\"@type\":\"EntryPoint\",\"urlTemplate\":\"https:\/\/saharatoursluxurycamp.com\/es\/?s={search_term_string}\"},\"query-input\":\"required name=search_term_string\"}],\"inLanguage\":\"es\"},{\"@type\":\"Organization\",\"@id\":\"https:\/\/saharatoursluxurycamp.com\/es\/#organization\",\"name\":\"Sahara Tours Luxury Camp\",\"url\":\"https:\/\/saharatoursluxurycamp.com\/es\/\",\"logo\":{\"@type\":\"ImageObject\",\"inLanguage\":\"es\",\"@id\":\"https:\/\/saharatoursluxurycamp.com\/es\/#\/schema\/logo\/image\/\",\"url\":\"https:\/\/saharatoursluxurycamp.com\/es\/wp-content\/uploads\/2023\/03\/logo.png\",\"contentUrl\":\"https:\/\/saharatoursluxurycamp.com\/es\/wp-content\/uploads\/2023\/03\/logo.png\",\"width\":768,\"height\":284,\"caption\":\"Sahara Tours Luxury Camp\"},\"image\":{\"@id\":\"https:\/\/saharatoursluxurycamp.com\/es\/#\/schema\/logo\/image\/\"}}]}<\/script>\n<!-- \/ Yoast SEO Premium plugin. -->","yoast_head_json":{"title":"6 D\u00edas desde Casablanca Marruecos Ciudades Imperiales","description":"Descubre las ciudades imperiales de Marruecos en un tour de 6 d\u00edas desde Casablanca, sumergi\u00e9ndote en su cultura, historia y belleza...","robots":{"index":"index","follow":"follow","max-snippet":"max-snippet:-1","max-image-preview":"max-image-preview:large","max-video-preview":"max-video-preview:-1"},"canonical":"https:\/\/saharatoursluxurycamp.com\/es\/6-dias-desde-casablanca-marruecos-ciudades-imperiales\/","og_locale":"es_ES","og_type":"article","og_title":"6 D\u00edas desde Casablanca Marruecos Ciudades Imperiales","og_description":"Descubre las ciudades imperiales de Marruecos en un tour de 6 d\u00edas desde Casablanca, sumergi\u00e9ndote en su cultura, historia y belleza...","og_url":"https:\/\/saharatoursluxurycamp.com\/es\/6-dias-desde-casablanca-marruecos-ciudades-imperiales\/","og_site_name":"Sahara Tours Luxury Camp","article_modified_time":"2023-05-03T01:09:43+00:00","og_image":[{"width":1280,"height":853,"url":"https:\/\/saharatoursluxurycamp.com\/es\/wp-content\/uploads\/2023\/05\/casablanca-g81336eec8_1280.jpg","type":"image\/jpeg"}],"twitter_card":"summary_large_image","twitter_misc":{"Tiempo de lectura":"2 minutos"},"schema":{"@context":"https:\/\/schema.org","@graph":[{"@type":"WebPage","@id":"https:\/\/saharatoursluxurycamp.com\/es\/6-dias-desde-casablanca-marruecos-ciudades-imperiales\/","url":"https:\/\/saharatoursluxurycamp.com\/es\/6-dias-desde-casablanca-marruecos-ciudades-imperiales\/","name":"6 D\u00edas desde Casablanca Marruecos Ciudades Imperiales","isPartOf":{"@id":"https:\/\/saharatoursluxurycamp.com\/es\/#website"},"primaryImageOfPage":{"@id":"https:\/\/saharatoursluxurycamp.com\/es\/6-dias-desde-casablanca-marruecos-ciudades-imperiales\/#primaryimage"},"image":{"@id":"https:\/\/saharatoursluxurycamp.com\/es\/6-dias-desde-casablanca-marruecos-ciudades-imperiales\/#primaryimage"},"thumbnailUrl":"https:\/\/saharatoursluxurycamp.com\/es\/wp-content\/uploads\/2023\/05\/casablanca-g81336eec8_1280.jpg","datePublished":"2023-04-04T21:05:00+00:00","dateModified":"2023-05-03T01:09:43+00:00","description":"Descubre las ciudades imperiales de Marruecos en un tour de 6 d\u00edas desde Casablanca, sumergi\u00e9ndote en su cultura, historia y belleza...","breadcrumb":{"@id":"https:\/\/saharatoursluxurycamp.com\/es\/6-dias-desde-casablanca-marruecos-ciudades-imperiales\/#breadcrumb"},"inLanguage":"es","potentialAction":[{"@type":"ReadAction","target":["https:\/\/saharatoursluxurycamp.com\/es\/6-dias-desde-casablanca-marruecos-ciudades-imperiales\/"]}]},{"@type":"ImageObject","inLanguage":"es","@id":"https:\/\/saharatoursluxurycamp.com\/es\/6-dias-desde-casablanca-marruecos-ciudades-imperiales\/#primaryimage","url":"https:\/\/saharatoursluxurycamp.com\/es\/wp-content\/uploads\/2023\/05\/casablanca-g81336eec8_1280.jpg","contentUrl":"https:\/\/saharatoursluxurycamp.com\/es\/wp-content\/uploads\/2023\/05\/casablanca-g81336eec8_1280.jpg","width":1280,"height":853,"caption":"6 D\u00edas desde Casablanca, 7 d\u00edas desde Casablanca"},{"@type":"BreadcrumbList","@id":"https:\/\/saharatoursluxurycamp.com\/es\/6-dias-desde-casablanca-marruecos-ciudades-imperiales\/#breadcrumb","itemListElement":[{"@type":"ListItem","position":1,"name":"Home","item":"https:\/\/saharatoursluxurycamp.com\/es\/"},{"@type":"ListItem","position":2,"name":"6 D\u00edas desde Casablanca Marruecos Ciudades Imperiales"}]},{"@type":"WebSite","@id":"https:\/\/saharatoursluxurycamp.com\/es\/#website","url":"https:\/\/saharatoursluxurycamp.com\/es\/","name":"Sahara Tours Luxury Camp","description":"Morocco Desert Tours - Tours &amp; Excursions in Morocco","publisher":{"@id":"https:\/\/saharatoursluxurycamp.com\/es\/#organization"},"potentialAction":[{"@type":"SearchAction","target":{"@type":"EntryPoint","urlTemplate":"https:\/\/saharatoursluxurycamp.com\/es\/?s={search_term_string}"},"query-input":"required name=search_term_string"}],"inLanguage":"es"},{"@type":"Organization","@id":"https:\/\/saharatoursluxurycamp.com\/es\/#organization","name":"Sahara Tours Luxury Camp","url":"https:\/\/saharatoursluxurycamp.com\/es\/","logo":{"@type":"ImageObject","inLanguage":"es","@id":"https:\/\/saharatoursluxurycamp.com\/es\/#\/schema\/logo\/image\/","url":"https:\/\/saharatoursluxurycamp.com\/es\/wp-content\/uploads\/2023\/03\/logo.png","contentUrl":"https:\/\/saharatoursluxurycamp.com\/es\/wp-content\/uploads\/2023\/03\/logo.png","width":768,"height":284,"caption":"Sahara Tours Luxury Camp"},"image":{"@id":"https:\/\/saharatoursluxurycamp.com\/es\/#\/schema\/logo\/image\/"}}]}},"_links":{"self":[{"href":"https:\/\/saharatoursluxurycamp.com\/es\/wp-json\/wp\/v2\/pages\/147","targetHints":{"allow":["GET"]}}],"collection":[{"href":"https:\/\/saharatoursluxurycamp.com\/es\/wp-json\/wp\/v2\/pages"}],"about":[{"href":"https:\/\/saharatoursluxurycamp.com\/es\/wp-json\/wp\/v2\/types\/page"}],"author":[{"embeddable":true,"href":"https:\/\/saharatoursluxurycamp.com\/es\/wp-json\/wp\/v2\/users\/1"}],"replies":[{"embeddable":true,"href":"https:\/\/saharatoursluxurycamp.com\/es\/wp-json\/wp\/v2\/comments?post=147"}],"version-history":[{"count":8,"href":"https:\/\/saharatoursluxurycamp.com\/es\/wp-json\/wp\/v2\/pages\/147\/revisions"}],"predecessor-version":[{"id":686,"href":"https:\/\/saharatoursluxurycamp.com\/es\/wp-json\/wp\/v2\/pages\/147\/revisions\/686"}],"wp:featuredmedia":[{"embeddable":true,"href":"https:\/\/saharatoursluxurycamp.com\/es\/wp-json\/wp\/v2\/media\/685"}],"wp:attachment":[{"href":"https:\/\/saharatoursluxurycamp.com\/es\/wp-json\/wp\/v2\/media?parent=147"}],"curies":[{"name":"wp","href":"https:\/\/api.w.org\/{rel}","templated":true}]}}