{"id":137,"date":"2023-04-04T20:53:27","date_gmt":"2023-04-04T20:53:27","guid":{"rendered":"https:\/\/saharatoursluxurycamp.com\/es\/?page_id=137"},"modified":"2023-05-03T17:15:42","modified_gmt":"2023-05-03T17:15:42","slug":"ruta-de-3-dias-desde-marrakech-al-desierto-de-merzouga","status":"publish","type":"page","link":"https:\/\/saharatoursluxurycamp.com\/es\/ruta-de-3-dias-desde-marrakech-al-desierto-de-merzouga\/","title":{"rendered":"Ruta de 3 D\u00edas desde Marrakech al Desierto de Merzouga"},"content":{"rendered":"<section class=\"av_textblock_section av-av_textblock-396ddf1f42196ca838231e61a4602801\">\n<div class=\"avia_textblock\">\n<h4>D\u00eda 1: Marrakech &#8211; Alto Atlas &#8211; Ait Ben Haddou &#8211; Ouarzazate &#8211; Gargantas del Dades<\/h4>\n<p><em>Salida desde Marrakech:<\/em> Iniciaremos nuestra aventura de tres d\u00edas en Marrakech, donde nos reuniremos con nuestro gu\u00eda tur\u00edstico y conductor en un punto de encuentro previamente acordado. Desde all\u00ed, tomaremos una c\u00f3moda 4&#215;4 o minib\u00fas para comenzar nuestro viaje.<\/p>\n<p><em>Alto Atlas y Tizi-n-Tichka:<\/em> Cruzaremos las monta\u00f1as del Alto Atlas y pasaremos por el puerto de Tizi-n-Tichka, el paso m\u00e1s alto en el Atlas, situado a 2.260 metros de altitud. Aqu\u00ed disfrutaremos de vistas panor\u00e1micas y haremos una breve parada para tomar fotograf\u00edas.<\/p>\n<p><em>Ait Ben Haddou:<\/em> Visitaremos la famosa Kasbah de Ait Ben Haddou, declarada Patrimonio de la Humanidad por la UNESCO. Esta antigua fortaleza es conocida por ser escenario de pel\u00edculas y series de televisi\u00f3n como \u00abGladiator\u00bb y \u00abJuego de Tronos\u00bb.<\/p>\n<p><em>Ouarzazate:<\/em> Haremos una parada en la ciudad de Ouarzazate, conocida como la \u00abPuerta del Desierto\u00bb y famosa por sus estudios de cine y su arquitectura de adobe.<\/p>\n<p><em>Gargantas del Dades:<\/em> Continuaremos nuestro viaje hacia las Gargantas del Dades, donde pasaremos la noche en un hotel con vistas a las impresionantes formaciones rocosas.<\/p>\n<h4>D\u00eda 2: Gargantas del Dades &#8211; Gargantas del Todra &#8211; Erfoud &#8211; Merzouga<\/h4>\n<p><em>Gargantas del Todra:<\/em> Despu\u00e9s del desayuno, nos dirigiremos a las Gargantas del Todra, conocidas por sus imponentes paredes de roca y su r\u00edo cristalino. Tendremos tiempo para explorar la zona y hacer algunas fotos antes de continuar nuestro viaje.<\/p>\n<p><em>Erfoud y Rissani:<\/em> Pasaremos por las ciudades de Erfoud y Rissani, famosas por sus mercados y f\u00f3siles. Aqu\u00ed, podr\u00e1s comprar souvenirs o simplemente disfrutar del ambiente local.<\/p>\n<p><em>Merzouga y paseo en <a href=\"https:\/\/saharatoursluxurycamp.com\/es\/excursiones-en-camello-por-el-desierto-de-merzouga\/\">camello<\/a>:<\/em> Llegaremos a Merzouga por la tarde, donde nos encontraremos con nuestro equipo de camellos para comenzar la excursi\u00f3n al desierto. Tras aproximadamente una hora y media de paseo en camello, llegaremos a nuestro campamento bereber, donde disfrutaremos de una cena tradicional y pasaremos la noche bajo las estrellas en una haima.<\/p>\n<h4>D\u00eda 3: Merzouga &#8211; Valle del Draa &#8211; Ouarzazate &#8211; <a href=\"https:\/\/saharatoursluxurycamp.com\/es\/excursion-de-un-dia-al-desierto-de-agafay-desde-marrakech\/\">Marrakech<\/a><\/h4>\n<p><em>Salida del campamento:<\/em> Nos despertaremos temprano para disfrutar de la salida del sol en el desierto y, tras un desayuno t\u00edpico, iniciaremos nuestro regreso a Marrakech.<\/p>\n<p><em>Valle del Draa:<\/em> Pasaremos por el pintoresco Valle del Draa, conocido por sus extensos palmerales y antiguos ksars. Haremos una parada en el pueblo de Agdez para estirar las piernas y disfrutar de un poco de tiempo libre.<\/p>\n<\/div>\n<\/section>\n","protected":false},"excerpt":{"rendered":"<p>D\u00eda 1: Marrakech &#8211; Alto Atlas &#8211; Ait Ben Haddou &#8211; Ouarzazate &#8211; Gargantas del Dades Salida desde Marrakech: Iniciaremos nuestra aventura de tres d\u00edas en Marrakech, donde nos reuniremos con nuestro gu\u00eda tur\u00edstico y conductor en un punto de encuentro previamente acordado. Desde all\u00ed, tomaremos una c\u00f3moda 4&#215;4 o minib\u00fas para comenzar nuestro viaje. [&hellip;]<\/p>\n","protected":false},"author":1,"featured_media":718,"parent":0,"menu_order":0,"comment_status":"closed","ping_status":"closed","template":"","meta":{"footnotes":""},"class_list":["post-137","page","type-page","status-publish","has-post-thumbnail","hentry"],"yoast_head":"<!-- This site is optimized with the Yoast SEO Premium plugin v19.0 (Yoast SEO v22.7) - https:\/\/yoast.com\/wordpress\/plugins\/seo\/ -->\n<title>Ruta de 3 D\u00edas desde Marrakech al Desierto de Merzouga<\/title>\n<meta name=\"description\" content=\"Un viaje de tRuta de 3 D\u00edas desde Marrakech al Desierto de Merzouga, con vistas panor\u00e1micas, alojamiento en el desierto y un paseo en camello.\" \/>\n<meta name=\"robots\" content=\"index, follow, max-snippet:-1, max-image-preview:large, max-video-preview:-1\" \/>\n<link rel=\"canonical\" href=\"https:\/\/saharatoursluxurycamp.com\/es\/ruta-de-3-dias-desde-marrakech-al-desierto-de-merzouga\/\" \/>\n<meta property=\"og:locale\" content=\"es_ES\" \/>\n<meta property=\"og:type\" content=\"article\" \/>\n<meta property=\"og:title\" content=\"Ruta de 3 D\u00edas desde Marrakech al Desierto de Merzouga\" \/>\n<meta property=\"og:description\" content=\"Un viaje de tRuta de 3 D\u00edas desde Marrakech al Desierto de Merzouga, con vistas panor\u00e1micas, alojamiento en el desierto y un paseo en camello.\" \/>\n<meta property=\"og:url\" content=\"https:\/\/saharatoursluxurycamp.com\/es\/ruta-de-3-dias-desde-marrakech-al-desierto-de-merzouga\/\" \/>\n<meta property=\"og:site_name\" content=\"Sahara Tours Luxury Camp\" \/>\n<meta property=\"article:modified_time\" content=\"2023-05-03T17:15:42+00:00\" \/>\n<meta property=\"og:image\" content=\"https:\/\/saharatoursluxurycamp.com\/es\/wp-content\/uploads\/2023\/05\/max-brown-yPbHMWJTTOU-unsplash.jpg\" \/>\n\t<meta property=\"og:image:width\" content=\"1920\" \/>\n\t<meta property=\"og:image:height\" content=\"1440\" \/>\n\t<meta property=\"og:image:type\" content=\"image\/jpeg\" \/>\n<meta name=\"twitter:card\" content=\"summary_large_image\" \/>\n<meta name=\"twitter:label1\" content=\"Tiempo de lectura\" \/>\n\t<meta name=\"twitter:data1\" content=\"2 minutos\" \/>\n<script type=\"application\/ld+json\" class=\"yoast-schema-graph\">{\"@context\":\"https:\/\/schema.org\",\"@graph\":[{\"@type\":\"WebPage\",\"@id\":\"https:\/\/saharatoursluxurycamp.com\/es\/ruta-de-3-dias-desde-marrakech-al-desierto-de-merzouga\/\",\"url\":\"https:\/\/saharatoursluxurycamp.com\/es\/ruta-de-3-dias-desde-marrakech-al-desierto-de-merzouga\/\",\"name\":\"Ruta de 3 D\u00edas desde Marrakech al Desierto de Merzouga\",\"isPartOf\":{\"@id\":\"https:\/\/saharatoursluxurycamp.com\/es\/#website\"},\"primaryImageOfPage\":{\"@id\":\"https:\/\/saharatoursluxurycamp.com\/es\/ruta-de-3-dias-desde-marrakech-al-desierto-de-merzouga\/#primaryimage\"},\"image\":{\"@id\":\"https:\/\/saharatoursluxurycamp.com\/es\/ruta-de-3-dias-desde-marrakech-al-desierto-de-merzouga\/#primaryimage\"},\"thumbnailUrl\":\"https:\/\/saharatoursluxurycamp.com\/es\/wp-content\/uploads\/2023\/05\/max-brown-yPbHMWJTTOU-unsplash.jpg\",\"datePublished\":\"2023-04-04T20:53:27+00:00\",\"dateModified\":\"2023-05-03T17:15:42+00:00\",\"description\":\"Un viaje de tRuta de 3 D\u00edas desde Marrakech al Desierto de Merzouga, con vistas panor\u00e1micas, alojamiento en el desierto y un paseo en camello.\",\"breadcrumb\":{\"@id\":\"https:\/\/saharatoursluxurycamp.com\/es\/ruta-de-3-dias-desde-marrakech-al-desierto-de-merzouga\/#breadcrumb\"},\"inLanguage\":\"es\",\"potentialAction\":[{\"@type\":\"ReadAction\",\"target\":[\"https:\/\/saharatoursluxurycamp.com\/es\/ruta-de-3-dias-desde-marrakech-al-desierto-de-merzouga\/\"]}]},{\"@type\":\"ImageObject\",\"inLanguage\":\"es\",\"@id\":\"https:\/\/saharatoursluxurycamp.com\/es\/ruta-de-3-dias-desde-marrakech-al-desierto-de-merzouga\/#primaryimage\",\"url\":\"https:\/\/saharatoursluxurycamp.com\/es\/wp-content\/uploads\/2023\/05\/max-brown-yPbHMWJTTOU-unsplash.jpg\",\"contentUrl\":\"https:\/\/saharatoursluxurycamp.com\/es\/wp-content\/uploads\/2023\/05\/max-brown-yPbHMWJTTOU-unsplash.jpg\",\"width\":1920,\"height\":1440,\"caption\":\"Ruta de 3 D\u00edas desde Marrakech\"},{\"@type\":\"BreadcrumbList\",\"@id\":\"https:\/\/saharatoursluxurycamp.com\/es\/ruta-de-3-dias-desde-marrakech-al-desierto-de-merzouga\/#breadcrumb\",\"itemListElement\":[{\"@type\":\"ListItem\",\"position\":1,\"name\":\"Home\",\"item\":\"https:\/\/saharatoursluxurycamp.com\/es\/\"},{\"@type\":\"ListItem\",\"position\":2,\"name\":\"Ruta de 3 D\u00edas desde Marrakech al Desierto de Merzouga\"}]},{\"@type\":\"WebSite\",\"@id\":\"https:\/\/saharatoursluxurycamp.com\/es\/#website\",\"url\":\"https:\/\/saharatoursluxurycamp.com\/es\/\",\"name\":\"Sahara Tours Luxury Camp\",\"description\":\"Morocco Desert Tours - Tours &amp; Excursions in Morocco\",\"publisher\":{\"@id\":\"https:\/\/saharatoursluxurycamp.com\/es\/#organization\"},\"potentialAction\":[{\"@type\":\"SearchAction\",\"target\":{\"@type\":\"EntryPoint\",\"urlTemplate\":\"https:\/\/saharatoursluxurycamp.com\/es\/?s={search_term_string}\"},\"query-input\":\"required name=search_term_string\"}],\"inLanguage\":\"es\"},{\"@type\":\"Organization\",\"@id\":\"https:\/\/saharatoursluxurycamp.com\/es\/#organization\",\"name\":\"Sahara Tours Luxury Camp\",\"url\":\"https:\/\/saharatoursluxurycamp.com\/es\/\",\"logo\":{\"@type\":\"ImageObject\",\"inLanguage\":\"es\",\"@id\":\"https:\/\/saharatoursluxurycamp.com\/es\/#\/schema\/logo\/image\/\",\"url\":\"https:\/\/saharatoursluxurycamp.com\/es\/wp-content\/uploads\/2023\/03\/logo.png\",\"contentUrl\":\"https:\/\/saharatoursluxurycamp.com\/es\/wp-content\/uploads\/2023\/03\/logo.png\",\"width\":768,\"height\":284,\"caption\":\"Sahara Tours Luxury Camp\"},\"image\":{\"@id\":\"https:\/\/saharatoursluxurycamp.com\/es\/#\/schema\/logo\/image\/\"}}]}<\/script>\n<!-- \/ Yoast SEO Premium plugin. -->","yoast_head_json":{"title":"Ruta de 3 D\u00edas desde Marrakech al Desierto de Merzouga","description":"Un viaje de tRuta de 3 D\u00edas desde Marrakech al Desierto de Merzouga, con vistas panor\u00e1micas, alojamiento en el desierto y un paseo en camello.","robots":{"index":"index","follow":"follow","max-snippet":"max-snippet:-1","max-image-preview":"max-image-preview:large","max-video-preview":"max-video-preview:-1"},"canonical":"https:\/\/saharatoursluxurycamp.com\/es\/ruta-de-3-dias-desde-marrakech-al-desierto-de-merzouga\/","og_locale":"es_ES","og_type":"article","og_title":"Ruta de 3 D\u00edas desde Marrakech al Desierto de Merzouga","og_description":"Un viaje de tRuta de 3 D\u00edas desde Marrakech al Desierto de Merzouga, con vistas panor\u00e1micas, alojamiento en el desierto y un paseo en camello.","og_url":"https:\/\/saharatoursluxurycamp.com\/es\/ruta-de-3-dias-desde-marrakech-al-desierto-de-merzouga\/","og_site_name":"Sahara Tours Luxury Camp","article_modified_time":"2023-05-03T17:15:42+00:00","og_image":[{"width":1920,"height":1440,"url":"https:\/\/saharatoursluxurycamp.com\/es\/wp-content\/uploads\/2023\/05\/max-brown-yPbHMWJTTOU-unsplash.jpg","type":"image\/jpeg"}],"twitter_card":"summary_large_image","twitter_misc":{"Tiempo de lectura":"2 minutos"},"schema":{"@context":"https:\/\/schema.org","@graph":[{"@type":"WebPage","@id":"https:\/\/saharatoursluxurycamp.com\/es\/ruta-de-3-dias-desde-marrakech-al-desierto-de-merzouga\/","url":"https:\/\/saharatoursluxurycamp.com\/es\/ruta-de-3-dias-desde-marrakech-al-desierto-de-merzouga\/","name":"Ruta de 3 D\u00edas desde Marrakech al Desierto de Merzouga","isPartOf":{"@id":"https:\/\/saharatoursluxurycamp.com\/es\/#website"},"primaryImageOfPage":{"@id":"https:\/\/saharatoursluxurycamp.com\/es\/ruta-de-3-dias-desde-marrakech-al-desierto-de-merzouga\/#primaryimage"},"image":{"@id":"https:\/\/saharatoursluxurycamp.com\/es\/ruta-de-3-dias-desde-marrakech-al-desierto-de-merzouga\/#primaryimage"},"thumbnailUrl":"https:\/\/saharatoursluxurycamp.com\/es\/wp-content\/uploads\/2023\/05\/max-brown-yPbHMWJTTOU-unsplash.jpg","datePublished":"2023-04-04T20:53:27+00:00","dateModified":"2023-05-03T17:15:42+00:00","description":"Un viaje de tRuta de 3 D\u00edas desde Marrakech al Desierto de Merzouga, con vistas panor\u00e1micas, alojamiento en el desierto y un paseo en camello.","breadcrumb":{"@id":"https:\/\/saharatoursluxurycamp.com\/es\/ruta-de-3-dias-desde-marrakech-al-desierto-de-merzouga\/#breadcrumb"},"inLanguage":"es","potentialAction":[{"@type":"ReadAction","target":["https:\/\/saharatoursluxurycamp.com\/es\/ruta-de-3-dias-desde-marrakech-al-desierto-de-merzouga\/"]}]},{"@type":"ImageObject","inLanguage":"es","@id":"https:\/\/saharatoursluxurycamp.com\/es\/ruta-de-3-dias-desde-marrakech-al-desierto-de-merzouga\/#primaryimage","url":"https:\/\/saharatoursluxurycamp.com\/es\/wp-content\/uploads\/2023\/05\/max-brown-yPbHMWJTTOU-unsplash.jpg","contentUrl":"https:\/\/saharatoursluxurycamp.com\/es\/wp-content\/uploads\/2023\/05\/max-brown-yPbHMWJTTOU-unsplash.jpg","width":1920,"height":1440,"caption":"Ruta de 3 D\u00edas desde Marrakech"},{"@type":"BreadcrumbList","@id":"https:\/\/saharatoursluxurycamp.com\/es\/ruta-de-3-dias-desde-marrakech-al-desierto-de-merzouga\/#breadcrumb","itemListElement":[{"@type":"ListItem","position":1,"name":"Home","item":"https:\/\/saharatoursluxurycamp.com\/es\/"},{"@type":"ListItem","position":2,"name":"Ruta de 3 D\u00edas desde Marrakech al Desierto de Merzouga"}]},{"@type":"WebSite","@id":"https:\/\/saharatoursluxurycamp.com\/es\/#website","url":"https:\/\/saharatoursluxurycamp.com\/es\/","name":"Sahara Tours Luxury Camp","description":"Morocco Desert Tours - Tours &amp; Excursions in Morocco","publisher":{"@id":"https:\/\/saharatoursluxurycamp.com\/es\/#organization"},"potentialAction":[{"@type":"SearchAction","target":{"@type":"EntryPoint","urlTemplate":"https:\/\/saharatoursluxurycamp.com\/es\/?s={search_term_string}"},"query-input":"required name=search_term_string"}],"inLanguage":"es"},{"@type":"Organization","@id":"https:\/\/saharatoursluxurycamp.com\/es\/#organization","name":"Sahara Tours Luxury Camp","url":"https:\/\/saharatoursluxurycamp.com\/es\/","logo":{"@type":"ImageObject","inLanguage":"es","@id":"https:\/\/saharatoursluxurycamp.com\/es\/#\/schema\/logo\/image\/","url":"https:\/\/saharatoursluxurycamp.com\/es\/wp-content\/uploads\/2023\/03\/logo.png","contentUrl":"https:\/\/saharatoursluxurycamp.com\/es\/wp-content\/uploads\/2023\/03\/logo.png","width":768,"height":284,"caption":"Sahara Tours Luxury Camp"},"image":{"@id":"https:\/\/saharatoursluxurycamp.com\/es\/#\/schema\/logo\/image\/"}}]}},"_links":{"self":[{"href":"https:\/\/saharatoursluxurycamp.com\/es\/wp-json\/wp\/v2\/pages\/137","targetHints":{"allow":["GET"]}}],"collection":[{"href":"https:\/\/saharatoursluxurycamp.com\/es\/wp-json\/wp\/v2\/pages"}],"about":[{"href":"https:\/\/saharatoursluxurycamp.com\/es\/wp-json\/wp\/v2\/types\/page"}],"author":[{"embeddable":true,"href":"https:\/\/saharatoursluxurycamp.com\/es\/wp-json\/wp\/v2\/users\/1"}],"replies":[{"embeddable":true,"href":"https:\/\/saharatoursluxurycamp.com\/es\/wp-json\/wp\/v2\/comments?post=137"}],"version-history":[{"count":7,"href":"https:\/\/saharatoursluxurycamp.com\/es\/wp-json\/wp\/v2\/pages\/137\/revisions"}],"predecessor-version":[{"id":719,"href":"https:\/\/saharatoursluxurycamp.com\/es\/wp-json\/wp\/v2\/pages\/137\/revisions\/719"}],"wp:featuredmedia":[{"embeddable":true,"href":"https:\/\/saharatoursluxurycamp.com\/es\/wp-json\/wp\/v2\/media\/718"}],"wp:attachment":[{"href":"https:\/\/saharatoursluxurycamp.com\/es\/wp-json\/wp\/v2\/media?parent=137"}],"curies":[{"name":"wp","href":"https:\/\/api.w.org\/{rel}","templated":true}]}}